{"id":7442,"date":"2020-04-22T17:52:18","date_gmt":"2020-04-22T17:52:18","guid":{"rendered":"https:\/\/www.mulch.ro\/transport-si-incasare\/"},"modified":"2021-02-23T10:34:54","modified_gmt":"2021-02-23T10:34:54","slug":"transport-und-einzug","status":"publish","type":"page","link":"https:\/\/www.mulch.ro\/de\/transport-und-einzug\/","title":{"rendered":"Transport und Einzug"},"content":{"rendered":"<p>[vc_row][vc_column][vc_column_text]<\/p>\n<h3><span style=\"font-size: 18px;\">Die Lieferung der Bestellungen erfolgt mit folgenden Kurierunternehmen:<\/span><\/h3>\n<p><em><strong>1. Fan Courier<\/strong><\/em> wenn:<\/p>\n<ul>\n<li>Die Zahlung wird unabh\u00e4ngig vom Gewicht zur\u00fcckerstattet<\/li>\n<li>Unabh\u00e4ngig von der Zahlungsmethode und das Paket wiegt weniger als 100 kg<\/li>\n<\/ul>\n<p>&nbsp;<\/p>\n<p><em><strong>2. Gebruder Weiss<\/strong><\/em> wenn:<\/p>\n<ul>\n<li>erfordert eine manuelle Best\u00e4tigung der Transportkosten in Abh\u00e4ngigkeit von Gewicht und Bestimmungsort<\/li>\n<li>Die Zahlung erfolgte online oder per OP und das Paket \u00fcberschreitet 100 kg bis 1000 kg<\/li>\n<\/ul>\n<p>&nbsp;<\/p>\n<p><span style=\"color: #ff0000;\"><strong>Die Transportkosten betragen 22 Lei f\u00fcr das erste kg, die Kosten erh\u00f6hen sich mit dem Preis von 1,3 Lei pro kg.<\/strong><\/span><\/p>\n<h3><span style=\"font-size: 18px;\">Die Einziehung der Bestellungen erfolgt wie folgt:<\/span><\/h3>\n<p>1. Die Online-Einziehung gilt f\u00fcr alle Arten von Paketen nach der automatischen Berechnung der Transportkosten durch den Fan-Kurier<\/p>\n<p>2. Die Einziehung mit Zahlungsauftrag (PO) gilt f\u00fcr gr\u00f6\u00dfere Pakete, die die Zahlungsrechnung ausgestellt haben<\/p>\n<p>3. Die Nachnahme gilt f\u00fcr Pakete bis 100 kg, die telefonisch best\u00e4tigt wurden<\/p>\n<p>&nbsp;<\/p>\n<h5 style=\"text-align: center;\"><strong>Alle Bestellungen werden vor dem Laden telefonisch oder per E-Mail best\u00e4tigt<\/strong><\/h5>\n<p>[\/vc_column_text][\/vc_column][\/vc_row]<\/p>\n","protected":false},"excerpt":{"rendered":"<p>[vc_row][vc_column][vc_column_text] Die Lieferung der Bestellungen erfolgt mit folgenden Kurierunternehmen: 1. Fan Courier wenn: Die Zahlung wird unabh\u00e4ngig vom Gewicht zur\u00fcckerstattet Unabh\u00e4ngig von der Zahlungsmethode und das Paket wiegt weniger als 100 kg &nbsp; 2. Gebruder Weiss wenn: erfordert eine manuelle Best\u00e4tigung der Transportkosten in Abh\u00e4ngigkeit von Gewicht und Bestimmungsort Die Zahlung erfolgte online oder per [&hellip;]<\/p>\n","protected":false},"author":1,"featured_media":0,"parent":0,"menu_order":0,"comment_status":"closed","ping_status":"closed","template":"","meta":[],"aioseo_notices":[],"_links":{"self":[{"href":"https:\/\/www.mulch.ro\/de\/wp-json\/wp\/v2\/pages\/7442"}],"collection":[{"href":"https:\/\/www.mulch.ro\/de\/wp-json\/wp\/v2\/pages"}],"about":[{"href":"https:\/\/www.mulch.ro\/de\/wp-json\/wp\/v2\/types\/page"}],"author":[{"embeddable":true,"href":"https:\/\/www.mulch.ro\/de\/wp-json\/wp\/v2\/users\/1"}],"replies":[{"embeddable":true,"href":"https:\/\/www.mulch.ro\/de\/wp-json\/wp\/v2\/comments?post=7442"}],"version-history":[{"count":2,"href":"https:\/\/www.mulch.ro\/de\/wp-json\/wp\/v2\/pages\/7442\/revisions"}],"predecessor-version":[{"id":7444,"href":"https:\/\/www.mulch.ro\/de\/wp-json\/wp\/v2\/pages\/7442\/revisions\/7444"}],"wp:attachment":[{"href":"https:\/\/www.mulch.ro\/de\/wp-json\/wp\/v2\/media?parent=7442"}],"curies":[{"name":"wp","href":"https:\/\/api.w.org\/{rel}","templated":true}]}}