{"id":7456,"date":"2020-04-22T17:52:57","date_gmt":"2020-04-22T17:52:57","guid":{"rendered":"https:\/\/www.mulch.ro\/politica-de-retur\/"},"modified":"2021-02-23T14:52:34","modified_gmt":"2021-02-23T14:52:34","slug":"ruecknahmerichtlinie","status":"publish","type":"page","link":"https:\/\/www.mulch.ro\/de\/ruecknahmerichtlinie\/","title":{"rendered":"R\u00fccknahmerichtlinie"},"content":{"rendered":"<p>[vc_section][vc_row][vc_column width=&#8221;1\/2&#8243;][vc_column_text]<b>Befolgen Sie die nachstehenden Schritte, um Produkte zur\u00fcckzugeben:<\/b><\/p>\n<ol>\n<li style=\"font-weight: 400;\" aria-level=\"1\"><span style=\"font-weight: 400;\">Lesen Sie die nachstehenden Bedingungen, unter denen die Produkte zur\u00fcckgegeben werden k\u00f6nnen.<\/span><\/li>\n<li style=\"font-weight: 400;\" aria-level=\"1\"><span style=\"font-weight: 400;\">\u00a0F\u00fcllen Sie das <\/span><b>R\u00fccksendeformular<\/b><span style=\"font-weight: 400;\"> aus und warten Sie, bis Sie von unseren Kollegen kontaktiert werden.<\/span><\/li>\n<li style=\"font-weight: 400;\" aria-level=\"1\"><span style=\"font-weight: 400;\">Wenn Sie eine Best\u00e4tigung erhalten haben, dass Sie die R\u00fcckgabebedingungen erf\u00fcllen, senden Sie die Produkte bitte \u00fcber ein Kurierunternehmen <\/span><b>kostenlos<\/b><span style=\"font-weight: 400;\"> an die von unseren Kollegen als Antwort angegebene Adresse.<\/span><\/li>\n<li style=\"font-weight: 400;\" aria-level=\"1\"><span style=\"font-weight: 400;\">Nachdem die Produkte bei uns angekommen und \u00fcberpr\u00fcft wurden, werden Sie bez\u00fcglich der Entwicklung und des Abschlusses dieses Verfahrens kontaktiert.<\/span><\/li>\n<\/ol>\n<p><span style=\"font-weight: 400;\">\u00a0<\/span><\/p>\n<p><b>Gesch\u00e4ftsbedingungen<\/b><\/p>\n<p><span style=\"font-weight: 400;\">Die R\u00fccksendung der Produkte wird gem\u00e4\u00df den nachstehend genannten Bedingungen akzeptiert und entspricht den Bestimmungen Dringlichkeitsverordnung Nr. 34\/2014 in Bezug auf die Verbraucherrechte in den mit den Fachleuten geschlossenen Vertr\u00e4gen, sowie f\u00fcr die \u00c4nderung und Vervollst\u00e4ndigung von einige normative Handlungen. Die Produkte, die Gegenstand von online abgeschlossenen Bestellungen sind, k\u00f6nnen ohne Angabe von Gr\u00fcnden innerhalb von 14 Tagen ab dem Datum ihres Eingangs zur\u00fcckgegeben werden; vor Ablauf der Widerrufsfrist hat der Verbraucher das Recht, von diesem Vertrag zur\u00fcckzutreten, ohne die Widerrufsentscheidung begr\u00fcnden zu m\u00fcssen und ohne andere Kosten als die in Art. 13 Abs. 3 und Art. 14 der Dringlichkeitsverordnung Nr. 34\/2014, innerhalb von 14 Kalendertagen ab dem Tag, an dem es in den physischen Besitz des Produkts gelangt.<\/span><\/p>\n<p><b>Bei juristischen Personen (sie haben nicht die Qualit\u00e4t des Verbrauchers) behalten wir uns das Recht vor, die R\u00fccksendung der Produkte und die Konstitution ihres Gegenwertes als Warenvorschuss f\u00fcr zuk\u00fcnftige Bestellungen zu akzeptieren oder die R\u00fcckgabeanforderung nicht zu bearbeiten.<\/b><\/p>\n<p><b>Die R\u00fccksendekosten tr\u00e4gt der Verbraucher.<\/b><span style=\"font-weight: 400;\"> Wir empfehlen, die Originalverpackung aufzubewahren, um die Unversehrtheit der Produkte zu sch\u00fctzen.<\/span><\/p>\n<p><span style=\"font-weight: 400;\">Das zur\u00fcckgegebene Produkt muss sich in dem Zustand befinden, in dem es geliefert wurde. Der Verbraucher ist nur f\u00fcr die Wertminderung der Produkte verantwortlich, die sich aus ihrer Handhabung ergibt, anders als es gem\u00e4\u00df Art. 3 erforderlich ist, um ihre Art, Eigenschaften und Funktion zu bestimmen, gem\u00e4\u00df Art. Abs.3 der Dringlichkeitsverordnung Nr. 34\/2014&lt;\/i&gt; &lt;b&gt;3 von GEO 34\/2014.<\/span><\/p>\n<p><span style=\"font-weight: 400;\">Der Verk\u00e4ufer erstattet den Wert des Produkts innerhalb von maximal 14 (vierzehn) Kalendertagen ab dem Datum der Information des Verbrauchers \u00fcber seine Entscheidung, vom Vertrag zur\u00fcckzutreten und die R\u00fccksendung anzunehmen. Der Verk\u00e4ufer kann die R\u00fcckerstattung des Wertes des Produkts bis zum Erhalt des verkauften Produkts oder bis zum Erhalt des Versandnachweises verschieben, wenn der Verk\u00e4ufer nicht angeboten hat, das Produkt selbst zur\u00fcckzugewinnen (das sp\u00e4teste Datum wird dies tun). Der Geldbetrag f\u00fcr die zur\u00fcckgegebenen Produkte wird nach \u00dcberpr\u00fcfung der Produkte zur\u00fcckerstattet, nachdem im gegenseitigen Einvernehmen die Methode der R\u00fcckerstattung oder gem\u00e4\u00df den gesetzlichen Verfahren festgelegt wurde.<\/span><\/p>\n<p><b>WICHTIG!<\/b><\/p>\n<p><span style=\"font-weight: 400;\">In F\u00e4llen, in denen die zur\u00fcckgegebenen Produkte besch\u00e4digt oder unvollst\u00e4ndig sind, Anzeichen von Verschlei\u00df, Kratzern, St\u00f6\u00dfen, Stromschl\u00e4gen, fehlendem Zubeh\u00f6r und fehlenden Garantiezertifikaten aufweisen, behalten wir uns das Recht vor, einen Betrag vom Wert des Produkts (Wert mit Mehrwertsteuer) einzubehalten, den Betrag, der nach der Beurteilung des verursachten Schadens mitgeteilt wird.<\/span><\/p>\n<p><span style=\"font-weight: 400;\">Wir behalten uns au\u00dferdem das Recht vor, die Annahme der R\u00fccksendung bei Missbrauch zu verweigern (wiederholte R\u00fccksendungen).<\/span><\/p>\n<p><span style=\"font-weight: 400;\">Der mit der R\u00fccksendung verbundene Betrag wird auf ein g\u00fcltiges Bankkonto (in Lei) zur\u00fcckerstattet, das im Namen des Rechnungsinhabers er\u00f6ffnet wurde.<\/span><\/p>\n<p><span style=\"font-weight: 400;\">Bitte \u00fcberpr\u00fcfen Sie die physische Unversehrtheit der Pakete, wenn Sie sie von Fan Courier oder Gebr\u00fcder Weiss erhalten in Anwesenheit des Kuriers, und fordern Sie einen Schadensbericht an, wenn die Produkte Anzeichen von Sch\u00e4den aufweisen. Eine sp\u00e4tere Beschwerde wird nicht ber\u00fccksichtigt.<\/span><\/p>\n<p><span style=\"font-weight: 400;\">Die \u00c4nderung der Rechnungsdaten von der nat\u00fcrlichen Person zur juristischen Person kann innerhalb von maximal 48 Stunden nach Besitz der Produkte beantragt werden. Die Abrechnungsfrist betr\u00e4gt bis zu 30 Werktage. Nur Rechnungen, deren Quittung vom Kurierunternehmen f\u00fcr die juristische Person ausgestellt wurde, k\u00f6nnen ge\u00e4ndert werden. In der Zentrale ausgestellte Rechnungen \u00e4ndern sich nicht.<\/span><\/p>\n<p><span style=\"font-weight: 400;\">Wenn den zur\u00fcckzugebenden Produkten Bonus beigef\u00fcgt sind, m\u00fcssen diese ebenfalls zur\u00fcckgegeben werden. <\/span><b>Wenn Sie mehrere Produkte derselben Art gekauft haben und alle zur\u00fcckgeben m\u00f6chten, stellen Sie sicher, dass nur eines entsiegelt wurde. Die R\u00fccksendung der anderen Produkte wird nur akzeptiert, wenn diese versiegelt sind.<\/b>[\/vc_column_text][\/vc_column][vc_column width=&#8221;1\/2&#8243;][vc_text_separator title=&#8221;R\u00dcCKGABEFORMULAR&#8221; title_align=&#8221;separator_align_left&#8221;][vc_column_text]<\/p>\n<p style=\"text-align: center;\"><div role=\"form\" class=\"wpcf7\" id=\"wpcf7-f7098-o1\" lang=\"ro-RO\" dir=\"ltr\">\n<div class=\"screen-reader-response\"><p role=\"status\" aria-live=\"polite\" aria-atomic=\"true\"><\/p> <ul><\/ul><\/div>\n<form action=\"\/de\/wp-json\/wp\/v2\/pages\/7456#wpcf7-f7098-o1\" method=\"post\" class=\"wpcf7-form init\" novalidate=\"novalidate\" data-status=\"init\">\n<div style=\"display: none;\">\n<input type=\"hidden\" name=\"_wpcf7\" value=\"7098\" \/>\n<input type=\"hidden\" name=\"_wpcf7_version\" value=\"5.6.4\" \/>\n<input type=\"hidden\" name=\"_wpcf7_locale\" value=\"ro_RO\" \/>\n<input type=\"hidden\" name=\"_wpcf7_unit_tag\" value=\"wpcf7-f7098-o1\" \/>\n<input type=\"hidden\" name=\"_wpcf7_container_post\" value=\"0\" \/>\n<input type=\"hidden\" name=\"_wpcf7_posted_data_hash\" value=\"\" \/>\n<input type=\"hidden\" name=\"_wpcf7_recaptcha_response\" value=\"\" \/>\n<\/div>\n<p><label> Nume*<br \/>\n    <span class=\"wpcf7-form-control-wrap\" data-name=\"your-name\"><input type=\"text\" name=\"your-name\" value=\"\" size=\"40\" class=\"wpcf7-form-control wpcf7-text wpcf7-validates-as-required\" aria-required=\"true\" aria-invalid=\"false\" \/><\/span> <\/label><\/p>\n<p><label> Email*<br \/>\n    <span class=\"wpcf7-form-control-wrap\" data-name=\"your-email\"><input type=\"email\" name=\"your-email\" value=\"\" size=\"40\" class=\"wpcf7-form-control wpcf7-text wpcf7-email wpcf7-validates-as-required wpcf7-validates-as-email\" aria-required=\"true\" aria-invalid=\"false\" \/><\/span> <\/label><\/p>\n<p><label> Telefon*<br \/>\n    <span class=\"wpcf7-form-control-wrap\" data-name=\"tel-515\"><input type=\"text\" name=\"tel-515\" value=\"\" size=\"40\" class=\"wpcf7-form-control wpcf7-text wpcf7-validates-as-required\" aria-required=\"true\" aria-invalid=\"false\" \/><\/span> <\/label><\/p>\n<p><label> Numar factura*<br \/>\n    <span class=\"wpcf7-form-control-wrap\" data-name=\"tel-516\"><input type=\"text\" name=\"tel-516\" value=\"\" size=\"40\" class=\"wpcf7-form-control wpcf7-text wpcf7-validates-as-required\" aria-required=\"true\" aria-invalid=\"false\" \/><\/span> <\/label><\/p>\n<p><label> Dorinta client*<br \/>\n<span class=\"wpcf7-form-control-wrap\" data-name=\"menu-826\"><select name=\"menu-826\" class=\"wpcf7-form-control wpcf7-select wpcf7-validates-as-required\" aria-required=\"true\" aria-invalid=\"false\"><option value=\"\">---<\/option><option value=\"Avans marfa pentru comenzi viitoare\">Avans marfa pentru comenzi viitoare<\/option><option value=\"Restituire suma achitata\">Restituire suma achitata<\/option><\/select><\/span><\/label><\/p>\n<p><label> Motiv retur*<br \/>\n<span class=\"wpcf7-form-control-wrap\" data-name=\"menu-554\"><select name=\"menu-554\" class=\"wpcf7-form-control wpcf7-select\" aria-invalid=\"false\"><option value=\"\">---<\/option><option value=\"Produsul difera fata de ce este pe site\">Produsul difera fata de ce este pe site<\/option><option value=\"Recomandare gresita\">Recomandare gresita<\/option><option value=\"Nu sunt multumit de produs\">Nu sunt multumit de produs<\/option><option value=\"Comanda gresita(am primit alt produs)\">Comanda gresita(am primit alt produs)<\/option><option value=\"Alt motiv(completez mai jos)\">Alt motiv(completez mai jos)<\/option><\/select><\/span><\/label><\/p>\n<p><label> Observatii (alt motiv)<br \/>\n    <span class=\"wpcf7-form-control-wrap\" data-name=\"your-message\"><textarea name=\"your-message\" cols=\"40\" rows=\"10\" class=\"wpcf7-form-control wpcf7-textarea\" aria-invalid=\"false\"><\/textarea><\/span> <\/label><\/p>\n<p><span class=\"wpcf7-form-control-wrap wpgdprc\"><span class=\"wpcf7-form-control wpcf7-validates-as-required wpcf7-wpgdprc\"><span class=\"wpcf7-list-item\"><input type=\"checkbox\" name=\"wpgdprc\" value=\"1\" aria-required=\"true\" aria-invalid=\"false\" \/><span class=\"wpcf7-list-item-label\">Am citit si sunt de acord cu termenii si conditiile de retur.<\/span><\/span><\/span>    <\/span><\/p>\n<p><input type=\"submit\" value=\"Trimite\" class=\"wpcf7-form-control has-spinner wpcf7-submit\" \/><\/p>\n<p style=\"display: none !important;\"><label>&#916;<textarea name=\"_wpcf7_ak_hp_textarea\" cols=\"45\" rows=\"8\" maxlength=\"100\"><\/textarea><\/label><input type=\"hidden\" id=\"ak_js_1\" name=\"_wpcf7_ak_js\" value=\"19\"\/><script>document.getElementById( \"ak_js_1\" ).setAttribute( \"value\", ( new Date() ).getTime() );<\/script><\/p><div class=\"wpcf7-response-output\" aria-hidden=\"true\"><\/div><\/form><\/div>\n<p>[\/vc_column_text][\/vc_column][\/vc_row][\/vc_section]<\/p>\n","protected":false},"excerpt":{"rendered":"<p>[vc_section][vc_row][vc_column width=&#8221;1\/2&#8243;][vc_column_text]Befolgen Sie die nachstehenden Schritte, um Produkte zur\u00fcckzugeben: Lesen Sie die nachstehenden Bedingungen, unter denen die Produkte zur\u00fcckgegeben werden k\u00f6nnen. \u00a0F\u00fcllen Sie das R\u00fccksendeformular aus und warten Sie, bis Sie von unseren Kollegen kontaktiert werden. Wenn Sie eine Best\u00e4tigung erhalten haben, dass Sie die R\u00fcckgabebedingungen erf\u00fcllen, senden Sie die Produkte bitte \u00fcber ein Kurierunternehmen [&hellip;]<\/p>\n","protected":false},"author":1,"featured_media":0,"parent":0,"menu_order":0,"comment_status":"closed","ping_status":"closed","template":"","meta":[],"aioseo_notices":[],"_links":{"self":[{"href":"https:\/\/www.mulch.ro\/de\/wp-json\/wp\/v2\/pages\/7456"}],"collection":[{"href":"https:\/\/www.mulch.ro\/de\/wp-json\/wp\/v2\/pages"}],"about":[{"href":"https:\/\/www.mulch.ro\/de\/wp-json\/wp\/v2\/types\/page"}],"author":[{"embeddable":true,"href":"https:\/\/www.mulch.ro\/de\/wp-json\/wp\/v2\/users\/1"}],"replies":[{"embeddable":true,"href":"https:\/\/www.mulch.ro\/de\/wp-json\/wp\/v2\/comments?post=7456"}],"version-history":[{"count":11,"href":"https:\/\/www.mulch.ro\/de\/wp-json\/wp\/v2\/pages\/7456\/revisions"}],"predecessor-version":[{"id":7610,"href":"https:\/\/www.mulch.ro\/de\/wp-json\/wp\/v2\/pages\/7456\/revisions\/7610"}],"wp:attachment":[{"href":"https:\/\/www.mulch.ro\/de\/wp-json\/wp\/v2\/media?parent=7456"}],"curies":[{"name":"wp","href":"https:\/\/api.w.org\/{rel}","templated":true}]}}