{"id":7495,"date":"2020-04-03T10:44:26","date_gmt":"2020-04-03T10:44:26","guid":{"rendered":"https:\/\/www.mulch.ro\/politica-de-confidentialitate\/"},"modified":"2021-02-23T11:28:52","modified_gmt":"2021-02-23T11:28:52","slug":"datenschutzrichtlinie","status":"publish","type":"page","link":"https:\/\/www.mulch.ro\/de\/datenschutzrichtlinie\/","title":{"rendered":"Datenschutzrichtlinie"},"content":{"rendered":"<p>[vc_row][vc_column][vc_column_text]<\/p>\n<ol>\n<li><strong> Allgemeine Angaben<\/strong><\/li>\n<\/ol>\n<p>Die Vertraulichkeit Ihrer pers\u00f6nlichen Daten ist eines der Hauptanliegen des Administrators von mulch.ro mit Sitz in der Gemeinde \u0218ieu-M\u0103gheru\u0219, Landkreis Bistri\u021ba-N\u0103s\u0103ud, Rum\u00e4nien, als Datenbetreiber. Dieses Dokument hat die Aufgabe, Sie \u00fcber die Verarbeitung Ihrer pers\u00f6nlichen Daten im Zusammenhang mit der Nutzung der Website mulch.ro zu informieren. (\u201edie Website\u201d)<\/p>\n<ol>\n<li><strong> Kategorien von verarbeiteten personenbezogenen Daten<\/strong><\/li>\n<\/ol>\n<p><strong>II.2.<\/strong> Wenn Sie Besucher der Website sind, verarbeitet der Administrator von mulch.ro Ihre pers\u00f6nlichen Daten, die Sie direkt im Zusammenhang mit der Nutzung der Website angeben, wie z. B. die Daten, die Sie im Abschnitt Kontakt \/ Beschwerden angeben, soweit Sie uns auf diese Weise kontaktieren<\/p>\n<p>&nbsp;<\/p>\n<p><strong>III. Zwecke und Grundlage der Verarbeitung<\/strong><\/p>\n<p><strong>Die Angabe Ihrer Daten zu diesem Zweck ist freiwillig.<\/strong><\/p>\n<p>Die Verweigerung der Einwilligung zur Verarbeitung Ihrer Daten zu diesem Zweck hat keine negativen Folgen f\u00fcr Sie.<\/p>\n<ul>\n<li>um verschiedene Analysen durchzuf\u00fchren, Berichte \u00fcber den Betrieb der Website zu erstellen, Profile von Verbrauchspr\u00e4ferenzen zu erstellen, haupts\u00e4chlich um das auf der Website angebotene Erlebnis zu verbessern.<\/li>\n<\/ul>\n<p><em>Grundlage: Die Verarbeitung Ihrer Daten zu diesem Zweck begr\u00fcndet sich auf dem berechtigten Interesse des mulch.ro-Administrators, das Kundenerlebnis auf der Website dauerhaft zu verbessern. Die Angabe Ihrer Daten zu diesem Zweck ist freiwillig. Die Verweigerung, Daten f\u00fcr diesen Zweck bereitzustellen, hat keine negativen Folgen f\u00fcr Sie.<\/em><\/p>\n<p><strong>III.2.<\/strong> Wenn Sie ein Besucher der Website sind, [der Eigent\u00fcmer der Website] verarbeitet Ihre pers\u00f6nlichen Daten auf diese Weise:<\/p>\n<ul>\n<li>f\u00fcr Marketingaktivit\u00e4ten bzw. zur \u00dcbertragung mittels Fernkommunikation (E-Mail, SMS), der kommerziellen Kommunikation in Bezug auf die Produkte und Dienstleistungen vom [Eigent\u00fcmer der Website], \u00fcber die Seite.<\/li>\n<\/ul>\n<p><em>Grundlage: Die Verarbeitung Ihrer Daten zu diesem Zweck basiert auf Ihrer Zustimmung, sofern Sie diese zur Verf\u00fcgung stellen.<\/em><\/p>\n<p>Sie k\u00f6nnen Ihre Zustimmung zur Verarbeitung von Daten zu diesem Zweck ausdr\u00fccken, indem Sie das entsprechende K\u00e4stchen auf dem auf der Website verf\u00fcgbaren Newsletter-Anmeldeformular ausf\u00fcllen und ankreuzen. Um sich vom Empfang solcher kommerziellen Mitteilungen abzumelden, k\u00f6nnen Sie die Option am Ende jeder E-Mail \/ SMS verwenden, die solche kommerzielle Mitteilungen enthalten. Die Angabe Ihrer Daten zu diesem Zweck ist freiwillig. Die Verweigerung der Einwilligung zur Verarbeitung Ihrer Daten zu diesem Zweck hat keine negativen Folgen f\u00fcr Sie.<\/p>\n<ul>\n<li>\u00a0um Anspr\u00fcche und Beschwerden zu l\u00f6sen, den Datenverkehr zu \u00fcberwachen und Ihre Erfahrung auf der Website zu verbessern.<\/li>\n<\/ul>\n<p><em>Grundlage: Die Verarbeitung Ihrer Daten zu diesem Zweck begr\u00fcndet sich auf dem berechtigten Interesse des [Eigent\u00fcmer der Website] um das ordnungsgem\u00e4\u00dfe Funktionieren der Website sicherzustellen und die Erfahrung der Besucher der Website dauerhaft zu verbessern, einschlie\u00dflich durch die L\u00f6sung verschiedener Kommentare, Fragen oder Beschwerden. <\/em>Die Angabe Ihrer Daten zu diesem Zweck ist freiwillig. Die Verweigerung, Daten f\u00fcr diesen Zweck bereitzustellen, hat keine negativen Folgen f\u00fcr Sie.<\/p>\n<ol>\n<li><strong> Wie lange wir Ihre Daten verarbeiten<\/strong><\/li>\n<\/ol>\n<p>Grunds\u00e4tzlich wird der Administrator von mulch.ro Ihre personenbezogenen Daten so lange verarbeiten, bis die oben genannten Verarbeitungszwecke erreicht sind.<\/p>\n<ol>\n<li><strong> Bekanntgabe von personenbezogenen Daten<\/strong><\/li>\n<\/ol>\n<p>Um die Verarbeitungszwecke zu erf\u00fcllen, kann der Administrator von mulch.ro Ihre Daten an Partner, Dritte oder Organisationen bekanntmachen, die mulch.ro bei der Durchf\u00fchrung der Aktivit\u00e4ten \u00fcber die Website unterst\u00fctzen (zum Beispiel Kurierunternehmen, IT-Dienstleister), oder an die zentralen \/ lokalen Beh\u00f6rden, in den folgenden F\u00e4llen als Beispiel:<\/p>\n<ul>\n<li>pentru administrarea Site-ului;<\/li>\n<li>\u00a0in Situationen, in denen diese Mitteilung f\u00fcr die Vergabe von Preisen oder anderen Fazilit\u00e4ten an die betroffenen Personen erforderlich w\u00e4re, die aufgrund ihrer Teilnahme an verschiedenen Werbekampagnen erhalten wurden, die von [dem Eigent\u00fcmer der Website] \u00fcber die Website organisiert wurden;<\/li>\n<li>F\u00fcr Pflege, Personalisierung und Verbesserung der Website und der durch sie bereitgestellten Dienste;<\/li>\n<li>\u00a0zur Datenanalyse, zum Testen und zur Recherche, zur \u00dcberwachung von Nutzungs- und Aktivit\u00e4tstrends, zur Entwicklung von Sicherheitsfunktionen und zur Benutzerauthentifizierung;<\/li>\n<li>f\u00fcr die \u00dcbermittlung kommerzieller Marketingmitteilungen unter den gesetzlich festgelegten Bedingungen und Grenzen;<\/li>\n<li>wenn die Bekanntgabe der personenbezogenen Daten gesetzlich vorgeschrieben ist usw.<\/li>\n<\/ul>\n<ol>\n<li><strong> \u00dcbermittlung personenbezogener Daten<\/strong><\/li>\n<\/ol>\n<p>Personenbezogene Daten, die [Website-Inhaber] zur Verf\u00fcgung gestellt werden, d\u00fcrfen au\u00dferhalb Rum\u00e4niens, jedoch nur in L\u00e4nder der Europ\u00e4ischen Union \u00fcbermittelt werden.<\/p>\n<p><strong>VII. Die Rechte, die Sie genie\u00dfen<\/strong><\/p>\n<p>Unter den Bedingungen, die in der Gesetzgebung zur Verarbeitung personenbezogener Daten als betroffene Personen vorgesehen sind, genie\u00dfen Sie die folgenden Rechte:<\/p>\n<ul>\n<li>das Recht auf Information bzw. das Recht, Einzelheiten zu den von [dem Eigent\u00fcmer der Website] durchgef\u00fchrten Verarbeitungsaktivit\u00e4ten zu erhalten, wie in diesem Dokument beschrieben;<\/li>\n<li>das Recht, auf Daten zuzugreifen, das heisst das Recht, von [Website-Inhaber] eine Best\u00e4tigung \u00fcber die Verarbeitung personenbezogener Daten sowie Einzelheiten zu den Verarbeitungsaktivit\u00e4ten wie die Art und Weise der Verarbeitung der Daten und den Zweck, f\u00fcr den sie verarbeitet werden, zu erhalten , Empf\u00e4nger oder Kategorien von Empf\u00e4ngern von Daten usw.;<\/li>\n<li>das Recht auf Berichtigung bzw. das Recht, die Berichtigung ungenauer \/ ungerechtfertigter personenbezogener Daten ohne berechtigte Verz\u00f6gerungen durch [den Website-Inhaber] sowie die Vervollst\u00e4ndigung unvollst\u00e4ndiger Daten zu erhalten; Die Berichtigung \/ Vervollst\u00e4ndigung wird jedem Empf\u00e4nger mitgeteilt, an den die Daten \u00fcbermittelt wurden, es sei denn, dies erweist sich als unm\u00f6glich oder erfordert unverh\u00e4ltnism\u00e4\u00dfige Anstrengungen.<\/li>\n<li>das Recht, Daten unverz\u00fcglich zu l\u00f6schen (\u201edas Recht vergessen zu werden\u201c;), wenn einer der folgenden Gr\u00fcnde zutrifft:\n<ul>\n<li>Sie sind f\u00fcr die Zwecke, f\u00fcr die sie gesammelt oder verarbeitet wurden, nicht mehr erforderlich;<\/li>\n<li>wenn die Einwilligung widerrufen wird und es keine andere Rechtsgrundlage f\u00fcr die Verarbeitung gibt;<\/li>\n<li>wenn die betroffene Person der Verarbeitung widerspricht und keine berechtigten Gr\u00fcnde vorliegen;<\/li>\n<li>wenn personenbezogene Daten illegal verarbeitet wurden;<\/li>\n<li>wenn personenbezogene Daten gel\u00f6scht werden m\u00fcssen, um einer gesetzlichen Verpflichtung nachzukommen;<\/li>\n<li>Personenbezogene Daten wurden im Zusammenhang mit der Erbringung von Diensten der Informationsgesellschaft nach Unionsrecht oder nationalem Recht unter der Kontrolle des f\u00fcr die Verarbeitung Verantwortlichen erhoben.<\/li>\n<\/ul>\n<\/li>\n<\/ul>\n<p>Es ist m\u00f6glich, dass [der Website-Inhaber] nach Aufforderung zur L\u00f6schung der Daten diese Daten anonymisiert (wodurch ihm der pers\u00f6nliche Charakter entzogen wird) und unter diesen Bedingungen die Verarbeitung zu statistischen Zwecken fortsetzt;<\/p>\n<ul>\n<li>das Recht, die Verarbeitung in dem Umfang einzuschr\u00e4nken, indem:\n<ul>\n<li>Eine Person bestreitet die Richtigkeit der Daten f\u00fcr einen Zeitraum, in dem wir die Richtigkeit der Daten \u00fcberpr\u00fcfen k\u00f6nnen;<\/li>\n<li>Die Verarbeitung ist illegal und die betroffene Person lehnt die L\u00f6schung personenbezogener Daten ab und fordert stattdessen die Einschr\u00e4nkung ihrer Verwendung;<\/li>\n<li>Der f\u00fcr die Verarbeitung Verantwortliche ben\u00f6tigt zum Zwecke der Verarbeitung keine personenbezogenen Daten mehr, die betroffene Person fordert sie jedoch zur Feststellung, Aus\u00fcbung oder Verteidigung eines Rechts vor Gericht auf; oder<\/li>\n<li>Eine betroffene Person hat der Verarbeitung (au\u00dfer Direktmarketing) f\u00fcr den Zeitraum widersprochen, in dem \u00fcberpr\u00fcft wird, ob die legitimen Rechte des f\u00fcr die Verarbeitung Verantwortlichen Vorrang vor denen der betroffenen Person haben.<\/li>\n<\/ul>\n<\/li>\n<li>das Recht auf Daten\u00fcbertragbarkeit bzw. (i) das Recht, personenbezogene Daten in einem strukturierten, allgemein verwendeten und leicht lesbaren Format zu erhalten, sowie das (ii) das Recht, diese Daten von [dem Inhaber der Website] an einen anderen f\u00fcr die Datenverarbeitung Verantwortlichen \u00fcbermitteln zu lassen, sofern die gesetzlich festgelegten Bedingungen erf\u00fcllt sind;<\/li>\n<li>Das Widerspruchsrecht &#8211; in Bezug auf Verarbeitungsaktivit\u00e4ten kann durch Einreichung eines Antrags wie unten angegeben ausge\u00fcbt werden;\n<ul>\n<li>aus Gr\u00fcnden, die sich auf die besondere Situation der betroffenen Person beziehen, jederzeit, dass die sie betreffenden Daten im berechtigten Interesse des [Website-Eigent\u00fcmers] oder im \u00f6ffentlichen Interesse verarbeitet werden, es sei denn, [der Website-Inhaber] kann nachweisen, dass er berechtigte und zwingende Gr\u00fcnde hat Rechtfertigung der Verarbeitung und Vorherrschaft \u00fcber die Interessen, Rechte und Freiheiten der betroffenen Personen oder dass der Zweck darin besteht, ein Recht vor Gericht festzustellen, auszu\u00fcben oder zu verteidigen;<\/li>\n<li>\u00a0jederzeit kostenlos und ohne Begr\u00fcndung, dass die diesbez\u00fcglichen Daten zum Zwecke des Direktmarketings verarbeitet werden.<\/li>\n<\/ul>\n<\/li>\n<li>das Recht, keiner automatischen Einzelentscheidung zu unterliegen, bzw. das Recht, nicht Gegenstand einer Entscheidung zu sein, die nur auf der Grundlage automatischer Verarbeitungsaktivit\u00e4ten getroffen wird, einschlie\u00dflich der Erstellung von Profilen, die rechtliche Auswirkungen auf die betroffene Person haben oder diese in erheblichem Ma\u00dfe betreffen;<\/li>\n<li>das Recht, sich an die nationale Beh\u00f6rde f\u00fcr die \u00dcberwachung der Verarbeitung personenbezogener Daten oder an die zust\u00e4ndigen Gerichte zu wenden, soweit dies als notwendig erachtet wird.<\/li>\n<\/ul>\n<p>Wiederholte L\u00f6schanfragen, unbegr\u00fcndete oder \u00fcberm\u00e4\u00dfige Anfragen werden mit 10 Euro pro Anfrage berechnet. Anfragen bedeuten jedes H\u00e4kchen auf der entsprechenden Seite, auf der Sie Ihre Registrierungen auf der Website verfolgen k\u00f6nnen. Bei weiteren Fragen zur Verarbeitung personenbezogener Daten und zur Aus\u00fcbung Ihrer oben genannten Rechte wenden Sie sich bitte an die E-Mail-Adresse: <a href=\"mailto:office@mulch.ro\">office@mulch.ro<\/a><\/p>\n<p>Diese Website verwendet Cookies. Weitere Informationen zur Verwendung dieser Dateien finden Sie unter folgendem <a href=\"https:\/\/www.mulch.ro\/politica-de-cookies\/\" rel=\"noopener noreferrer\" data-wpel-link=\"internal\">link.<\/a>[\/vc_column_text][\/vc_column][\/vc_row]<\/p>\n","protected":false},"excerpt":{"rendered":"<p>[vc_row][vc_column][vc_column_text] Allgemeine Angaben Die Vertraulichkeit Ihrer pers\u00f6nlichen Daten ist eines der Hauptanliegen des Administrators von mulch.ro mit Sitz in der Gemeinde \u0218ieu-M\u0103gheru\u0219, Landkreis Bistri\u021ba-N\u0103s\u0103ud, Rum\u00e4nien, als Datenbetreiber. Dieses Dokument hat die Aufgabe, Sie \u00fcber die Verarbeitung Ihrer pers\u00f6nlichen Daten im Zusammenhang mit der Nutzung der Website mulch.ro zu informieren. (\u201edie Website\u201d) Kategorien von verarbeiteten personenbezogenen [&hellip;]<\/p>\n","protected":false},"author":1,"featured_media":0,"parent":0,"menu_order":0,"comment_status":"closed","ping_status":"closed","template":"","meta":[],"aioseo_notices":[],"_links":{"self":[{"href":"https:\/\/www.mulch.ro\/de\/wp-json\/wp\/v2\/pages\/7495"}],"collection":[{"href":"https:\/\/www.mulch.ro\/de\/wp-json\/wp\/v2\/pages"}],"about":[{"href":"https:\/\/www.mulch.ro\/de\/wp-json\/wp\/v2\/types\/page"}],"author":[{"embeddable":true,"href":"https:\/\/www.mulch.ro\/de\/wp-json\/wp\/v2\/users\/1"}],"replies":[{"embeddable":true,"href":"https:\/\/www.mulch.ro\/de\/wp-json\/wp\/v2\/comments?post=7495"}],"version-history":[{"count":2,"href":"https:\/\/www.mulch.ro\/de\/wp-json\/wp\/v2\/pages\/7495\/revisions"}],"predecessor-version":[{"id":7497,"href":"https:\/\/www.mulch.ro\/de\/wp-json\/wp\/v2\/pages\/7495\/revisions\/7497"}],"wp:attachment":[{"href":"https:\/\/www.mulch.ro\/de\/wp-json\/wp\/v2\/media?parent=7495"}],"curies":[{"name":"wp","href":"https:\/\/api.w.org\/{rel}","templated":true}]}}