{"id":7498,"date":"2020-04-03T10:54:48","date_gmt":"2020-04-03T10:54:48","guid":{"rendered":"https:\/\/www.mulch.ro\/politica-de-cookies\/"},"modified":"2021-02-23T11:51:08","modified_gmt":"2021-02-23T11:51:08","slug":"cookie-richtlinie","status":"publish","type":"page","link":"https:\/\/www.mulch.ro\/de\/cookie-richtlinie\/","title":{"rendered":"Cookie-Richtlinie"},"content":{"rendered":"<p><strong>Ultima actualizare: mai 2019<\/strong><\/p>\n<ol>\n<li><strong> Vorwort<\/strong><\/li>\n<\/ol>\n<p>Diese Cookie-Richtlinie gilt f\u00fcr alle Benutzer der Website mulch.ro. Die unten aufgef\u00fchrten Informationen sollen Benutzer dieser Website \u00fcber die Platzierung, Verwendung und Verwaltung von Cookies durch Administratoren von mulch.ro im Zusammenhang mit dem Surfen von Benutzern auf dieser Website informieren.<\/p>\n<p>&nbsp;<\/p>\n<ol start=\"2\">\n<li><strong> Was sind Cookies?<\/strong><\/li>\n<\/ol>\n<p>Wir verwenden den Begriff Cookies, um Cookies und \u00e4hnliche Technologien zu bezeichnen, mit denen Informationen automatisch gesammelt werden k\u00f6nnen. Ein \u201eInternet Cookie\u201d (auch als \u201eBrowser-Cookie\u201c, \u00a0oder \u201eHTTP-Cookie\u201c oder \u201eCookie\u201c bezeichnet) ist eine kleine Datei, die aus Buchstaben und Zahlen besteht und auf dem Computer, dem mobilen Endger\u00e4t oder anderen Ger\u00e4ten eines Benutzers gespeichert wird, \u00fcber die auf das Internet zugegriffen wird. Cookies werden auf Anfrage eines Webservers an einen Browser installiert (zum Beispiel: Internet Explorer, Firefox, Chrome). Nach der Installation haben Cookies eine bestimmte Lebensdauer und bleiben \u201epassiv\u201c, da sie keine Software, Viren oder Spyware enthalten und nicht auf die Informationen auf dem Festplattentreiber des Benutzers zugreifen, auf dessen Ger\u00e4ten sie installiert wurden.<\/p>\n<p>Ein Cookie besteht aus zwei Teilen:<\/p>\n<p>der Name des Cookies; und<\/p>\n<p>und den Inhalt oder Wert des Cookies.<\/p>\n<p>Aus technischer Sicht kann nur der Webserver, der das Cookie gesendet hat, erneut darauf zugreifen, wenn ein Benutzer zu der diesem Webserver zugeordneten Webseite zur\u00fcckkehrt.<\/p>\n<p>&nbsp;<\/p>\n<ol start=\"3\">\n<li><strong> Zu welchen Zwecken werden Cookies \u00fcber diese Website verwendet?<\/strong><\/li>\n<\/ol>\n<p>Cookies werden verwendet, um Benutzern dieser Website ein besseres Surferlebnis und Dienste zu bieten, die auf die Bed\u00fcrfnisse und Interessen jedes Einzelnen zugeschnitten sind, n\u00e4mlich f\u00fcr:<\/p>\n<ul>\n<li>Verbesserung der Nutzung dieser Website, einschlie\u00dflich der Identifizierung von Fehlern, die w\u00e4hrend des Besuchs \/ der Nutzung durch Benutzer auftreten;<\/li>\n<li>Bereitstellung anonymer Statistiken dar\u00fcber, wie diese Website verwendet wird, f\u00fcr den Administrator von mulch.ro als Eigent\u00fcmer dieser Website;<\/li>\n<li>Vorwegnahme m\u00f6glicher Waren, die den Nutzern k\u00fcnftig \u00fcber diese Website zur Verf\u00fcgung gestellt werden, abh\u00e4ngig von den Dienstleistungen \/ Produkten, auf die zugegriffen wird.<\/li>\n<\/ul>\n<p>Aufgrund des Feedbacks, das durch Cookies im Zusammenhang mit der Nutzung dieser Website gesendet wird, kann der Administrator von mulch.ro Ma\u00dfnahmen ergreifen, um diese Website effizienter und f\u00fcr Benutzer zug\u00e4nglicher zu machen. Die Verwendung von Cookies erm\u00f6glicht somit die Speicherung bestimmter Einstellungen \/ Pr\u00e4ferenzen, die von den Benutzern dieser Website festgelegt wurden, wie zum Beispiel:<\/p>\n<ul>\n<li>die Sprache, in der eine Webseite angezeigt wird;<\/li>\n<li>die W\u00e4hrung, in der bestimmte Preise oder Tarife ausgedr\u00fcckt werden;<\/li>\n<li>Erleichterung des Zugriffs auf Benutzerkonten;<\/li>\n<li>Ver\u00f6ffentlichen von Kommentaren auf der Website.<\/li>\n<\/ul>\n<ol start=\"4\">\n<li><strong> Was ist die Lebensdauer von Cookies?<\/strong><\/li>\n<\/ol>\n<p>Die Lebensdauer von Cookies kann je nach Verwendungszweck erheblich variieren. Es gibt die folgenden Kategorien von Cookies, die auch deren Lebensdauer bestimmen:<\/p>\n<ul>\n<li><strong>Sitzungscookies <\/strong>\u2013 Ein \u201eSitzungscookie\u201d ist ein Cookie, das automatisch gel\u00f6scht wird, wenn der Benutzer seinen Browser schlie\u00dft.<\/li>\n<li><strong>Permanente oder feste Cookies <\/strong>\u2013 Ein \u201epermanenter\u201d oder \u201efester\u201d ist ein Cookie, das bis zum Erreichen eines bestimmten Ablaufdatums im Terminal des Benutzers gespeichert bleibt (das kann in ein paar Minuten, Tagen oder ein paar Jahren in der Zukunft sein) oder bis es vom Benutzer jederzeit \u00fcber die Browsereinstellungen gel\u00f6scht wird.<\/li>\n<\/ul>\n<ol start=\"5\">\n<li><strong> Was sind Cookies, die von Dritten platziert werden?<\/strong><\/li>\n<\/ol>\n<p>Bestimmte Abschnitte des Inhalts der Website k\u00f6nnen von Dritten bereitgestellt werden, das hei\u00dft nicht vom Administrator von mulch.ro. In diesem Fall werden diese Cookies als von Dritten platzierte Cookies bezeichnet. (\u201ethird party cookies\u201d).<\/p>\n<p>Drittanbieter von Cookies m\u00fcssen au\u00dferdem die auf dieser Website verf\u00fcgbaren Datenschutzbestimmungen und Datenschutzrichtlinie einhalten. Diese Cookies k\u00f6nnen von folgenden Dritten stammen: Google Analytics, Facebook, verschiedene Online-Gesch\u00e4fte.<\/p>\n<ol start=\"6\">\n<li><strong> Welche Cookies werden \u00fcber diese Website verwendet:<\/strong><\/li>\n<\/ol>\n<p>Die folgenden Cookies k\u00f6nnen \u00fcber die Website platziert \/ besucht werden:<\/p>\n<ol>\n<li>Website-Leistungscookies;<\/li>\n<li>Benutzeranalyse-Cookies;<\/li>\n<li>Geo Targeting-Cookies;<\/li>\n<li>Registrierungscookies;<\/li>\n<li>Cookies f\u00fcr Werbung;<\/li>\n<li>Cookies von Werbeanbietern;<\/li>\n<li><strong> Website-Leistungscookies<\/strong><\/li>\n<\/ol>\n<p>Diese Art von Cookie speichert die Einstellungen des Benutzers f\u00fcr diese Website, sodass das Zur\u00fccksetzen der Einstellungen beim Besuch der Website nicht mehr erforderlich ist.<\/p>\n<p>&nbsp;<\/p>\n<ol>\n<li><strong> Benutzeranalyse-Cookies<\/strong><\/li>\n<\/ol>\n<p>Diese Cookies informieren uns, wenn ein bestimmter Benutzer der Website diese Website zuvor besucht \/ verwendet hat. Diese Cookies werden nur zu statistischen Zwecken verwendet.<\/p>\n<ol>\n<li><strong> Geo Targeting-Cookies<\/strong><\/li>\n<\/ol>\n<p>Diese Cookies werden von einer Software verwendet, die das Herkunftsland des Benutzers der Website bestimmt. Unabh\u00e4ngig von der ausgew\u00e4hlten Sprache wird dieselbe Werbung empfangen.<\/p>\n<ol>\n<li><strong> Cookies zur Registrierung<\/strong><\/li>\n<\/ol>\n<p>Wenn Sie sich auf dieser Website registrieren, werden Cookies generiert, die diesen Prozess speichern. Die Server verwenden diese Cookies, um uns das Konto anzuzeigen, mit welchem Sie registriert sind. Durch die Verwendung dieser Cookies k\u00f6nnen wir auch alle auf der Website ver\u00f6ffentlichten Kommentare mit dem Benutzernamen des verwendeten Kontos verkn\u00fcpfen. Wenn die Option \u201eAngemeldet bleiben\u201c nicht ausgew\u00e4hlt ist, werden diese Cookies am Ende der Browsersitzung automatisch gel\u00f6scht.<\/p>\n<ol>\n<li><strong> Cookies f\u00fcr Werbung<\/strong><\/li>\n<\/ol>\n<p>Mithilfe dieser Cookies k\u00f6nnen wir herausfinden, wann ein Benutzer eine Online-Werbung, ihren Typ und die seit dem Anzeigen der jeweiligen Werbebotschaft abgelaufene Zeit. Daher werden solche Cookies verwendet, um auf Online-Werbung abzuzielen. Diese Cookies sind anonym und speichern Informationen \u00fcber den angezeigten Inhalt, nicht \u00fcber die Benutzer.<\/p>\n<p>&nbsp;<\/p>\n<ol start=\"7\">\n<li><strong> Welche Art von Informationen werden \u00fcber Cookies gespeichert und abgerufen?<\/strong><\/li>\n<\/ol>\n<p>Cookies speichern Informationen in einer kleinen Textdatei, die die Browsererkennung erm\u00f6glicht. Diese Website erkennt den Browser, bis Cookies ablaufen oder gel\u00f6scht werden.<\/p>\n<p>&nbsp;<\/p>\n<ol start=\"8\">\n<li><strong> Passen Sie Ihre Browsereinstellungen f\u00fcr Cookies an<\/strong><\/li>\n<\/ol>\n<p>Wenn die Verwendung von Cookies nicht st\u00f6rend ist und der Computer oder die technischen Ger\u00e4te, die zum Durchsuchen dieser Website verwendet werden, nur von Ihnen verwendet werden, k\u00f6nnen lange Ablaufdaten f\u00fcr die Speicherung Ihres Browserverlaufs festgelegt werden. Wenn der Computer oder die technischen Ger\u00e4te, die zum Durchsuchen dieser Website verwendet werden, von mehr als einer Person verwendet werden, kann die Einstellung zum L\u00f6schen einzelner Browserdaten bei jedem Schlie\u00dfen des Browsers ber\u00fccksichtigt werden.<\/p>\n<ol start=\"9\">\n<li><strong> Wie Cookies gestoppt werden k\u00f6nnen?<\/strong><\/li>\n<\/ol>\n<p>Das Deaktivieren und Verweigern des Empfangs von Cookies k\u00f6nnen den Besuch dieser Website erschweren und zu Einschr\u00e4nkungen bei der Verwendung f\u00fchren. Benutzer k\u00f6nnen ihren Browser so konfigurieren, dass Cookies abgelehnt oder Cookies von einer bestimmten Website akzeptiert werden. Alle modernen Browser bieten die M\u00f6glichkeit, die Cookie-Einstellungen zu \u00e4ndern. Auf diese Einstellungen kann in der Regel im Bereich \u201eOptionen\u201c oder im Men\u00fc \u201eEinstellungen\u201c Ihres Browsers zugegriffen werden.<\/p>\n<p>Das Ablehnen oder Deaktivieren von Cookies bedeutet jedoch nicht, dass Sie keine Online-Werbung mehr erhalten &#8211; nur, dass diese nicht auf Ihre Vorlieben und Interessen zugeschnitten ist, wie Ihr Surfverhalten zeigt.<\/p>\n<p>Um diese Einstellungen zu verstehen, k\u00f6nnen die folgenden Links hilfreich sein:<\/p>\n<ul>\n<li><a href=\"https:\/\/support.microsoft.com\/en-us\/help\/17442\/windows-internet-explorer-delete-manage-cookies\" target=\"_blank\" rel=\"noopener nofollow external noreferrer\" data-wpel-link=\"external\">Cookie Einstellungen in Internet Explorer<\/a><\/li>\n<li><a href=\"https:\/\/support.mozilla.org\/en-US\/kb\/enable-and-disable-cookies-website-preferences\" target=\"_blank\" rel=\"noopener nofollow external noreferrer\" data-wpel-link=\"external\">Cookie Einstellungen in Firefox<\/a><\/li>\n<li><a href=\"https:\/\/support.google.com\/chrome\/answer\/95647\" target=\"_blank\" rel=\"noopener nofollow external noreferrer\" data-wpel-link=\"external\">Cookie Einstellungen in Firefox<\/a><\/li>\n<li><a href=\"https:\/\/support.apple.com\/kb\/ph21411\" target=\"_blank\" rel=\"noopener nofollow external noreferrer\" data-wpel-link=\"external\">Cookie Einstellungen in Safari<\/a><\/li>\n<\/ul>\n<p>Bei weiteren Fragen zur Verwendung von Cookies \u00fcber diese Website wenden Sie sich bitte an: <a href=\"mailto:office@mulch.ro\">office@mulch.ro<\/a><\/p>\n","protected":false},"excerpt":{"rendered":"<p>Ultima actualizare: mai 2019 Vorwort Diese Cookie-Richtlinie gilt f\u00fcr alle Benutzer der Website mulch.ro. Die unten aufgef\u00fchrten Informationen sollen Benutzer dieser Website \u00fcber die Platzierung, Verwendung und Verwaltung von Cookies durch Administratoren von mulch.ro im Zusammenhang mit dem Surfen von Benutzern auf dieser Website informieren. &nbsp; Was sind Cookies? Wir verwenden den Begriff Cookies, um [&hellip;]<\/p>\n","protected":false},"author":1,"featured_media":0,"parent":0,"menu_order":0,"comment_status":"closed","ping_status":"closed","template":"","meta":[],"aioseo_notices":[],"_links":{"self":[{"href":"https:\/\/www.mulch.ro\/de\/wp-json\/wp\/v2\/pages\/7498"}],"collection":[{"href":"https:\/\/www.mulch.ro\/de\/wp-json\/wp\/v2\/pages"}],"about":[{"href":"https:\/\/www.mulch.ro\/de\/wp-json\/wp\/v2\/types\/page"}],"author":[{"embeddable":true,"href":"https:\/\/www.mulch.ro\/de\/wp-json\/wp\/v2\/users\/1"}],"replies":[{"embeddable":true,"href":"https:\/\/www.mulch.ro\/de\/wp-json\/wp\/v2\/comments?post=7498"}],"version-history":[{"count":4,"href":"https:\/\/www.mulch.ro\/de\/wp-json\/wp\/v2\/pages\/7498\/revisions"}],"predecessor-version":[{"id":7502,"href":"https:\/\/www.mulch.ro\/de\/wp-json\/wp\/v2\/pages\/7498\/revisions\/7502"}],"wp:attachment":[{"href":"https:\/\/www.mulch.ro\/de\/wp-json\/wp\/v2\/media?parent=7498"}],"curies":[{"name":"wp","href":"https:\/\/api.w.org\/{rel}","templated":true}]}}