{"id":7523,"date":"2016-05-14T10:01:23","date_gmt":"2016-05-14T10:01:23","guid":{"rendered":"https:\/\/www.mulch.ro\/scoarta-natur\/"},"modified":"2021-02-24T11:30:02","modified_gmt":"2021-02-24T11:30:02","slug":"natuerliche-rinde","status":"publish","type":"page","link":"https:\/\/www.mulch.ro\/de\/dienstleistungen\/natuerliche-rinde\/","title":{"rendered":"Nat\u00fcrliche Rinde"},"content":{"rendered":"<p>[vc_row el_class=&#8221;desktop&#8221;][vc_column][vc_column_text]<\/p>\n<h2><strong>Nat\u00fcrliche Rinde <\/strong><\/h2>\n<p><a href=\"https:\/\/www.mulch.ro\/wp-content\/uploads\/2016\/05\/7033865-mulci-colorat-scoarta.jpg\"><img loading=\"lazy\" class=\"size-medium wp-image-6653 alignleft\" src=\"https:\/\/www.mulch.ro\/wp-content\/uploads\/2016\/05\/7033865-mulci-colorat-scoarta-300x300.jpg\" alt=\"\" width=\"300\" height=\"300\" \/><\/a><\/p>\n<p>Nadelbaumrindenkompost ist ein Naturprodukt, das wir jetzt f\u00fcr eine spezielle Anordnung Ihres Gartens oder gr\u00fcner \u00f6ffentlicher R\u00e4ume zum Kauf anbieten, was auch echte Vorteile f\u00fcr die Bodenqualit\u00e4t hat. Dieser Mulch hat eine nat\u00fcrliche Farbe und wird aus Baumrinde, normalerweise Weichholz, gewonnen, zerkleinert und ist in verschiedenen Gr\u00f6\u00dfen erh\u00e4ltlich. Nat\u00fcrliche Rinde ist besonders ideal f\u00fcr Pflanzen, die saure oder leicht saure B\u00f6den mit einem pH-Wert von etwa 4,5-6 lieben.<\/p>\n<p>Mit einer hohen Deckkraft h\u00e4lt die nat\u00fcrliche Rinde Wasser im Boden und h\u00e4lt nicht nur f\u00fcr acidophile Pflanzen eine ideale Feuchtigkeit aufrecht. Im Prinzip, ist dieser Nadelrindenkompost ein D\u00fcnger mit dem Aussehen und den Eigenschaften von Mulch, den Sie f\u00fcr beide Zwecke verwenden k\u00f6nnen.[\/vc_column_text][\/vc_column][\/vc_row][vc_row el_class=&#8221;mobile&#8221;][vc_column width=&#8221;1\/2&#8243;][vc_single_image image=&#8221;6653&#8243; img_size=&#8221;full&#8221;][\/vc_column][vc_column width=&#8221;1\/2&#8243;][vc_column_text]Die nat\u00fcrliche Rinde bietet die M\u00f6glichkeit f\u00fcr eine spezielle Landschaftsgestaltung, egal ob es sich um pers\u00f6nliche oder \u00f6ffentliche Projekte handelt. Seine nat\u00fcrliche Farbe und die Vielfalt der Gr\u00f6\u00dfe der St\u00fccke werden sich von der Frische und dem Aussehen der Pflanzen abheben und ihre Farbe hervorheben. Der Mulch aus nat\u00fcrlicher Rinde kann auch zur Anordnung von Au\u00dfenr\u00e4umen mit dekorativen Gegenst\u00e4nden verwendet werden. Schlie\u00dflich ist die Anordnung der Gr\u00fcnfl\u00e4chen nur durch Ihre Vorstellungskraft begrenzt, und wir bieten Ihnen die notwendigen Elemente an. In Anbetracht der funktionalen und dekorativen Vorteile der nat\u00fcrlichen Rinde empfehlen wir unsere \u00f6kologischen Produkte f\u00fcr die ideale Anordnung von Gr\u00fcnfl\u00e4chen.[\/vc_column_text][\/vc_column][\/vc_row][vc_row][vc_column][vc_cta h2=&#8221;Fragen Sie nach dem Angebot f\u00fcr nat\u00fcrliche Rinde&#8221; color=&#8221;green&#8221; add_button=&#8221;right&#8221; btn_title=&#8221;Bitten Sie um ein Angebot&#8221; btn_color=&#8221;green&#8221; btn_link=&#8221;url:https%3A%2F%2Fwww.mulch.ro%2Fde%2Fangebot-anfordern-mulch%2F|||&#8221;][\/vc_cta][\/vc_column][\/vc_row]<\/p>\n","protected":false},"excerpt":{"rendered":"<p>[vc_row el_class=&#8221;desktop&#8221;][vc_column][vc_column_text] Nat\u00fcrliche Rinde Nadelbaumrindenkompost ist ein Naturprodukt, das wir jetzt f\u00fcr eine spezielle Anordnung Ihres Gartens oder gr\u00fcner \u00f6ffentlicher R\u00e4ume zum Kauf anbieten, was auch echte Vorteile f\u00fcr die Bodenqualit\u00e4t hat. Dieser Mulch hat eine nat\u00fcrliche Farbe und wird aus Baumrinde, normalerweise Weichholz, gewonnen, zerkleinert und ist in verschiedenen Gr\u00f6\u00dfen erh\u00e4ltlich. Nat\u00fcrliche Rinde ist [&hellip;]<\/p>\n","protected":false},"author":1,"featured_media":0,"parent":7527,"menu_order":0,"comment_status":"closed","ping_status":"closed","template":"","meta":[],"aioseo_notices":[],"_links":{"self":[{"href":"https:\/\/www.mulch.ro\/de\/wp-json\/wp\/v2\/pages\/7523"}],"collection":[{"href":"https:\/\/www.mulch.ro\/de\/wp-json\/wp\/v2\/pages"}],"about":[{"href":"https:\/\/www.mulch.ro\/de\/wp-json\/wp\/v2\/types\/page"}],"author":[{"embeddable":true,"href":"https:\/\/www.mulch.ro\/de\/wp-json\/wp\/v2\/users\/1"}],"replies":[{"embeddable":true,"href":"https:\/\/www.mulch.ro\/de\/wp-json\/wp\/v2\/comments?post=7523"}],"version-history":[{"count":5,"href":"https:\/\/www.mulch.ro\/de\/wp-json\/wp\/v2\/pages\/7523\/revisions"}],"predecessor-version":[{"id":7675,"href":"https:\/\/www.mulch.ro\/de\/wp-json\/wp\/v2\/pages\/7523\/revisions\/7675"}],"up":[{"embeddable":true,"href":"https:\/\/www.mulch.ro\/de\/wp-json\/wp\/v2\/pages\/7527"}],"wp:attachment":[{"href":"https:\/\/www.mulch.ro\/de\/wp-json\/wp\/v2\/media?parent=7523"}],"curies":[{"name":"wp","href":"https:\/\/api.w.org\/{rel}","templated":true}]}}