{"id":7527,"date":"2013-10-21T13:20:25","date_gmt":"2013-10-21T13:20:25","guid":{"rendered":"https:\/\/www.mulch.ro\/servicii\/"},"modified":"2021-02-24T10:42:12","modified_gmt":"2021-02-24T10:42:12","slug":"dienstleistungen","status":"publish","type":"page","link":"https:\/\/www.mulch.ro\/de\/dienstleistungen\/","title":{"rendered":"Dienstleistungen"},"content":{"rendered":"<p>[vc_row][vc_column][vc_column_text]<\/p>\n<h2>Dienstleistungen Gartengestaltung<\/h2>\n<p>Das Unternehmen Servicii Bistritene kommt all jenen zur Hilfe, die ihren Garten gestalten wollen, und jenen, die hochwertige \u00f6kologische Produkte, nachhaltig und zu vorteilhaften Preisen, f\u00fcr die Pflege der Gr\u00fcnfl\u00e4chen wollen. Das Unternehmen bietet Ihnen von dekorativer Pinienrinde und nat\u00fcrlicher Rinde bis hin zu Mulchen in verschiedenen Farbt\u00f6nen und n\u00e4hrstoffreichen Blumenb\u00f6den, ideal sowohl f\u00fcr Topfblumen als auch f\u00fcr Gartenblumen.[\/vc_column_text][\/vc_column][\/vc_row][vc_row][vc_column]<div class=\"porto-price-boxes pricing-table  pricing-table-flat\"><div class=\"row\"><div class=\" col-lg-4 col-md-6\"><div class=\"porto-price-box plan  plan-custom plan-btn-top\"><h3><strong>Einschliesslich<\/strong><em class=\"desc\">Transport ab 50 S\u00e4cken<\/em><span class=\"plan-price\"><span class=\"price\">32 RON \/ 60 L<\/span><\/span><\/h3><a href=\"https:\/\/www.mulch.ro\/de\/dienstleistungen\/pinienrinde\/\" target=\"_self\" class=\"btn btn-modern btn-default btn-top\">Details anzeigen<\/a><p><a href=\"https:\/\/www.mulch.ro\/servicii\/scoarta-de-pin\/\"><img loading=\"lazy\" class=\"alignnone size-medium wp-image-6651\" src=\"https:\/\/www.mulch.ro\/wp-content\/uploads\/2016\/05\/7032539-mulci-colorat-scoarta-300x300.jpg\" alt=\"\" width=\"300\" height=\"300\" \/><\/a><\/p>\n<\/div><\/div><div class=\" col-lg-4 col-md-6\"><div class=\"porto-price-box plan  plan-custom plan-btn-top\"><h3><strong>Orangenmulch<\/strong><em class=\"desc\">Transport in 50 S\u00e4cken enthalten<\/em><span class=\"plan-price\"><span class=\"price\">30 RON \/ 60 L<\/span><\/span><\/h3><a href=\"https:\/\/www.mulch.ro\/de\/dienstleistungen\/orangefarbener-mulch\/\" target=\"_self\" class=\"btn btn-modern btn-default btn-top\">Details anzeigen<\/a><p><a href=\"https:\/\/www.mulch.ro\/servicii\/mulci-portocaliu\/\"><img loading=\"lazy\" class=\"alignnone size-medium wp-image-6647\" src=\"https:\/\/www.mulch.ro\/wp-content\/uploads\/2016\/05\/7033864-mulci-colorat-scoarta-300x300.jpg\" alt=\"\" width=\"300\" height=\"300\" \/><\/a><\/p>\n<\/div><\/div><div class=\" col-lg-4 col-md-6\"><div class=\"porto-price-box plan  plan-custom plan-btn-top\"><h3><strong>Seemulch<\/strong><em class=\"desc\">Transport in 50 S\u00e4cken enthalten<\/em><span class=\"plan-price\"><span class=\"price\">30 RON \/ 60 L<\/span><\/span><\/h3><a href=\"https:\/\/www.mulch.ro\/de\/dienstleistungen\/brauner-mulch\/\" target=\"_self\" class=\"btn btn-modern btn-default btn-top\">Details anzeigen<\/a><p><a href=\"https:\/\/www.mulch.ro\/servicii\/mulci-maro\/\"><img loading=\"lazy\" class=\"alignnone size-medium wp-image-6644\" src=\"https:\/\/www.mulch.ro\/wp-content\/uploads\/2016\/05\/7033862-mulci-colorat-scoarta-300x300.jpg\" alt=\"\" width=\"300\" height=\"300\" \/><\/a><\/p>\n<\/div><\/div><div class=\" col-lg-4 col-md-6\"><div class=\"porto-price-box plan  plan-custom plan-btn-top\"><h3><strong>Blumenerde<\/strong><em class=\"desc\">Mindestens 100 Beutel<\/em><span class=\"plan-price\"><span class=\"price\">10 RON \/ 20 L<\/span><\/span><\/h3><a href=\"https:\/\/www.mulch.ro\/de\/dienstleistungen\/blumenerde-mit-perlit-und-delcamag-mit-universeller-unterschicht\/\" target=\"_self\" class=\"btn btn-modern btn-default btn-top\">Details anzeigen<\/a><p><a href=\"https:\/\/www.mulch.ro\/servicii\/pamant-pentru-flori-cu-perlit-si-delcamag-cu-substrat-universal\/\"><img loading=\"lazy\" class=\"alignnone size-medium wp-image-6655\" src=\"https:\/\/www.mulch.ro\/wp-content\/uploads\/2016\/05\/pamant_pentru_flori-300x300.jpg\" alt=\"\" width=\"300\" height=\"300\" \/><\/a><\/p>\n<\/div><\/div><div class=\" col-lg-4 col-md-6\"><div class=\"porto-price-box plan  plan-custom plan-btn-top\"><h3><strong>Roter Mulch<\/strong><em class=\"desc\">Transport in 50 S\u00e4cken enthalten<\/em><span class=\"plan-price\"><span class=\"price\">30 RON \/ 60 L<\/span><\/span><\/h3><a href=\"https:\/\/www.mulch.ro\/de\/dienstleistungen\/roter-mulch\/\" target=\"_self\" class=\"btn btn-modern btn-default btn-top\">Details anzeigen<\/a><p><a href=\"https:\/\/www.mulch.ro\/servicii\/mulci-rosu\/\"><img loading=\"lazy\" class=\"alignnone size-medium wp-image-6613\" src=\"https:\/\/www.mulch.ro\/wp-content\/uploads\/2016\/05\/7033861-mulch-colorat-mulci-scoarta-300x300.jpg\" alt=\"\" width=\"300\" height=\"300\" \/><\/a><\/p>\n<\/div><\/div><div class=\" col-lg-4 col-md-6\"><div class=\"porto-price-box plan  plan-custom plan-btn-top\"><h3><strong>Gelber Mulch<\/strong><em class=\"desc\">Transport in 50 S\u00e4cken enthalten<\/em><span class=\"plan-price\"><span class=\"price\">30 RON \/ 60 L<\/span><\/span><\/h3><a href=\"https:\/\/www.mulch.ro\/de\/dienstleistungen\/gelber-mulch\/\" target=\"_self\" class=\"btn btn-modern btn-default btn-top\">Details anzeigen<\/a><p><a href=\"https:\/\/www.mulch.ro\/servicii\/mulci-galben\/\"><img loading=\"lazy\" class=\"alignnone size-medium wp-image-6649\" src=\"https:\/\/www.mulch.ro\/wp-content\/uploads\/2016\/05\/7033863-mulci-colorat-scoarta-300x300.jpg\" alt=\"\" width=\"300\" height=\"300\" \/><\/a><\/p>\n<\/div><\/div><div class=\" col-lg-4 col-md-6\"><div class=\"porto-price-box plan  plan-custom plan-btn-top\"><h3><strong>Nat\u00fcrliche Rinde<\/strong><em class=\"desc\">Transport in 50 S\u00e4cken enthalten<\/em><span class=\"plan-price\"><span class=\"price\">20 RON \/ 60 L<\/span><\/span><\/h3><a href=\"https:\/\/www.mulch.ro\/de\/dienstleistungen\/natuerliche-rinde\/\" target=\"_self\" class=\"btn btn-modern btn-default btn-top\">Details anzeigen<\/a><p><a href=\"https:\/\/www.mulch.ro\/de\/natuerliche-rinde\/\"><img loading=\"lazy\" class=\"alignnone size-medium wp-image-6653\" src=\"https:\/\/www.mulch.ro\/wp-content\/uploads\/2016\/05\/7033865-mulci-colorat-scoarta-300x300.jpg\" alt=\"\" width=\"300\" height=\"300\" \/><\/a><\/p>\n<\/div><\/div><\/div><\/div>[\/vc_column][\/vc_row][vc_row][vc_column][vc_cta h2=&#8221;Esti interessat de produsele noastre ?&#8221; color=&#8221;green&#8221; add_button=&#8221;right&#8221; btn_title=&#8221;Cere oferta amenajari gradini&#8221; btn_color=&#8221;green&#8221; btn_link=&#8221;url:%2Fcerere-oferta%2F|||&#8221;][\/vc_cta][\/vc_column][\/vc_row]<\/p>\n","protected":false},"excerpt":{"rendered":"<p>[vc_row][vc_column][vc_column_text] Dienstleistungen Gartengestaltung Das Unternehmen Servicii Bistritene kommt all jenen zur Hilfe, die ihren Garten gestalten wollen, und jenen, die hochwertige \u00f6kologische Produkte, nachhaltig und zu vorteilhaften Preisen, f\u00fcr die Pflege der Gr\u00fcnfl\u00e4chen wollen. Das Unternehmen bietet Ihnen von dekorativer Pinienrinde und nat\u00fcrlicher Rinde bis hin zu Mulchen in verschiedenen Farbt\u00f6nen und n\u00e4hrstoffreichen Blumenb\u00f6den, ideal [&hellip;]<\/p>\n","protected":false},"author":1,"featured_media":0,"parent":0,"menu_order":0,"comment_status":"open","ping_status":"open","template":"","meta":[],"aioseo_notices":[],"_links":{"self":[{"href":"https:\/\/www.mulch.ro\/de\/wp-json\/wp\/v2\/pages\/7527"}],"collection":[{"href":"https:\/\/www.mulch.ro\/de\/wp-json\/wp\/v2\/pages"}],"about":[{"href":"https:\/\/www.mulch.ro\/de\/wp-json\/wp\/v2\/types\/page"}],"author":[{"embeddable":true,"href":"https:\/\/www.mulch.ro\/de\/wp-json\/wp\/v2\/users\/1"}],"replies":[{"embeddable":true,"href":"https:\/\/www.mulch.ro\/de\/wp-json\/wp\/v2\/comments?post=7527"}],"version-history":[{"count":6,"href":"https:\/\/www.mulch.ro\/de\/wp-json\/wp\/v2\/pages\/7527\/revisions"}],"predecessor-version":[{"id":7654,"href":"https:\/\/www.mulch.ro\/de\/wp-json\/wp\/v2\/pages\/7527\/revisions\/7654"}],"wp:attachment":[{"href":"https:\/\/www.mulch.ro\/de\/wp-json\/wp\/v2\/media?parent=7527"}],"curies":[{"name":"wp","href":"https:\/\/api.w.org\/{rel}","templated":true}]}}