{"id":7611,"date":"2013-10-09T14:11:30","date_gmt":"2013-10-09T14:11:30","guid":{"rendered":"https:\/\/www.mulch.ro\/producator-mulch-scoarta\/"},"modified":"2021-02-24T11:23:58","modified_gmt":"2021-02-24T11:23:58","slug":"servicii-bistritene-hersteller-von-mulch","status":"publish","type":"page","link":"https:\/\/www.mulch.ro\/de\/servicii-bistritene-hersteller-von-mulch\/","title":{"rendered":"Servicii Bistritene \u2013 Hersteller von Mulch"},"content":{"rendered":"<p>[vc_row equal_height=&#8221;yes&#8221;][vc_column width=&#8221;1\/3&#8243;][vc_single_image image=&#8221;6618&#8243; img_size=&#8221;full&#8221;][\/vc_column][vc_column width=&#8221;2\/3&#8243;][vc_column_text]<\/p>\n<h2 class=\"entry-title single-post entry-title\"><strong>Servicii Bistritene \u2013 Hersteller von Mulch <\/strong><\/h2>\n<p><strong>Wir wissen, dass Familienzeit in der Privatsph\u00e4re Ihres Gartens von unsch\u00e4tzbarem Wert ist.<\/strong><\/p>\n<p>Deshalb helfen wir Ihnen gerne und bieten Ihnen eine breite und vielf\u00e4ltige Auswahl an hochwertigen \u00f6kologischen Dekorationsprodukten, die langlebig und f\u00fcr jedermann zug\u00e4nglich sind. Angesichts der Tatsache, dass ein Garten oder eine Gr\u00fcnfl\u00e4che t\u00e4glich eingerichtet und gepflegt werden muss, wird die Verwendung von Mulch, Pinienrinde und Blumenerde die Gartenarbeit aufgrund der Vorteile, die sie haben, zu einem echten Vergn\u00fcgen machen, indem sie das Angenehme mit dem N\u00fctzlichen verbindet. Das Unternehmen Servicii Bistritene bietet komplette Landschafts- und Gartendekorationsdienste mit n\u00e4hrstoffreichem Blumenboden, ideal f\u00fcr diejenigen, die gesunde und reichhaltige Blumen und dekorativen Mulch w\u00fcnschen, f\u00fcr zus\u00e4tzliche Farbe und ein ordentliches Erscheinungsbild.<\/p>\n<p>Pinienrinde, nat\u00fcrliche Rinde und Mulch, erh\u00e4ltlich in den Farben Orange, Braun, Rot und Gelb, verleihen durch warme Farbt\u00f6ne ein nat\u00fcrliches Aussehen und schaffen so ein angenehmes und sauberes Aussehen, das die Augen derer anzieht, die Ihren Garten bewundern werden. Neben dem \u00e4sthetischen Aspekt, der ein Schl\u00fcsselelement bei der Gestaltung jedes Raums ist, wirkt sich Mulch positiv auf B\u00e4ume, Blumen und B\u00f6den aus, indem er sie in der kalten Jahreszeit sch\u00fctzt, organische N\u00e4hrstoffe eliminiert, die f\u00fcr eine harmonische und gesunde Entwicklung erforderlich sind, durch Verhinderung des Auftretens von Unkraut.<\/p>\n<p>F\u00fcr saubere und sch\u00f6ne G\u00e4rten kontaktieren Sie uns mit Vertrauen bei Servicii Bistritene, f\u00fcr den Kauf von Qualit\u00e4tsprodukten, langlebig und zu vorteilhaften Preisen, die Ihren Garten zu einer echten Oase der Entspannung machen.[\/vc_column_text][\/vc_column][\/vc_row][vc_row][vc_column][vc_cta h2=&#8221;Interessieren Sie sich f\u00fcr unsere Produkte?&#8221; color=&#8221;green&#8221; add_button=&#8221;right&#8221; btn_title=&#8221;Fragen Sie nach dem Angebot f\u00fcr Gartengestaltung&#8221; btn_shape=&#8221;rounded&#8221; btn_color=&#8221;green&#8221; btn_link=&#8221;url:https%3A%2F%2Fwww.mulch.ro%2Fde%2Fangebot-anfordern-mulch%2F|||&#8221;][\/vc_cta][\/vc_column][\/vc_row]<\/p>\n","protected":false},"excerpt":{"rendered":"<p>[vc_row equal_height=&#8221;yes&#8221;][vc_column width=&#8221;1\/3&#8243;][vc_single_image image=&#8221;6618&#8243; img_size=&#8221;full&#8221;][\/vc_column][vc_column width=&#8221;2\/3&#8243;][vc_column_text] Servicii Bistritene \u2013 Hersteller von Mulch Wir wissen, dass Familienzeit in der Privatsph\u00e4re Ihres Gartens von unsch\u00e4tzbarem Wert ist. Deshalb helfen wir Ihnen gerne und bieten Ihnen eine breite und vielf\u00e4ltige Auswahl an hochwertigen \u00f6kologischen Dekorationsprodukten, die langlebig und f\u00fcr jedermann zug\u00e4nglich sind. Angesichts der Tatsache, dass ein Garten [&hellip;]<\/p>\n","protected":false},"author":1,"featured_media":0,"parent":0,"menu_order":0,"comment_status":"open","ping_status":"open","template":"","meta":[],"aioseo_notices":[],"_links":{"self":[{"href":"https:\/\/www.mulch.ro\/de\/wp-json\/wp\/v2\/pages\/7611"}],"collection":[{"href":"https:\/\/www.mulch.ro\/de\/wp-json\/wp\/v2\/pages"}],"about":[{"href":"https:\/\/www.mulch.ro\/de\/wp-json\/wp\/v2\/types\/page"}],"author":[{"embeddable":true,"href":"https:\/\/www.mulch.ro\/de\/wp-json\/wp\/v2\/users\/1"}],"replies":[{"embeddable":true,"href":"https:\/\/www.mulch.ro\/de\/wp-json\/wp\/v2\/comments?post=7611"}],"version-history":[{"count":4,"href":"https:\/\/www.mulch.ro\/de\/wp-json\/wp\/v2\/pages\/7611\/revisions"}],"predecessor-version":[{"id":7667,"href":"https:\/\/www.mulch.ro\/de\/wp-json\/wp\/v2\/pages\/7611\/revisions\/7667"}],"wp:attachment":[{"href":"https:\/\/www.mulch.ro\/de\/wp-json\/wp\/v2\/media?parent=7611"}],"curies":[{"name":"wp","href":"https:\/\/api.w.org\/{rel}","templated":true}]}}