{"id":7636,"date":"2016-05-14T09:47:42","date_gmt":"2016-05-14T09:47:42","guid":{"rendered":"https:\/\/www.mulch.ro\/dienstleistungen\/mulci-portocaliu\/"},"modified":"2021-02-24T11:26:41","modified_gmt":"2021-02-24T11:26:41","slug":"orangefarbener-mulch","status":"publish","type":"page","link":"https:\/\/www.mulch.ro\/de\/dienstleistungen\/orangefarbener-mulch\/","title":{"rendered":"Orangefarbener Mulch"},"content":{"rendered":"<p>[vc_row el_class=&#8221;desktop&#8221;][vc_column][vc_column_text]<\/p>\n<h2><strong>Orangefarbener Mulch <\/strong><\/h2>\n<p><a href=\"https:\/\/www.mulch.ro\/wp-content\/uploads\/2016\/05\/7033864-mulci-colorat-scoarta.jpg\"><img loading=\"lazy\" class=\"size-medium wp-image-6647 alignleft\" src=\"https:\/\/www.mulch.ro\/wp-content\/uploads\/2016\/05\/7033864-mulci-colorat-scoarta-300x300.jpg\" alt=\"\" width=\"300\" height=\"300\" \/><\/a><\/p>\n<p>F\u00fcr eine spezielle Gartengestaltung oder zur Versch\u00f6nerung von Gr\u00fcnfl\u00e4chen, aber auch zur Verbesserung der biologischen Aktivit\u00e4t des Bodens, ist der orangefarbene Holz Mulch eine neuartige und \u00e4u\u00dferst originelle L\u00f6sung. In einem hellen Orangeton werden die Pflanzen und das gesamte Dekor der Gr\u00fcnfl\u00e4che hervorgehoben, wobei sie perfekt zu jeder Farbpalette und Anordnung passen oder in Farbkompositionen verwendet werden k\u00f6nnen, um Figuren zu skizzieren oder bestimmte Bereiche abzugrenzen. Der orangefarbene Mulch aus bemaltem Holz ist aufgrund der Farbstoffe nat\u00fcrlichen Ursprungs ein zu 100% \u00f6kologisches Produkt und betont jedes Detail im Garten oder in jeder anderen Gr\u00fcnfl\u00e4che, in der Sie ihn platzieren. Mit seinem fr\u00f6hlichen, einladenden und exzentrischen Farbton sorgt er f\u00fcr ein rustikales Aussehen und einer besonderen Landschaftsgestaltung.<\/p>\n<p>Der orangenfarbene Mulch hat neben seiner dekorativen Rolle auch eine Schutzfunktion f\u00fcr Pflanzen, Str\u00e4ucher, Gem\u00fcse oder Blumen. Aufgrund der darin enthaltenen N\u00e4hrstoffe unterst\u00fctzt Mulch im Wesentlichen die Pflanzenentwicklung und verhindert das Wachstum von Unkraut. Es verhindert auch das Eindringen, das Einfrieren des Bodens und stellt alle notwendigen Aspekte sicher, um die Luftfeuchtigkeit aufrechtzuerhalten. Eine ganz besondere, bequeme und wirtschaftliche Alternative zu gew\u00f6hnlichem Rasen, Holz Mulch in verschiedenen Farbt\u00f6nen, insbesondere aber der orangenfarbene Mulch, ist ein besonderer Ansatz f\u00fcr die Dekoration Ihres pers\u00f6nlichen Gartens oder einer \u00f6ffentlichen Gr\u00fcnfl\u00e4che. Mit seiner Hilfe wird der Ort, den Sie arrangieren m\u00f6chten, zu einem Anziehungspunkt f\u00fcr alle Ihre G\u00e4ste und weckt durch seine Sch\u00f6nheit, Originalit\u00e4t und Funktionalit\u00e4t Augen und Neugier.<\/p>\n<p><a href=\"https:\/\/www.mulch.ro\/wp-content\/uploads\/2016\/05\/7033864-mulci-colorat-scoarta.jpg\">\u00a0<\/a>[\/vc_column_text][\/vc_column][\/vc_row][vc_row el_class=&#8221;mobile&#8221;][vc_column width=&#8221;1\/2&#8243;][vc_single_image image=&#8221;6647&#8243; img_size=&#8221;full&#8221;][\/vc_column][vc_column width=&#8221;1\/2&#8243;][vc_column_text]F\u00fcr eine spezielle Gartengestaltung oder zur Versch\u00f6nerung von Gr\u00fcnfl\u00e4chen, aber auch zur Verbesserung der biologischen Aktivit\u00e4t des Bodens, ist der orangefarbene Holz Mulch eine neuartige und \u00e4u\u00dferst originelle L\u00f6sung. In einem hellen Orangeton werden die Pflanzen und das gesamte Dekor der Gr\u00fcnfl\u00e4che hervorgehoben, wobei sie perfekt zu jeder Farbpalette und Anordnung passen oder in Farbkompositionen verwendet werden k\u00f6nnen, um Figuren zu skizzieren oder bestimmte Bereiche abzugrenzen. Der orangefarbene Mulch aus bemaltem Holz ist aufgrund der Farbstoffe nat\u00fcrlichen Ursprungs ein zu 100% \u00f6kologisches Produkt und betont jedes Detail im Garten oder in jeder anderen Gr\u00fcnfl\u00e4che, in der Sie ihn platzieren. Mit seinem fr\u00f6hlichen, einladenden und exzentrischen Farbton sorgt er f\u00fcr ein rustikales Aussehen und einer besonderen Landschaftsgestaltung.<\/p>\n<p>Der orangenfarbene Mulch hat neben seiner dekorativen Rolle auch eine Schutzfunktion f\u00fcr Pflanzen, Str\u00e4ucher, Gem\u00fcse oder Blumen. Aufgrund der darin enthaltenen N\u00e4hrstoffe unterst\u00fctzt Mulch im Wesentlichen die Pflanzenentwicklung und verhindert das Wachstum von Unkraut. Es verhindert auch das Eindringen, das Einfrieren des Bodens und stellt alle notwendigen Aspekte sicher, um die Luftfeuchtigkeit aufrechtzuerhalten. Eine ganz besondere, bequeme und wirtschaftliche Alternative zu gew\u00f6hnlichem Rasen, Holz Mulch in verschiedenen Farbt\u00f6nen, insbesondere aber der orangenfarbene Mulch, ist ein besonderer Ansatz f\u00fcr die Dekoration Ihres pers\u00f6nlichen Gartens oder einer \u00f6ffentlichen Gr\u00fcnfl\u00e4che. Mit seiner Hilfe wird der Ort, den Sie arrangieren m\u00f6chten, zu einem Anziehungspunkt f\u00fcr alle Ihre G\u00e4ste und weckt durch seine Sch\u00f6nheit, Originalit\u00e4t und Funktionalit\u00e4t Augen und Neugier.[\/vc_column_text][\/vc_column][\/vc_row][vc_row][vc_column][vc_cta h2=&#8221;Fragen Sie nach einem Angebot f\u00fcr Orangenmulch&#8221; color=&#8221;green&#8221; add_button=&#8221;right&#8221; btn_title=&#8221;Bitten Sie um ein Angebot&#8221; btn_color=&#8221;success&#8221; btn_link=&#8221;url:https%3A%2F%2Fwww.mulch.ro%2Fde%2Fangebot-anfordern-mulch%2F|||&#8221;][\/vc_cta][\/vc_column][\/vc_row]<\/p>\n","protected":false},"excerpt":{"rendered":"<p>[vc_row el_class=&#8221;desktop&#8221;][vc_column][vc_column_text] Orangefarbener Mulch F\u00fcr eine spezielle Gartengestaltung oder zur Versch\u00f6nerung von Gr\u00fcnfl\u00e4chen, aber auch zur Verbesserung der biologischen Aktivit\u00e4t des Bodens, ist der orangefarbene Holz Mulch eine neuartige und \u00e4u\u00dferst originelle L\u00f6sung. In einem hellen Orangeton werden die Pflanzen und das gesamte Dekor der Gr\u00fcnfl\u00e4che hervorgehoben, wobei sie perfekt zu jeder Farbpalette und Anordnung [&hellip;]<\/p>\n","protected":false},"author":1,"featured_media":0,"parent":7527,"menu_order":0,"comment_status":"closed","ping_status":"closed","template":"","meta":[],"aioseo_notices":[],"_links":{"self":[{"href":"https:\/\/www.mulch.ro\/de\/wp-json\/wp\/v2\/pages\/7636"}],"collection":[{"href":"https:\/\/www.mulch.ro\/de\/wp-json\/wp\/v2\/pages"}],"about":[{"href":"https:\/\/www.mulch.ro\/de\/wp-json\/wp\/v2\/types\/page"}],"author":[{"embeddable":true,"href":"https:\/\/www.mulch.ro\/de\/wp-json\/wp\/v2\/users\/1"}],"replies":[{"embeddable":true,"href":"https:\/\/www.mulch.ro\/de\/wp-json\/wp\/v2\/comments?post=7636"}],"version-history":[{"count":3,"href":"https:\/\/www.mulch.ro\/de\/wp-json\/wp\/v2\/pages\/7636\/revisions"}],"predecessor-version":[{"id":7669,"href":"https:\/\/www.mulch.ro\/de\/wp-json\/wp\/v2\/pages\/7636\/revisions\/7669"}],"up":[{"embeddable":true,"href":"https:\/\/www.mulch.ro\/de\/wp-json\/wp\/v2\/pages\/7527"}],"wp:attachment":[{"href":"https:\/\/www.mulch.ro\/de\/wp-json\/wp\/v2\/media?parent=7636"}],"curies":[{"name":"wp","href":"https:\/\/api.w.org\/{rel}","templated":true}]}}