{"id":7639,"date":"2016-05-14T09:54:46","date_gmt":"2016-05-14T09:54:46","guid":{"rendered":"https:\/\/www.mulch.ro\/dienstleistungen\/mulci-rosu\/"},"modified":"2021-02-24T11:27:40","modified_gmt":"2021-02-24T11:27:40","slug":"roter-mulch","status":"publish","type":"page","link":"https:\/\/www.mulch.ro\/de\/dienstleistungen\/roter-mulch\/","title":{"rendered":"Roter Mulch"},"content":{"rendered":"<p>[vc_row el_class=&#8221;desktop&#8221;][vc_column][vc_column_text]<\/p>\n<h2><strong>Roter Mulch <\/strong><\/h2>\n<p><a href=\"https:\/\/www.mulch.ro\/wp-content\/uploads\/2016\/05\/7033861-mulch-colorat-mulci-scoarta.jpg\"><img loading=\"lazy\" class=\"size-medium wp-image-6613 alignleft\" src=\"https:\/\/www.mulch.ro\/wp-content\/uploads\/2016\/05\/7033861-mulch-colorat-mulci-scoarta-300x300.jpg\" alt=\"\" width=\"300\" height=\"300\" \/><\/a><\/p>\n<p>Das angenehme Ambiente eines Hauses h\u00e4ngt stark vom Aussehen des Gartens und seiner Anordnung und Pflege ab. Jeder Garten muss nach Belieben angelegt werden und sollte das Angenehme mit dem N\u00fctzlichen verbinden, wobei hochwertige dekorative Elemente verwendet werden. Die meisten, die einen sch\u00f6n arrangierten und angelegten Garten w\u00fcnschen, versuchen, eine Ecke der Natur nachzuahmen, damit die Momente der Entspannung in der Familie wie ein Ausflug ins Gr\u00fcne sind. Die Verwendung von Mulchen ist eine \u00f6kologische, schnelle und nachhaltige Variante, die das Erscheinungsbild des Gartens aufgrund der warmen Farben und Textur radikal ver\u00e4ndert. Die Verwendung von rotem Mulch hat sowohl eine sch\u00fctzende als auch eine dekorative Rolle und kombiniert somit zwei wichtige Kriterien bei der Anordnung und Pflege eines offenen Raums. Die Schutzfunktion ist ein wichtiger Faktor f\u00fcr Pflanzen, insbesondere in der kalten Jahreszeit. Roter Mulch verhindert auch die Entwicklung von Unkraut und wird zum Zeitpunkt der Zersetzung zu einem guten D\u00fcnger f\u00fcr Pflanzen. Roter Mulch kann um Pflanzen, Blumen oder B\u00e4ume herum verwendet werden. Wenn Sie jedoch einen originellen und einzigartigen Garten w\u00fcnschen, k\u00f6nnen Sie ihn auch zur Abdeckung von Wegen verwenden, um die Sichtbarkeit zu verbessern. Je nach Vision und Kreativit\u00e4t kann roter Mulch nach den Vorlieben und Geschmack aller verwendet und im In- und Ausland in verschiedene Arrangements integriert werden. Diese ideale Dekorations- und Gestaltungsmethode steht jedem zur Verf\u00fcgung. Sie bietet dem Garten sowohl nat\u00fcrliche Vorteile als auch ein ordentliches, sauberes Aussehen und wird so zu einer idealen Umgebung, um Zeit mit Familie und Freunden zu verbringen.[\/vc_column_text][\/vc_column][\/vc_row][vc_row el_class=&#8221;mobile&#8221;][vc_column width=&#8221;1\/2&#8243;][vc_single_image image=&#8221;6613&#8243; img_size=&#8221;full&#8221;][\/vc_column][vc_column width=&#8221;1\/2&#8243;][vc_column_text]Das angenehme Ambiente eines Hauses h\u00e4ngt stark vom Aussehen des Gartens und seiner Anordnung und Pflege ab. Jeder Garten muss nach Belieben angelegt werden und sollte das Angenehme mit dem N\u00fctzlichen verbinden, wobei hochwertige dekorative Elemente verwendet werden. Die meisten, die einen sch\u00f6n arrangierten und angelegten Garten w\u00fcnschen, versuchen, eine Ecke der Natur nachzuahmen, damit die Momente der Entspannung in der Familie wie ein Ausflug ins Gr\u00fcne sind. Die Verwendung von Mulchen ist eine \u00f6kologische, schnelle und nachhaltige Variante, die das Erscheinungsbild des Gartens aufgrund der warmen Farben und Textur radikal ver\u00e4ndert. Die Verwendung von rotem Mulch hat sowohl eine sch\u00fctzende als auch eine dekorative Rolle und kombiniert somit zwei wichtige Kriterien bei der Anordnung und Pflege eines offenen Raums.<\/p>\n<p>Die Schutzfunktion ist ein wichtiger Faktor f\u00fcr Pflanzen, insbesondere in der kalten Jahreszeit. Roter Mulch verhindert auch die Entwicklung von Unkraut und wird zum Zeitpunkt der Zersetzung zu einem guten D\u00fcnger f\u00fcr Pflanzen. Roter Mulch kann um Pflanzen, Blumen oder B\u00e4ume herum verwendet werden. Wenn Sie jedoch einen originellen und einzigartigen Garten w\u00fcnschen, k\u00f6nnen Sie ihn auch zur Abdeckung von Wegen verwenden, um die Sichtbarkeit zu verbessern. Je nach Vision und Kreativit\u00e4t kann roter Mulch nach den Vorlieben und Geschmack aller verwendet und im In- und Ausland in verschiedene Arrangements integriert werden. Diese ideale Dekorations- und Gestaltungsmethode steht jedem zur Verf\u00fcgung. Sie bietet dem Garten sowohl nat\u00fcrliche Vorteile als auch ein ordentliches, sauberes Aussehen und wird so zu einer idealen Umgebung, um Zeit mit Familie und Freunden zu verbringen.[\/vc_column_text][\/vc_column][\/vc_row][vc_row][vc_column][vc_cta h2=&#8221;Fragen Sie nach einem Angebot f\u00fcr roten Mulch&#8221; color=&#8221;green&#8221; add_button=&#8221;right&#8221; btn_title=&#8221;Bitten Sie um ein Angebot&#8221; btn_color=&#8221;green&#8221; btn_link=&#8221;url:https%3A%2F%2Fwww.mulch.ro%2Fde%2Fangebot-anfordern-mulch%2F|||&#8221;][\/vc_cta][\/vc_column][\/vc_row]<\/p>\n","protected":false},"excerpt":{"rendered":"<p>[vc_row el_class=&#8221;desktop&#8221;][vc_column][vc_column_text] Roter Mulch Das angenehme Ambiente eines Hauses h\u00e4ngt stark vom Aussehen des Gartens und seiner Anordnung und Pflege ab. Jeder Garten muss nach Belieben angelegt werden und sollte das Angenehme mit dem N\u00fctzlichen verbinden, wobei hochwertige dekorative Elemente verwendet werden. Die meisten, die einen sch\u00f6n arrangierten und angelegten Garten w\u00fcnschen, versuchen, eine Ecke [&hellip;]<\/p>\n","protected":false},"author":1,"featured_media":0,"parent":7527,"menu_order":0,"comment_status":"closed","ping_status":"closed","template":"","meta":[],"aioseo_notices":[],"_links":{"self":[{"href":"https:\/\/www.mulch.ro\/de\/wp-json\/wp\/v2\/pages\/7639"}],"collection":[{"href":"https:\/\/www.mulch.ro\/de\/wp-json\/wp\/v2\/pages"}],"about":[{"href":"https:\/\/www.mulch.ro\/de\/wp-json\/wp\/v2\/types\/page"}],"author":[{"embeddable":true,"href":"https:\/\/www.mulch.ro\/de\/wp-json\/wp\/v2\/users\/1"}],"replies":[{"embeddable":true,"href":"https:\/\/www.mulch.ro\/de\/wp-json\/wp\/v2\/comments?post=7639"}],"version-history":[{"count":3,"href":"https:\/\/www.mulch.ro\/de\/wp-json\/wp\/v2\/pages\/7639\/revisions"}],"predecessor-version":[{"id":7672,"href":"https:\/\/www.mulch.ro\/de\/wp-json\/wp\/v2\/pages\/7639\/revisions\/7672"}],"up":[{"embeddable":true,"href":"https:\/\/www.mulch.ro\/de\/wp-json\/wp\/v2\/pages\/7527"}],"wp:attachment":[{"href":"https:\/\/www.mulch.ro\/de\/wp-json\/wp\/v2\/media?parent=7639"}],"curies":[{"name":"wp","href":"https:\/\/api.w.org\/{rel}","templated":true}]}}