{"id":7549,"date":"2016-05-14T12:18:43","date_gmt":"2016-05-14T12:18:43","guid":{"rendered":"https:\/\/www.mulch.ro\/shop\/pamant-de-flori\/"},"modified":"2021-02-24T11:37:40","modified_gmt":"2021-02-24T11:37:40","slug":"blumenerde-mit-perlit-und-delcamag-mit-universeller-unterschicht","status":"publish","type":"product","link":"https:\/\/www.mulch.ro\/de\/shop\/blumenerde-mit-perlit-und-delcamag-mit-universeller-unterschicht\/","title":{"rendered":"Blumenerde mit Perlit und Delcamag mit universeller Unterschicht"},"content":{"rendered":"<p>Der erste hat eine enorme Wasserr\u00fcckhaltekapazit\u00e4t, h\u00e4lt die Bodenfeuchtigkeit aufrecht und versorgt die Blumen nur mit dem notwendigen Wasser. Dies hilft dem Boden zu atmen und verbessert seine Struktur auf 100% \u00f6kologische Weise. Delcamag hingegen ist ein zus\u00e4tzlicher Bestandteil des Bodens f\u00fcr Blumen mit universeller Unterschicht, der eine hohe Konzentration an Magnesium und Kalzium enth\u00e4lt und als D\u00fcnger verwendet wird und den chemischen ersetzt.<\/p>\n<p>Mit seiner Hilfe werden die Blumen starke Wurzeln, Bl\u00e4tter und gesunde St\u00e4ngel haben, und das Gesamterscheinungsbild wird aufgrund der reichlichen Bl\u00fcte sicherlich sichtbar verbessert. Blumenerde mit Perlit und Delcamag mit universeller Unterschicht ist die ideale Option zum Pflanzen oder Pflegen verschiedener Arten von Blumen mit erh\u00f6htem N\u00e4hrstoffbedarf. Dieses universelle Kultursubstrat enth\u00e4lt alle notwendigen Zutaten f\u00fcr die optimale und nat\u00fcrliche Entwicklung der Blumen und sorgt so f\u00fcr eine reichhaltige und dauerhafte Bl\u00fcte auf nat\u00fcrliche und wirtschaftliche Weise.<\/p>\n","protected":false},"excerpt":{"rendered":"<p>Es ist bekannt, dass f\u00fcr eine nat\u00fcrliche Entwicklung von Blumen, entweder auf dem Balkon oder im Garten, der Boden und seine Unterschicht Schl\u00fcsselfaktoren f\u00fcr den Wachstumsprozess sind. Bl\u00fctenboden mit Perlit und Delcamag mit universeller Unterschicht wurde speziell f\u00fcr Blumen und Pflanzen mit hohem N\u00e4hrstoffbedarf entwickelt und ist die wirtschaftlichste und optimalste L\u00f6sung f\u00fcr eine einfache, effektive und nat\u00fcrliche Gartenarbeit. Voller Substanzen und Inhaltsstoffe, die eine ideale Wachstumsumgebung f\u00fcr Pflanzen und Blumen bieten, werden die Auswirkungen des Bodens f\u00fcr Blumen mit Perlit und Delcamag Ihre Erwartungen \u00fcbertreffen und Ihren Pflanzen eine angemessene Pflege garantieren, die St\u00e4rke der Wurzeln und die Gesundheit der St\u00e4ngel und Bl\u00e4tter erhalten. Perlit und Delcamag sind zwei Substanzen, die f\u00fcr ihre Vorteile im Garten bekannt sind.<\/p>\n","protected":false},"featured_media":7550,"template":"","meta":[],"aioseo_notices":[],"_links":{"self":[{"href":"https:\/\/www.mulch.ro\/de\/wp-json\/wp\/v2\/product\/7549"}],"collection":[{"href":"https:\/\/www.mulch.ro\/de\/wp-json\/wp\/v2\/product"}],"about":[{"href":"https:\/\/www.mulch.ro\/de\/wp-json\/wp\/v2\/types\/product"}],"wp:featuredmedia":[{"embeddable":true,"href":"https:\/\/www.mulch.ro\/de\/wp-json\/wp\/v2\/media\/7550"}],"wp:attachment":[{"href":"https:\/\/www.mulch.ro\/de\/wp-json\/wp\/v2\/media?parent=7549"}],"curies":[{"name":"wp","href":"https:\/\/api.w.org\/{rel}","templated":true}]}}