{"id":7551,"date":"2016-05-14T12:15:01","date_gmt":"2016-05-14T12:15:01","guid":{"rendered":"https:\/\/www.mulch.ro\/shop\/scoarta-natur\/"},"modified":"2021-02-24T11:37:46","modified_gmt":"2021-02-24T11:37:46","slug":"natuerliche-rinde","status":"publish","type":"product","link":"https:\/\/www.mulch.ro\/de\/shop\/natuerliche-rinde\/","title":{"rendered":"Nat\u00fcrliche Rinde"},"content":{"rendered":"<p>Mit einer hohen Deckkraft h\u00e4lt die nat\u00fcrliche Rinde Wasser im Boden und h\u00e4lt nicht nur f\u00fcr acidophile Pflanzen eine ideale Feuchtigkeit aufrecht. Im Prinzip, ist dieser Nadelrindenkompost ein D\u00fcnger mit dem Aussehen und den Eigenschaften von Mulch, den Sie f\u00fcr beide Zwecke verwenden k\u00f6nnen.<\/p>\n<p>Die nat\u00fcrliche Rinde bietet die M\u00f6glichkeit f\u00fcr eine spezielle Landschaftsgestaltung, egal ob es sich um pers\u00f6nliche oder \u00f6ffentliche Projekte handelt. Seine nat\u00fcrliche Farbe und die Vielfalt der Gr\u00f6\u00dfe der St\u00fccke werden sich von der Frische und dem Aussehen der Pflanzen abheben und ihre Farbe hervorheben. Der Mulch aus nat\u00fcrlicher Rinde kann auch zur Anordnung von Au\u00dfenr\u00e4umen mit dekorativen Gegenst\u00e4nden verwendet werden. Schlie\u00dflich ist die Anordnung der Gr\u00fcnfl\u00e4chen nur durch Ihre Vorstellungskraft begrenzt, und wir bieten Ihnen die notwendigen Elemente an. In Anbetracht der funktionalen und dekorativen Vorteile der nat\u00fcrlichen Rinde empfehlen wir unsere \u00f6kologischen Produkte f\u00fcr die ideale Anordnung von Gr\u00fcnfl\u00e4chen.<\/p>\n","protected":false},"excerpt":{"rendered":"<p>Nadelbaumrindenkompost ist ein Naturprodukt, das wir jetzt f\u00fcr eine spezielle Anordnung Ihres Gartens oder gr\u00fcner \u00f6ffentlicher R\u00e4ume zum Kauf anbieten, was auch echte Vorteile f\u00fcr die Bodenqualit\u00e4t hat. Dieser Mulch hat eine nat\u00fcrliche Farbe und wird aus Baumrinde, normalerweise Weichholz, gewonnen, zerkleinert und ist in verschiedenen Gr\u00f6\u00dfen erh\u00e4ltlich. Nat\u00fcrliche Rinde ist besonders ideal f\u00fcr Pflanzen, die saure oder leicht saure B\u00f6den mit einem pH-Wert von etwa 4,5-6 lieben.<\/p>\n","protected":false},"featured_media":0,"template":"","meta":[],"aioseo_notices":[],"_links":{"self":[{"href":"https:\/\/www.mulch.ro\/de\/wp-json\/wp\/v2\/product\/7551"}],"collection":[{"href":"https:\/\/www.mulch.ro\/de\/wp-json\/wp\/v2\/product"}],"about":[{"href":"https:\/\/www.mulch.ro\/de\/wp-json\/wp\/v2\/types\/product"}],"wp:attachment":[{"href":"https:\/\/www.mulch.ro\/de\/wp-json\/wp\/v2\/media?parent=7551"}],"curies":[{"name":"wp","href":"https:\/\/api.w.org\/{rel}","templated":true}]}}