{"id":7555,"date":"2016-05-14T12:07:45","date_gmt":"2016-05-14T12:07:45","guid":{"rendered":"https:\/\/www.mulch.ro\/shop\/mulch-galben\/"},"modified":"2021-02-24T11:37:59","modified_gmt":"2021-02-24T11:37:59","slug":"gelber-mulch","status":"publish","type":"product","link":"https:\/\/www.mulch.ro\/de\/shop\/gelber-mulch\/","title":{"rendered":"Gelber Mulch"},"content":{"rendered":"<p>Er erfrischt jede Landschaftsgestaltung, verhindert Unkraut, sorgt f\u00fcr die richtige Bodenfeuchtigkeit und sorgt f\u00fcr ein rustikales Aussehen und Akzente heben Sie auf jeden Fall Ihre Pflanzen und vorhandenen Dekorationen hervor. Gelber Mulch ist ein hochwertiges Produkt, das in Rum\u00e4nien hergestellt wird und den \u00e4sthetischen Kontrast darstellt, den Ihr Garten ben\u00f6tigt. Aufgrund der in seiner Komponente enthaltenen N\u00e4hrstoffe h\u00e4lt es die Pflanzen gesund und versch\u00f6nert die Oberfl\u00e4che, die durch seine exzentrische Farbe und sein Holzrindendesign angeordnet ist. \u00a0Auf 100% nat\u00fcrliche Weise erh\u00e4lt der Garten oder die landschaftlich gestaltete Gr\u00fcnfl\u00e4che ein rustikales Bild und zieht alle Blicke auf sich.<\/p>\n<p>Gelber Mulch ist sehr einfach aufzutragen und hat einen hohen Grad an Bodenbedeckung. Er verhindert das Wachstum von Unkraut, speichert die Bodenfeuchtigkeit und reduziert die Erosion. Pflanzen erhalten eine ideale Umgebung f\u00fcr Wachstum und Entwicklung. Gelber Mulch ist aufgrund der N\u00e4hrstoffbestandteile ein besonderes dekoratives Element und ein nat\u00fcrlicher D\u00fcnger f\u00fcr den Boden. Er ist ein qualitativ hochwertiges Produkt und ein Material, das bei der Gestaltung und Dekoration von G\u00e4rten oder Gr\u00fcnfl\u00e4chen sehr gesch\u00e4tzt wird.<\/p>\n<p>&nbsp;<\/p>\n","protected":false},"excerpt":{"rendered":"<p>Das Mulchen ist eine nat\u00fcrliche Methode zur Dekoration und zum Schutz von Pflanzen, B\u00e4umen, Blumen usw., um den Garten oder eine Gr\u00fcnfl\u00e4che wirtschaftlich zu gestalten. Der Mulch besteht aus Holz und ist mit 100% nat\u00fcrlichen Farbstoffen in einem fr\u00f6hlichen und positiven Gelbton gestrichen.<\/p>\n","protected":false},"featured_media":7556,"template":"","meta":[],"aioseo_notices":[],"_links":{"self":[{"href":"https:\/\/www.mulch.ro\/de\/wp-json\/wp\/v2\/product\/7555"}],"collection":[{"href":"https:\/\/www.mulch.ro\/de\/wp-json\/wp\/v2\/product"}],"about":[{"href":"https:\/\/www.mulch.ro\/de\/wp-json\/wp\/v2\/types\/product"}],"wp:featuredmedia":[{"embeddable":true,"href":"https:\/\/www.mulch.ro\/de\/wp-json\/wp\/v2\/media\/7556"}],"wp:attachment":[{"href":"https:\/\/www.mulch.ro\/de\/wp-json\/wp\/v2\/media?parent=7555"}],"curies":[{"name":"wp","href":"https:\/\/api.w.org\/{rel}","templated":true}]}}