{"id":7559,"date":"2016-05-14T11:59:52","date_gmt":"2016-05-14T11:59:52","guid":{"rendered":"https:\/\/www.mulch.ro\/shop\/mulch-maro\/"},"modified":"2021-02-24T11:38:10","modified_gmt":"2021-02-24T11:38:10","slug":"brauner-mulch","status":"publish","type":"product","link":"https:\/\/www.mulch.ro\/de\/shop\/brauner-mulch\/","title":{"rendered":"Brauner Mulch"},"content":{"rendered":"<p>Brauner Mulch hat eine nat\u00fcrliche Holzoptik und ist eigentlich ein nat\u00fcrliches Holzprodukt, genauer gesagt Nadelbaumrinde, dessen Farbe mit hochwertigen organischen Farben verbessert wurde. Der in Rum\u00e4nien hergestellte braune Mulch, den wir in S\u00e4cken zu je 60 Litern zur Verf\u00fcgung stellen, hat viele positive Auswirkungen auf den Boden, egal ob er an der Basis von Obstb\u00e4umen oder um die dekorativen Pflanzen herumgestreut wird. Das Mulchen des Bodens erfolgt im Fr\u00fchjahr, jedoch nicht, bevor sich der Boden nach der K\u00e4lte erw\u00e4rmen kann. Diese Nadelbaumrinde h\u00e4lt ein optimales Feuchtigkeitsniveau im Boden aufrecht, verbessert die Fruchtbarkeit und Gesundheit des Bodens durch allm\u00e4hliche Zersetzung und verhindert das Wachstum von Unkraut erheblich.<\/p>\n<p>F\u00fcr dekorative Zwecke verleiht der braune Mulch aus der Nadelbaumrinde dem Au\u00dfenbereich ein angenehmes Aussehen. Seine Farbe sorgt f\u00fcr einen Kontrast und eine Hervorhebung der Pflanzen und Dekorationsgegenst\u00e4nde, um die er gelegt wird. Der braune Mulch ist leicht aufzutragen, es wird empfohlen, ihn in eine Schicht von ca. 5 cm zu legen, und er hat einen hohen Grad an Bodenbedeckung. Ob Sie sich f\u00fcr den Kontrast oder f\u00fcr ein rustikales Aussehen Ihres Gartens oder Hofes entscheiden, brauner Mulch ist die ideale Wahl, wenn es um ein besonderes Dekor und Vorteile f\u00fcr den Boden geht.<\/p>\n","protected":false},"excerpt":{"rendered":"<p>Unser Angebot an braunem Mulch dient nicht nur dekorativen, sondern auch funktionalen Zwecken, da Sie durch seine Verwendung auch den fruchtbaren Teil des Bodens sch\u00fctzen und gleichzeitig Ihren Garten, Innenhof oder gro\u00dfe T\u00f6pfe im Haus oder Hof versch\u00f6nern.<\/p>\n","protected":false},"featured_media":0,"template":"","meta":[],"aioseo_notices":[],"_links":{"self":[{"href":"https:\/\/www.mulch.ro\/de\/wp-json\/wp\/v2\/product\/7559"}],"collection":[{"href":"https:\/\/www.mulch.ro\/de\/wp-json\/wp\/v2\/product"}],"about":[{"href":"https:\/\/www.mulch.ro\/de\/wp-json\/wp\/v2\/types\/product"}],"wp:attachment":[{"href":"https:\/\/www.mulch.ro\/de\/wp-json\/wp\/v2\/media?parent=7559"}],"curies":[{"name":"wp","href":"https:\/\/api.w.org\/{rel}","templated":true}]}}