{"id":7425,"date":"2012-04-09T15:06:00","date_gmt":"2012-04-09T15:06:00","guid":{"rendered":"https:\/\/www.mulch.ro\/blog\/"},"modified":"2021-02-23T14:32:31","modified_gmt":"2021-02-23T14:32:31","slug":"blog","status":"publish","type":"page","link":"https:\/\/www.mulch.ro\/hu\/blog\/","title":{"rendered":"Kerttervez\u00e9si tippek"},"content":{"rendered":"<p>[vc_row][vc_column]<div class=\"porto-recent-posts wpb_content_element \">\t<div class=\"row\">\n\t\t<div class=\"post-carousel porto-carousel owl-carousel\" data-plugin-options=\"{&quot;themeConfig&quot;:true,&quot;lg&quot;:4,&quot;md&quot;:3,&quot;sm&quot;:2}\">\n\t\t\t<div class=\"post-slide\"><div class=\"post-item post-title-simple\">\n\t\t<a href=\"https:\/\/www.mulch.ro\/hu\/kertepitesi-tanacsok-mulccsal\/\"> <span class=\"post-image thumb-info thumb-info-hide-wrapper-bg m-b-md\"> <span class=\"thumb-info-wrapper\"> <img class=\"img-responsive\" width=\"450\" height=\"231\" src=\"https:\/\/www.mulch.ro\/wp-content\/uploads\/2021\/02\/IMG-20200421-WA0000-450x231.jpg\" alt=\"\" \/>\n\t\t\t<span class=\"zoom\" data-src=\"https:\/\/www.mulch.ro\/wp-content\/uploads\/2021\/02\/IMG-20200421-WA0000.jpg\" data-title=\"\"><i class=\"fas fa-search\"><\/i><\/span>\n\t\t<\/span> <\/span> <\/a>\n\t\t\t<h4><a href=\"https:\/\/www.mulch.ro\/hu\/kertepitesi-tanacsok-mulccsal\/\">\n\t\tKert\u00e9p\u00edt\u00e9si tan\u00e1csok mulccsal\t<\/a><\/h4>\n\t\t<div><p class=\"post-excerpt\">1. \u00dcltetv\u00e9nyek A n\u00f6v\u00e9nyek termeszt\u00e9si felt\u00e9telei k\u00fcl\u00f6nb\u00f6z\u0151ek lehetnek. A paprika, a paradicsom, a padlizs\u00e1n \u00e9s a dinnye szereti a...  <a class=\"read-more\" href=\"https:\/\/www.mulch.ro\/hu\/kertepitesi-tanacsok-mulccsal\/\">read more <i class=\"fas fa-angle-right\"><\/i><\/a><\/p><\/div> <\/div>\n<\/div><div class=\"post-slide\"><div class=\"post-item post-title-simple\">\n\t\t<a href=\"https:\/\/www.mulch.ro\/hu\/kertepites-mulccsal\/\"> <span class=\"post-image thumb-info thumb-info-hide-wrapper-bg m-b-md\"> <span class=\"thumb-info-wrapper\"> <img class=\"img-responsive\" width=\"308\" height=\"231\" src=\"https:\/\/www.mulch.ro\/wp-content\/uploads\/2020\/05\/IMG-20200421-WA0016.jpg\" alt=\"\" \/>\n\t\t\t<span class=\"zoom\" data-src=\"https:\/\/www.mulch.ro\/wp-content\/uploads\/2020\/05\/IMG-20200421-WA0016.jpg\" data-title=\"\"><i class=\"fas fa-search\"><\/i><\/span>\n\t\t<\/span> <\/span> <\/a>\n\t\t\t<h4><a href=\"https:\/\/www.mulch.ro\/hu\/kertepites-mulccsal\/\">\n\t\tKert\u00e9p\u00edt\u00e9s mulccsal\t<\/a><\/h4>\n\t\t<div><p class=\"post-excerpt\">[vc_row][vc_column][vc_column_text]A legjobb id\u0151megtakar\u00edt\u00e1s egy kert\u00e9sz sz\u00e1m\u00e1ra az, hogy mulcsot haszn\u00e1l. Ez mindenhol \u00e9rv\u00e9nyes, z\u00f6lds\u00e9geskertt\u0151l a vir\u00e1g\u00e1gy\u00e1sokig. A mulcsos kertek...  <a class=\"read-more\" href=\"https:\/\/www.mulch.ro\/hu\/kertepites-mulccsal\/\">read more <i class=\"fas fa-angle-right\"><\/i><\/a><\/p><\/div> <\/div>\n<\/div>\t\t<\/div>\n\t<\/div>\n\t<\/div>[\/vc_column][\/vc_row]<\/p>\n","protected":false},"excerpt":{"rendered":"<p>[vc_row][vc_column][\/vc_column][\/vc_row]<\/p>\n","protected":false},"author":1,"featured_media":0,"parent":0,"menu_order":7,"comment_status":"open","ping_status":"closed","template":"","meta":[],"aioseo_notices":[],"_links":{"self":[{"href":"https:\/\/www.mulch.ro\/hu\/wp-json\/wp\/v2\/pages\/7425"}],"collection":[{"href":"https:\/\/www.mulch.ro\/hu\/wp-json\/wp\/v2\/pages"}],"about":[{"href":"https:\/\/www.mulch.ro\/hu\/wp-json\/wp\/v2\/types\/page"}],"author":[{"embeddable":true,"href":"https:\/\/www.mulch.ro\/hu\/wp-json\/wp\/v2\/users\/1"}],"replies":[{"embeddable":true,"href":"https:\/\/www.mulch.ro\/hu\/wp-json\/wp\/v2\/comments?post=7425"}],"version-history":[{"count":2,"href":"https:\/\/www.mulch.ro\/hu\/wp-json\/wp\/v2\/pages\/7425\/revisions"}],"predecessor-version":[{"id":7605,"href":"https:\/\/www.mulch.ro\/hu\/wp-json\/wp\/v2\/pages\/7425\/revisions\/7605"}],"wp:attachment":[{"href":"https:\/\/www.mulch.ro\/hu\/wp-json\/wp\/v2\/media?parent=7425"}],"curies":[{"name":"wp","href":"https:\/\/api.w.org\/{rel}","templated":true}]}}