{"id":7431,"date":"2013-10-09T14:11:30","date_gmt":"2013-10-09T14:11:30","guid":{"rendered":"https:\/\/www.mulch.ro\/producator-mulch-scoarta\/"},"modified":"2021-02-23T10:18:41","modified_gmt":"2021-02-23T10:18:41","slug":"servicii-bistritene-mulcs-termelo","status":"publish","type":"page","link":"https:\/\/www.mulch.ro\/hu\/servicii-bistritene-mulcs-termelo\/","title":{"rendered":"Servicii Bistritene \u2013 Mulcs termel\u0151"},"content":{"rendered":"<p>[vc_row equal_height=&#8221;yes&#8221;][vc_column width=&#8221;1\/3&#8243;][vc_single_image image=&#8221;6618&#8243; img_size=&#8221;full&#8221;][\/vc_column][vc_column width=&#8221;2\/3&#8243;][vc_column_text]<\/p>\n<h2 class=\"entry-title single-post entry-title\"><strong>Servicii Bistritene \u2013 Mulcs termel\u0151 <\/strong><\/h2>\n<p><strong>Mi tudjuk, hogy a kert intimit\u00e1s\u00e1ban, a csal\u00e1ddal t\u00f6lt\u00f6tt pillanatok felbecs\u00fclhetetlenek.<\/strong><\/p>\n<p>Ennek \u00e9rdek\u00e9ben egy sz\u00e9lesk\u00f6r\u0171 \u00e9s v\u00e1ltozatos min\u0151s\u00e9gi, tart\u00f3s \u00e9s mindenki sz\u00e1m\u00e1ra el\u00e9rhet\u0151 dekorat\u00edv\u00a0 k\u00f6rnyezetbar\u00e1t term\u00e9keket aj\u00e1nlunk. Szem el\u0151tt tartva, hogy egy kertet vagy egy z\u00f6ld \u00f6vezetet naponta rendezni \u00e9s fenntartani kell, a mulcs, a feny\u0151k\u00e9reg \u00e9s a vir\u00e1gf\u00f6ld haszn\u00e1lata \u00e1ltal a kert\u00e9szeti tev\u00e9kenys\u00e9g egy igazi\u00a0 \u00e9lvezet lesz, a term\u00e9kek el\u0151nyeinek k\u00f6sz\u00f6nhet\u0151en, el\u0151ny\u00f6k, amelyek \u00f6tv\u00f6zik a kellemeset a hasznossal. A Servicii Bistritene t\u00e1rsas\u00e1g teljes k\u00f6r\u0171 kert\u00e9p\u00edt\u00e9szeti \u00e9s kert dekor\u00e1l\u00e1si szolg\u00e1ltat\u00e1sokat ny\u00fajt, t\u00e1panyagokban gazdag vir\u00e1gf\u00f6ldet haszn\u00e1lva fel, ide\u00e1lis azok sz\u00e1m\u00e1ra, akik eg\u00e9szs\u00e9ges \u00e9s gazdag vir\u00e1gterm\u00e9st szeretn\u00e9nek \u00e9s egy plusz v\u00e1ltozatoss\u00e1g \u00e9s rendezett aspektus \u00e9rdek\u00e9ben dekorat\u00edv mulcsokat is szolg\u00e1ltatunk.<\/p>\n<p>A feny\u0151k\u00e9reg, a nat\u00far k\u00e9reg \u00e9s a mulcs, amely narancss\u00e1rga, barna, v\u00f6r\u00f6s \u00e9s s\u00e1rga \u00e1rnyalatokban \u00e1ll rendelkez\u00e9sre, a meleg \u00e1rnyalatoknak k\u00f6sz\u00f6nhet\u0151en egy term\u00e9szetes aspektust ad, \u00edgy kellemes \u00e9s tiszta hat\u00e1sa van, amelyek magukra vonj\u00e1k az \u00d6n kertj\u00e9nek megcsod\u00e1l\u00f3inak tekintet\u00e9t. Az eszt\u00e9tikus aspektus mellett, amely egy kulcselemet jelent b\u00e1rmely helyis\u00e9g\u00a0 t\u00e1j\u00e9p\u00edt\u00e9szet\u00e9ben, a mulcs hasznos a f\u00e1kra, a vir\u00e1gokra \u00e9s j\u00f3 hat\u00e1ssal van a f\u00f6ldre is, szerves t\u00e1panyagok lebont\u00e1sa \u00e1ltal, amelyek sz\u00fcks\u00e9gesek a n\u00f6v\u00e9nyek harmonikus \u00e9s eg\u00e9szs\u00e9ges fejl\u0151d\u00e9shez, meg\u00f3vva \u0151ket a hideg id\u0151szakban, \u00e9s megg\u00e1tolj\u00e1k a gyomok megjelen\u00e9s\u00e9t.<\/p>\n<p>Tiszta \u00e9s sz\u00e9p kertek\u00e9rt, forduljon bizalommal hozz\u00e1nk a Servicii Bistritene t\u00e1rsas\u00e1ghoz, ha min\u0151s\u00e9gi, tart\u00f3s \u00e9s el\u0151ny\u00f6s \u00e1ron szeretne term\u00e9keket beszerezni, amelyek az \u00d6n kertj\u00e9t egy val\u00f3s\u00e1gos kikapcsol\u00f3d\u00e1si \u00f6vezett\u00e9 fogj\u00e1k var\u00e1zsolni.[\/vc_column_text][\/vc_column][\/vc_row][vc_row][vc_column][vc_cta h2=&#8221;\u00c9rdekelnek a term\u00e9keink?&#8221; color=&#8221;green&#8221; add_button=&#8221;right&#8221; btn_title=&#8221;K\u00e9rj aj\u00e1nlatot&#8221; btn_shape=&#8221;rounded&#8221; btn_color=&#8221;green&#8221; btn_link=&#8221;url:%2Fcerere-oferta%2F|||&#8221;][\/vc_cta][\/vc_column][\/vc_row]<\/p>\n","protected":false},"excerpt":{"rendered":"<p>[vc_row equal_height=&#8221;yes&#8221;][vc_column width=&#8221;1\/3&#8243;][vc_single_image image=&#8221;6618&#8243; img_size=&#8221;full&#8221;][\/vc_column][vc_column width=&#8221;2\/3&#8243;][vc_column_text] Servicii Bistritene \u2013 Mulcs termel\u0151 Mi tudjuk, hogy a kert intimit\u00e1s\u00e1ban, a csal\u00e1ddal t\u00f6lt\u00f6tt pillanatok felbecs\u00fclhetetlenek. Ennek \u00e9rdek\u00e9ben egy sz\u00e9lesk\u00f6r\u0171 \u00e9s v\u00e1ltozatos min\u0151s\u00e9gi, tart\u00f3s \u00e9s mindenki sz\u00e1m\u00e1ra el\u00e9rhet\u0151 dekorat\u00edv\u00a0 k\u00f6rnyezetbar\u00e1t term\u00e9keket aj\u00e1nlunk. Szem el\u0151tt tartva, hogy egy kertet vagy egy z\u00f6ld \u00f6vezetet naponta rendezni \u00e9s fenntartani kell, a mulcs, [&hellip;]<\/p>\n","protected":false},"author":1,"featured_media":0,"parent":0,"menu_order":0,"comment_status":"open","ping_status":"open","template":"","meta":[],"aioseo_notices":[],"_links":{"self":[{"href":"https:\/\/www.mulch.ro\/hu\/wp-json\/wp\/v2\/pages\/7431"}],"collection":[{"href":"https:\/\/www.mulch.ro\/hu\/wp-json\/wp\/v2\/pages"}],"about":[{"href":"https:\/\/www.mulch.ro\/hu\/wp-json\/wp\/v2\/types\/page"}],"author":[{"embeddable":true,"href":"https:\/\/www.mulch.ro\/hu\/wp-json\/wp\/v2\/users\/1"}],"replies":[{"embeddable":true,"href":"https:\/\/www.mulch.ro\/hu\/wp-json\/wp\/v2\/comments?post=7431"}],"version-history":[{"count":2,"href":"https:\/\/www.mulch.ro\/hu\/wp-json\/wp\/v2\/pages\/7431\/revisions"}],"predecessor-version":[{"id":7435,"href":"https:\/\/www.mulch.ro\/hu\/wp-json\/wp\/v2\/pages\/7431\/revisions\/7435"}],"wp:attachment":[{"href":"https:\/\/www.mulch.ro\/hu\/wp-json\/wp\/v2\/media?parent=7431"}],"curies":[{"name":"wp","href":"https:\/\/api.w.org\/{rel}","templated":true}]}}