{"id":7449,"date":"2016-05-14T09:47:42","date_gmt":"2016-05-14T09:47:42","guid":{"rendered":"https:\/\/www.mulch.ro\/szolgaltatasok\/mulci-portocaliu\/"},"modified":"2021-02-24T11:14:32","modified_gmt":"2021-02-24T11:14:32","slug":"narancssarga-mulcs","status":"publish","type":"page","link":"https:\/\/www.mulch.ro\/hu\/szolgaltatasok\/narancssarga-mulcs\/","title":{"rendered":"Narancss\u00e1rga Mulcs"},"content":{"rendered":"<p>[vc_row el_class=&#8221;desktop&#8221;][vc_column][vc_column_text]<\/p>\n<h2><strong>Narancss\u00e1rga Mulcs <\/strong><\/h2>\n<p><a href=\"https:\/\/www.mulch.ro\/wp-content\/uploads\/2016\/05\/7033864-mulci-colorat-scoarta.jpg\"><img loading=\"lazy\" class=\"size-medium wp-image-6647 alignleft\" src=\"https:\/\/www.mulch.ro\/wp-content\/uploads\/2016\/05\/7033864-mulci-colorat-scoarta-300x300.jpg\" alt=\"\" width=\"300\" height=\"300\" \/><\/a><\/p>\n<p>Egy kert k\u00fcl\u00f6nleges ki\u00e9p\u00edt\u00e9s\u00e9hez vagy b\u00e1rmely z\u00f6ld \u00f6vezet sz\u00e9p\u00edt\u00e9s\u00e9hez, de a talaj biol\u00f3giai aktivit\u00e1s\u00e1nak jav\u00edt\u00e1sa \u00e9rdek\u00e9ben is, a narancs \u00e1rnyalat\u00fa, f\u00e1b\u00f3l k\u00e9sz\u00fclt k\u00e9reg egy egyedi \u00e9s nagyon eredeti megold\u00e1st jelent. Vil\u00e1gos narancss\u00e1rga \u00e1rnyalatban, ki fogja emelni a n\u00f6v\u00e9nyeket \u00e9s a z\u00f6ld\u00f6vezet teljes dekor\u00e1ci\u00f3j\u00e1t, t\u00f6k\u00e9letesen \u00f6sszeilleszkedve b\u00e1rmely t\u00edpus\u00fa sz\u00ednnel \u00e9s rendez\u00e9si t\u00edpussal, vagy pedig haszn\u00e1lhat\u00f3 kromatikus \u00f6sszet\u00e9telekben, k\u00fcl\u00f6nb\u00f6z\u0151 dekor\u00e1ci\u00f3s elemek vagy egyes helyek elk\u00fcl\u00f6n\u00edt\u00e9se c\u00e9lj\u00e1b\u00f3l.<\/p>\n<p>100%-os \u00f6kol\u00f3giai term\u00e9k, a term\u00e9szetes eredet\u0171 sz\u00ednez\u00e9knek k\u00f6sz\u00f6nhet\u0151en, a narancss\u00e1rga mulcs, amely festett f\u00e1b\u00f3l k\u00e9sz\u00fclt, ki fogja emelni a kert vagy b\u00e1rmely egy\u00e9b z\u00f6ld \u00f6vezetben elhelyezett mindegyik t\u00e1rgy vagy n\u00f6v\u00e9ny r\u00e9szleteit, egy vid\u00e1m, befogad\u00f3 \u00e1rnyalatot \u00e9s egy rusztikus excentrikus aspektust biztos\u00edtva, \u00e9s egy k\u00fcl\u00f6nleges t\u00e1j\u00e9p\u00edt\u00e9szeti rendez\u00e9st.<\/p>\n<p>Dekorat\u00edv szerepe mellett, a narancss\u00e1rga mulcsnak a n\u00f6v\u00e9nyekre, a cserj\u00e9kre, z\u00f6lds\u00e9gekre vagy a vir\u00e1gokra n\u00e9zve v\u00e9delmi funkci\u00f3ja is van. A t\u00e1panyagtartalm\u00e1nak k\u00f6sz\u00f6nhet\u0151en, a mulcs l\u00e9nyegesen hozz\u00e1j\u00e1rul a n\u00f6v\u00e9nyek fejl\u0151d\u00e9s\u00e9hez \u00e9s megel\u0151zi a gyomok terjed\u00e9s\u00e9t. Hasonl\u00f3k\u00e9ppen, g\u00e1tolja az infiltr\u00e1ci\u00f3kat, a talaj fagy\u00e1s\u00e1t, biztos\u00edtva az \u00f6sszes sz\u00fcks\u00e9ges aspektust a talaj nedvess\u00e9g\u00e9nek meg\u0151rz\u00e9s\u00e9hez.<\/p>\n<p>Egy teljesen speci\u00e1lis alternat\u00edva, megfelel\u0151 \u00e9s gazdas\u00e1gos a megszokott gyepnek, a k\u00fcl\u00f6nb\u00f6z\u0151 \u00e1rnyalat\u00fa fak\u00e9reg, de k\u00fcl\u00f6n\u00f6sen a narancss\u00e1rga mulcs, egy k\u00fcl\u00f6nleges megk\u00f6zel\u00edt\u00e9si m\u00f3dot jelent a mag\u00e1n kert vagy egy z\u00f6ld k\u00f6zter\u00fclet dekor\u00e1ci\u00f3j\u00e1hoz. Seg\u00edts\u00e9g\u00e9vel, a ki\u00e9p\u00edteni k\u00edv\u00e1nt helyis\u00e9g az \u00f6sszes megh\u00edvottja sz\u00e1m\u00e1ra egy vonz\u00f3 helly\u00e9 fog v\u00e1lni, a sz\u00e9ps\u00e9g\u00e9vel, eredetis\u00e9g\u00e9vel \u00e9s funkcional\u00edt\u00e1s\u00e1val felkelti az \u00e9rdekl\u0151d\u00e9st \u00e9s a kiv\u00e1ncsis\u00e1got.[\/vc_column_text][\/vc_column][\/vc_row][vc_row el_class=&#8221;mobile&#8221;][vc_column width=&#8221;1\/2&#8243;][vc_single_image image=&#8221;6647&#8243; img_size=&#8221;full&#8221;][\/vc_column][vc_column width=&#8221;1\/2&#8243;][vc_column_text]Egy kert k\u00fcl\u00f6nleges ki\u00e9p\u00edt\u00e9s\u00e9hez vagy b\u00e1rmely z\u00f6ld \u00f6vezet sz\u00e9p\u00edt\u00e9s\u00e9hez, de a talaj biol\u00f3giai aktivit\u00e1s\u00e1nak jav\u00edt\u00e1sa \u00e9rdek\u00e9ben is, a narancs \u00e1rnyalat\u00fa, f\u00e1b\u00f3l k\u00e9sz\u00fclt k\u00e9reg egy egyedi \u00e9s nagyon eredeti megold\u00e1st jelent. Vil\u00e1gos narancss\u00e1rga \u00e1rnyalatban, ki fogja emelni a n\u00f6v\u00e9nyeket \u00e9s a z\u00f6ld\u00f6vezet teljes dekor\u00e1ci\u00f3j\u00e1t, t\u00f6k\u00e9letesen \u00f6sszeilleszkedve b\u00e1rmely t\u00edpus\u00fa sz\u00ednnel \u00e9s rendez\u00e9si t\u00edpussal, vagy pedig haszn\u00e1lhat\u00f3 kromatikus \u00f6sszet\u00e9telekben, k\u00fcl\u00f6nb\u00f6z\u0151 dekor\u00e1ci\u00f3s elemek vagy egyes helyek elk\u00fcl\u00f6n\u00edt\u00e9se c\u00e9lj\u00e1b\u00f3l.<\/p>\n<p>100%-os \u00f6kol\u00f3giai term\u00e9k, a term\u00e9szetes eredet\u0171 sz\u00ednez\u00e9knek k\u00f6sz\u00f6nhet\u0151en, a narancss\u00e1rga mulcs, amely festett f\u00e1b\u00f3l k\u00e9sz\u00fclt, ki fogja emelni a kert vagy b\u00e1rmely egy\u00e9b z\u00f6ld \u00f6vezetben elhelyezett mindegyik t\u00e1rgy vagy n\u00f6v\u00e9ny r\u00e9szleteit, egy vid\u00e1m, befogad\u00f3 \u00e1rnyalatot \u00e9s egy rusztikus excentrikus aspektust biztos\u00edtva, \u00e9s egy k\u00fcl\u00f6nleges t\u00e1j\u00e9p\u00edt\u00e9szeti rendez\u00e9st.<\/p>\n<p>Dekorat\u00edv szerepe mellett, a narancss\u00e1rga mulcsnak a n\u00f6v\u00e9nyekre, a cserj\u00e9kre, z\u00f6lds\u00e9gekre vagy a vir\u00e1gokra n\u00e9zve v\u00e9delmi funkci\u00f3ja is van. A t\u00e1panyagtartalm\u00e1nak k\u00f6sz\u00f6nhet\u0151en, a mulcs l\u00e9nyegesen hozz\u00e1j\u00e1rul a n\u00f6v\u00e9nyek fejl\u0151d\u00e9s\u00e9hez \u00e9s megel\u0151zi a gyomok terjed\u00e9s\u00e9t. Hasonl\u00f3k\u00e9ppen, g\u00e1tolja az infiltr\u00e1ci\u00f3kat, a talaj fagy\u00e1s\u00e1t, biztos\u00edtva az \u00f6sszes sz\u00fcks\u00e9ges aspektust a talaj nedvess\u00e9g\u00e9nek meg\u0151rz\u00e9s\u00e9hez.<\/p>\n<p>Egy teljesen speci\u00e1lis alternat\u00edva, megfelel\u0151 \u00e9s gazdas\u00e1gos a megszokott gyepnek, a k\u00fcl\u00f6nb\u00f6z\u0151 \u00e1rnyalat\u00fa fak\u00e9reg, de k\u00fcl\u00f6n\u00f6sen a narancss\u00e1rga mulcs, egy k\u00fcl\u00f6nleges megk\u00f6zel\u00edt\u00e9si m\u00f3dot jelent a mag\u00e1n kert vagy egy z\u00f6ld k\u00f6zter\u00fclet dekor\u00e1ci\u00f3j\u00e1hoz. Seg\u00edts\u00e9g\u00e9vel, a ki\u00e9p\u00edteni k\u00edv\u00e1nt helyis\u00e9g az \u00f6sszes megh\u00edvottja sz\u00e1m\u00e1ra egy vonz\u00f3 helly\u00e9 fog v\u00e1lni, a sz\u00e9ps\u00e9g\u00e9vel, eredetis\u00e9g\u00e9vel \u00e9s funkcional\u00edt\u00e1s\u00e1val felkelti az \u00e9rdekl\u0151d\u00e9st \u00e9s a kiv\u00e1ncsis\u00e1got.[\/vc_column_text][\/vc_column][\/vc_row][vc_row][vc_column][vc_cta h2=&#8221;k\u00e9rjen narancss\u00e1rga mulcs aj\u00e1nlatot&#8221; color=&#8221;green&#8221; add_button=&#8221;right&#8221; btn_title=&#8221;K\u00e9rjen aj\u00e1nlatot&#8221; btn_color=&#8221;success&#8221; btn_link=&#8221;url:https%3A%2F%2Fwww.mulch.ro%2Fhu%2Fkerj-szines-mulcs-ajanlatot%2F|||&#8221;][\/vc_cta][\/vc_column][\/vc_row]<\/p>\n","protected":false},"excerpt":{"rendered":"<p>[vc_row el_class=&#8221;desktop&#8221;][vc_column][vc_column_text] Narancss\u00e1rga Mulcs Egy kert k\u00fcl\u00f6nleges ki\u00e9p\u00edt\u00e9s\u00e9hez vagy b\u00e1rmely z\u00f6ld \u00f6vezet sz\u00e9p\u00edt\u00e9s\u00e9hez, de a talaj biol\u00f3giai aktivit\u00e1s\u00e1nak jav\u00edt\u00e1sa \u00e9rdek\u00e9ben is, a narancs \u00e1rnyalat\u00fa, f\u00e1b\u00f3l k\u00e9sz\u00fclt k\u00e9reg egy egyedi \u00e9s nagyon eredeti megold\u00e1st jelent. Vil\u00e1gos narancss\u00e1rga \u00e1rnyalatban, ki fogja emelni a n\u00f6v\u00e9nyeket \u00e9s a z\u00f6ld\u00f6vezet teljes dekor\u00e1ci\u00f3j\u00e1t, t\u00f6k\u00e9letesen \u00f6sszeilleszkedve b\u00e1rmely t\u00edpus\u00fa sz\u00ednnel \u00e9s rendez\u00e9si t\u00edpussal, [&hellip;]<\/p>\n","protected":false},"author":1,"featured_media":0,"parent":7438,"menu_order":0,"comment_status":"closed","ping_status":"closed","template":"","meta":[],"aioseo_notices":[],"_links":{"self":[{"href":"https:\/\/www.mulch.ro\/hu\/wp-json\/wp\/v2\/pages\/7449"}],"collection":[{"href":"https:\/\/www.mulch.ro\/hu\/wp-json\/wp\/v2\/pages"}],"about":[{"href":"https:\/\/www.mulch.ro\/hu\/wp-json\/wp\/v2\/types\/page"}],"author":[{"embeddable":true,"href":"https:\/\/www.mulch.ro\/hu\/wp-json\/wp\/v2\/users\/1"}],"replies":[{"embeddable":true,"href":"https:\/\/www.mulch.ro\/hu\/wp-json\/wp\/v2\/comments?post=7449"}],"version-history":[{"count":3,"href":"https:\/\/www.mulch.ro\/hu\/wp-json\/wp\/v2\/pages\/7449\/revisions"}],"predecessor-version":[{"id":7660,"href":"https:\/\/www.mulch.ro\/hu\/wp-json\/wp\/v2\/pages\/7449\/revisions\/7660"}],"up":[{"embeddable":true,"href":"https:\/\/www.mulch.ro\/hu\/wp-json\/wp\/v2\/pages\/7438"}],"wp:attachment":[{"href":"https:\/\/www.mulch.ro\/hu\/wp-json\/wp\/v2\/media?parent=7449"}],"curies":[{"name":"wp","href":"https:\/\/api.w.org\/{rel}","templated":true}]}}