{"id":7452,"date":"2016-05-14T09:49:57","date_gmt":"2016-05-14T09:49:57","guid":{"rendered":"https:\/\/www.mulch.ro\/szolgaltatasok\/mulci-maro\/"},"modified":"2021-02-24T11:16:10","modified_gmt":"2021-02-24T11:16:10","slug":"barna-mulcs","status":"publish","type":"page","link":"https:\/\/www.mulch.ro\/hu\/szolgaltatasok\/barna-mulcs\/","title":{"rendered":"Barna Mulcs"},"content":{"rendered":"<p>[vc_row el_class=&#8221;desktop&#8221;][vc_column][vc_column_text]<\/p>\n<h2>Barna Mulcs<\/h2>\n<p><a href=\"https:\/\/www.mulch.ro\/wp-content\/uploads\/2016\/05\/7033862-mulci-colorat-scoarta.jpg\"><img loading=\"lazy\" class=\"size-medium wp-image-6644 alignleft\" src=\"https:\/\/www.mulch.ro\/wp-content\/uploads\/2016\/05\/7033862-mulci-colorat-scoarta-300x300.jpg\" alt=\"\" width=\"300\" height=\"300\" \/><\/a><\/p>\n<p>A mi barna mulcs aj\u00e1nlatunk nem csak dekorat\u00edv c\u00e9lt szolg\u00e1l, hanem funkcion\u00e1lis c\u00e9lt is, mivel haszn\u00e1lat\u00e1val, mik\u00f6zben szebb\u00e9 teszi a kertj\u00e9t, a bels\u0151 udvart, a h\u00e1zban vagy az udvaron tal\u00e1lhat\u00f3 vir\u00e1gcser\u00e9pben \u00f3vja \u00e9s el\u0151seg\u00edti a talaj term\u00e9kenys\u00e9g\u00e9t. Term\u00e9szetes fa aspektus\u00e1val, a barna mulcs egy term\u00e9szetes, f\u00e1b\u00f3l k\u00e9sz\u00fclt term\u00e9k, pontosabban t\u0171level\u0171 f\u00e1nak a k\u00e9rge, amelynek a sz\u00edne k\u00f6rnyezetbar\u00e1t fest\u00e9k seg\u00edts\u00e9g\u00e9vel szebb\u00e9 v\u00e1lt.<\/p>\n<p>Az \u00d6n\u00f6k rendelkez\u00e9s\u00e9re \u00e1ll\u00edtott, Rom\u00e1ni\u00e1ban termelt, 60 literes zs\u00e1kokba csomagolt barna mulcsnak sz\u00e1mos j\u00f3 hat\u00e1sa van a talajra, \u00fagy elsz\u00f3rva a gy\u00fcm\u00f6lcsf\u00e1k alatt, mint a dekorat\u00edv n\u00f6v\u00e9nyek k\u00f6r\u00e9. A talaj mulcsoz\u00e1s\u00e1t tavasszal v\u00e9gezz\u00fck, de m\u00e9gis azel\u0151tt, hogy a talajnak megengedn\u00e9nk, hogy felmelegedjen a hideg id\u0151szakot k\u00f6vet\u0151en.\u00a0 Ez a t\u0171level\u0171 k\u00e9reg a talajban egy optim\u00e1lis nedvess\u00e9gi szintet fog fenntartani, a l\u00e9pcs\u0151zetes leboml\u00e1s\u00e1nak k\u00f6sz\u00f6nhet\u0151en jav\u00edtani fog a f\u00f6ld term\u00e9kenys\u00e9g\u00e9n \u00e9s eg\u00e9szs\u00e9g\u00e9n, \u00e9s jelent\u0151sen megakad\u00e1lyozza a gyomok n\u00f6veked\u00e9s\u00e9t.;<\/p>\n<p>Dekorat\u00edv c\u00e9lb\u00f3l, a t\u0171level\u0171 f\u00e1k k\u00e9rg\u00e9b\u0151l sz\u00e1rmaz\u00f3 barna mulcs a k\u00fclt\u00e9ri helyis\u00e9gnek egy kellemes aspektust fog adni, a sz\u00edne biztos\u00edt egy kontraszt \u00e9s kiemeli az elhelyezett n\u00f6v\u00e9nyeket vagy a dekorat\u00edv t\u00e1rgyakat. A barna mulcsot k\u00f6nny\u0171 alkalmazni, aj\u00e1nlott kb. 5 cm-es r\u00e9tegben elhelyezni, \u00e9s talaj takar\u00e1s\u00e1ra n\u00e9zve magas foka van. F\u00fcggetlen\u00fcl att\u00f3l, hogy az \u00d6n kertj\u00e9ben vagy udvar\u00e1n takar\u00f3 r\u00e9tegk\u00e9nt vagy a rusztikus aspektusa miatt haszn\u00e1lja, a barna mulcs az ide\u00e1lis v\u00e1laszt\u00e1s, amikor egy k\u00fcl\u00f6nleges dekor\u00e1ci\u00f3t akarunk \u00e9s k\u00f6zben el\u0151nyt is szerezni a talajnak.[\/vc_column_text][\/vc_column][\/vc_row][vc_row el_class=&#8221;mobile&#8221;][vc_column width=&#8221;1\/2&#8243;][vc_single_image image=&#8221;6644&#8243; img_size=&#8221;full&#8221;][\/vc_column][vc_column width=&#8221;1\/2&#8243;][vc_column_text]A mi barna mulcs aj\u00e1nlatunk nem csak dekorat\u00edv c\u00e9lt szolg\u00e1l, hanem funkcion\u00e1lis c\u00e9lt is, mivel haszn\u00e1lat\u00e1val, mik\u00f6zben szebb\u00e9 teszi a kertj\u00e9t, a bels\u0151 udvart, a h\u00e1zban vagy az udvaron tal\u00e1lhat\u00f3 vir\u00e1gcser\u00e9pben \u00f3vja \u00e9s el\u0151seg\u00edti a talaj term\u00e9kenys\u00e9g\u00e9t. Term\u00e9szetes fa aspektus\u00e1val, a barna mulcs egy term\u00e9szetes, f\u00e1b\u00f3l k\u00e9sz\u00fclt term\u00e9k, pontosabban t\u0171level\u0171 f\u00e1nak a k\u00e9rge, amelynek a sz\u00edne k\u00f6rnyezetbar\u00e1t fest\u00e9k seg\u00edts\u00e9g\u00e9vel szebb\u00e9 v\u00e1lt.<\/p>\n<p>Az \u00d6n\u00f6k rendelkez\u00e9s\u00e9re \u00e1ll\u00edtott, Rom\u00e1ni\u00e1ban termelt, 60 literes zs\u00e1kokba csomagolt barna mulcsnak sz\u00e1mos j\u00f3 hat\u00e1sa van a talajra, \u00fagy elsz\u00f3rva a gy\u00fcm\u00f6lcsf\u00e1k alatt, mint a dekorat\u00edv n\u00f6v\u00e9nyek k\u00f6r\u00e9. A talaj mulcsoz\u00e1s\u00e1t tavasszal v\u00e9gezz\u00fck, de m\u00e9gis azel\u0151tt, hogy a talajnak megengedn\u00e9nk, hogy felmelegedjen a hideg id\u0151szakot k\u00f6vet\u0151en.\u00a0 Ez a t\u0171level\u0171 k\u00e9reg a talajban egy optim\u00e1lis nedvess\u00e9gi szintet fog fenntartani, a l\u00e9pcs\u0151zetes leboml\u00e1s\u00e1nak k\u00f6sz\u00f6nhet\u0151en jav\u00edtani fog a f\u00f6ld term\u00e9kenys\u00e9g\u00e9n \u00e9s eg\u00e9szs\u00e9g\u00e9n, \u00e9s jelent\u0151sen megakad\u00e1lyozza a gyomok n\u00f6veked\u00e9s\u00e9t.;<\/p>\n<p>Dekorat\u00edv c\u00e9lb\u00f3l, a t\u0171level\u0171 f\u00e1k k\u00e9rg\u00e9b\u0151l sz\u00e1rmaz\u00f3 barna mulcs a k\u00fclt\u00e9ri helyis\u00e9gnek egy kellemes aspektust fog adni, a sz\u00edne biztos\u00edt egy kontraszt \u00e9s kiemeli az elhelyezett n\u00f6v\u00e9nyeket vagy a dekorat\u00edv t\u00e1rgyakat. A barna mulcsot k\u00f6nny\u0171 alkalmazni, aj\u00e1nlott kb. 5 cm-es r\u00e9tegben elhelyezni, \u00e9s talaj takar\u00e1s\u00e1ra n\u00e9zve magas foka van. F\u00fcggetlen\u00fcl att\u00f3l, hogy az \u00d6n kertj\u00e9ben vagy udvar\u00e1n takar\u00f3 r\u00e9tegk\u00e9nt vagy a rusztikus aspektusa miatt haszn\u00e1lja, a barna mulcs az ide\u00e1lis v\u00e1laszt\u00e1s, amikor egy k\u00fcl\u00f6nleges dekor\u00e1ci\u00f3t akarunk \u00e9s k\u00f6zben el\u0151nyt is szerezni a talajnak.[\/vc_column_text][\/vc_column][\/vc_row][vc_row][vc_column][vc_cta h2=&#8221;K\u00e9rjen barna mulcs aj\u00e1nlatot&#8221; color=&#8221;green&#8221; add_button=&#8221;right&#8221; btn_title=&#8221;K\u00e9rjen aj\u00e1nlatot&#8221; btn_color=&#8221;success&#8221; btn_link=&#8221;url:https%3A%2F%2Fwww.mulch.ro%2Fhu%2Fkerj-szines-mulcs-ajanlatot%2F|||&#8221;][\/vc_cta][\/vc_column][\/vc_row]<\/p>\n","protected":false},"excerpt":{"rendered":"<p>[vc_row el_class=&#8221;desktop&#8221;][vc_column][vc_column_text] Barna Mulcs A mi barna mulcs aj\u00e1nlatunk nem csak dekorat\u00edv c\u00e9lt szolg\u00e1l, hanem funkcion\u00e1lis c\u00e9lt is, mivel haszn\u00e1lat\u00e1val, mik\u00f6zben szebb\u00e9 teszi a kertj\u00e9t, a bels\u0151 udvart, a h\u00e1zban vagy az udvaron tal\u00e1lhat\u00f3 vir\u00e1gcser\u00e9pben \u00f3vja \u00e9s el\u0151seg\u00edti a talaj term\u00e9kenys\u00e9g\u00e9t. Term\u00e9szetes fa aspektus\u00e1val, a barna mulcs egy term\u00e9szetes, f\u00e1b\u00f3l k\u00e9sz\u00fclt term\u00e9k, pontosabban t\u0171level\u0171 f\u00e1nak [&hellip;]<\/p>\n","protected":false},"author":1,"featured_media":0,"parent":7438,"menu_order":0,"comment_status":"closed","ping_status":"closed","template":"","meta":[],"aioseo_notices":[],"_links":{"self":[{"href":"https:\/\/www.mulch.ro\/hu\/wp-json\/wp\/v2\/pages\/7452"}],"collection":[{"href":"https:\/\/www.mulch.ro\/hu\/wp-json\/wp\/v2\/pages"}],"about":[{"href":"https:\/\/www.mulch.ro\/hu\/wp-json\/wp\/v2\/types\/page"}],"author":[{"embeddable":true,"href":"https:\/\/www.mulch.ro\/hu\/wp-json\/wp\/v2\/users\/1"}],"replies":[{"embeddable":true,"href":"https:\/\/www.mulch.ro\/hu\/wp-json\/wp\/v2\/comments?post=7452"}],"version-history":[{"count":3,"href":"https:\/\/www.mulch.ro\/hu\/wp-json\/wp\/v2\/pages\/7452\/revisions"}],"predecessor-version":[{"id":7661,"href":"https:\/\/www.mulch.ro\/hu\/wp-json\/wp\/v2\/pages\/7452\/revisions\/7661"}],"up":[{"embeddable":true,"href":"https:\/\/www.mulch.ro\/hu\/wp-json\/wp\/v2\/pages\/7438"}],"wp:attachment":[{"href":"https:\/\/www.mulch.ro\/hu\/wp-json\/wp\/v2\/media?parent=7452"}],"curies":[{"name":"wp","href":"https:\/\/api.w.org\/{rel}","templated":true}]}}