{"id":7455,"date":"2016-05-14T09:53:17","date_gmt":"2016-05-14T09:53:17","guid":{"rendered":"https:\/\/www.mulch.ro\/szolgaltatasok\/pamant-pentru-flori-cu-perlit-si-delcamag-cu-substrat-universal\/"},"modified":"2021-02-24T11:17:06","modified_gmt":"2021-02-24T11:17:06","slug":"perlites-es-dolomitos-univerzalis-viragfold","status":"publish","type":"page","link":"https:\/\/www.mulch.ro\/hu\/szolgaltatasok\/perlites-es-dolomitos-univerzalis-viragfold\/","title":{"rendered":"Perlites \u00e9s dolomitos univerz\u00e1lis vir\u00e1gf\u00f6ld"},"content":{"rendered":"<p>[vc_row el_class=&#8221;desktop&#8221;][vc_column][vc_column_text]<\/p>\n<h2><strong>Perlites \u00e9s dolomitos univerz\u00e1lis vir\u00e1gf\u00f6ld <\/strong><\/h2>\n<p><a href=\"https:\/\/www.mulch.ro\/wp-content\/uploads\/2016\/05\/pamant_pentru_flori.jpg\"><img loading=\"lazy\" class=\"size-medium wp-image-6655 alignleft\" src=\"https:\/\/www.mulch.ro\/wp-content\/uploads\/2016\/05\/pamant_pentru_flori-300x300.jpg\" alt=\"\" width=\"300\" height=\"300\" \/><\/a><\/p>\n<p>J\u00f3 tudni azt a t\u00e9nyt, hogy a vir\u00e1gok term\u00e9szetes fejl\u0151d\u00e9s\u00e9hez, ak\u00e1r az erk\u00e9lyen, ak\u00e1r a kertben, a f\u00f6ld \u00e9s ennek t\u00e1ptalaja kulcst\u00e9nyez\u0151 a n\u00f6veked\u00e9si folyamatban. A kifejezetten a magas t\u00e1panyag sz\u00fcks\u00e9glet\u0171 vir\u00e1goknak \u00e9s n\u00f6v\u00e9nyeknek gy\u00e1rtott perlites \u00e9s dolomitos univerz\u00e1lis vir\u00e1gf\u00f6ld a leggagzdas\u00e1gosabb \u00e9s leg optim\u00e1lisabb megold\u00e1s a k\u00f6nny\u0171 kert\u00e9szked\u00e9sre n\u00e9zve. A n\u00f6v\u00e9nyek \u00e9s a vir\u00e1gok n\u00f6veked\u00e9s\u00e9re n\u00e9zve ide\u00e1lis anyagokkal \u00e9s \u00f6sszetev\u0151kkel, a perlites \u00e9s dolomitos vir\u00e1gf\u00f6ld hat\u00e1sai meg fogj\u00e1k haladni az elv\u00e1r\u00e1sait, garant\u00e1lva az \u00d6n n\u00f6v\u00e9nyeinek \u00e9s vir\u00e1gainak egy megfelel\u0151 gondoskod\u00e1st, megtartva a gy\u00f6kerek erej\u00e9t \u00e9s a sz\u00e1rak \u00e9s levelek eg\u00e9szs\u00e9g\u00e9t.<\/p>\n<p>A perlit \u00e9s a dolomit k\u00e9t olyan \u00f6sszetev\u0151, amelyek elismertek a kert\u00e9szetben hozott el\u0151nyeik miatt. Az els\u0151nek egy \u00f3ri\u00e1si v\u00edz visszatart\u00f3 kapacit\u00e1sa van, megtartva a talaj nedvess\u00e9g\u00e9t \u00e9s a vir\u00e1gokat csak a sz\u00fcks\u00e9ges v\u00edzmennyis\u00e9ggel l\u00e1tja el. Seg\u00edti a talaj l\u00e9gz\u00e9s\u00e9t, 100%-os term\u00e9szetes m\u00f3don jav\u00edtva a szerkezet\u00e9t.<\/p>\n<p>A dolomit, egyr\u00e9szt, egy j\u00e1rul\u00e9kos komponense az univerz\u00e1lis vir\u00e1gf\u00f6ldnek, amely magas magn\u00e9zium \u00e9s kalcium koncentr\u00e1ci\u00f3t tartalmaz \u00e9s tr\u00e1gyak\u00e9nt van haszn\u00e1lva, helyettes\u00edtve a vegyszer alap\u00fa m\u0171tr\u00e1gy\u00e1t. Seg\u00edts\u00e9g\u00e9vel, a vir\u00e1goknak er\u0151s lesz a gy\u00f6kere, eg\u00e9szs\u00e9ges level\u0171k \u00e9s sz\u00e1ruk lesz, \u00e9s az \u00e1ltal\u00e1nos aspektus biztosan \u00e9s l\u00e1that\u00f3 m\u00f3don jobb lesz a b\u0151s\u00e9ges vir\u00e1gz\u00e1snak k\u00f6sz\u00f6nhet\u0151en.<\/p>\n<p>A perlites \u00e9s a dolomitos univerz\u00e1lis vir\u00e1gf\u00f6ld k\u00fcl\u00f6nb\u00f6z\u0151 magas t\u00e1panyagsz\u00fcks\u00e9glet\u0171\u00a0 t\u00edpus\u00fa vir\u00e1goknak az ide\u00e1lis opci\u00f3t jelenti. Ez az univerz\u00e1lis t\u00e1ptalaj az \u00f6sszes olyan \u00f6sszetev\u0151t tartalmazza, amelyek sz\u00fcks\u00e9gesek a vir\u00e1gok optim\u00e1lis \u00e9s term\u00e9szetes fejl\u0151d\u00e9s\u00e9hez, biztos\u00edtva a b\u0151s\u00e9ges \u00e9s tart\u00f3s vir\u00e1gz\u00e1st, term\u00e9szetes \u00e9s gazdas\u00e1gos m\u00f3don.[\/vc_column_text][\/vc_column][\/vc_row][vc_row el_class=&#8221;mobile&#8221;][vc_column width=&#8221;1\/2&#8243;][vc_single_image image=&#8221;6655&#8243; img_size=&#8221;full&#8221;][\/vc_column][vc_column width=&#8221;1\/2&#8243;][vc_column_text]J\u00f3 tudni azt a t\u00e9nyt, hogy a vir\u00e1gok term\u00e9szetes fejl\u0151d\u00e9s\u00e9hez, ak\u00e1r az erk\u00e9lyen, ak\u00e1r a kertben, a f\u00f6ld \u00e9s ennek t\u00e1ptalaja kulcst\u00e9nyez\u0151 a n\u00f6veked\u00e9si folyamatban. A kifejezetten a magas t\u00e1panyag sz\u00fcks\u00e9glet\u0171 vir\u00e1goknak \u00e9s n\u00f6v\u00e9nyeknek gy\u00e1rtott perlites \u00e9s dolomitos univerz\u00e1lis vir\u00e1gf\u00f6ld a leggagzdas\u00e1gosabb \u00e9s leg optim\u00e1lisabb megold\u00e1s a k\u00f6nny\u0171 kert\u00e9szked\u00e9sre n\u00e9zve. A n\u00f6v\u00e9nyek \u00e9s a vir\u00e1gok n\u00f6veked\u00e9s\u00e9re n\u00e9zve ide\u00e1lis anyagokkal \u00e9s \u00f6sszetev\u0151kkel, a perlites \u00e9s dolomitos vir\u00e1gf\u00f6ld hat\u00e1sai meg fogj\u00e1k haladni az elv\u00e1r\u00e1sait, garant\u00e1lva az \u00d6n n\u00f6v\u00e9nyeinek \u00e9s vir\u00e1gainak egy megfelel\u0151 gondoskod\u00e1st, megtartva a gy\u00f6kerek erej\u00e9t \u00e9s a sz\u00e1rak \u00e9s levelek eg\u00e9szs\u00e9g\u00e9t.<\/p>\n<p>A perlit \u00e9s a dolomit k\u00e9t olyan \u00f6sszetev\u0151, amelyek elismertek a kert\u00e9szetben hozott el\u0151nyeik miatt. Az els\u0151nek egy \u00f3ri\u00e1si v\u00edz visszatart\u00f3 kapacit\u00e1sa van, megtartva a talaj nedvess\u00e9g\u00e9t \u00e9s a vir\u00e1gokat csak a sz\u00fcks\u00e9ges v\u00edzmennyis\u00e9ggel l\u00e1tja el. Seg\u00edti a talaj l\u00e9gz\u00e9s\u00e9t, 100%-os term\u00e9szetes m\u00f3don jav\u00edtva a szerkezet\u00e9t.<\/p>\n<p>A dolomit, egyr\u00e9szt, egy j\u00e1rul\u00e9kos komponense az univerz\u00e1lis vir\u00e1gf\u00f6ldnek, amely magas magn\u00e9zium \u00e9s kalcium koncentr\u00e1ci\u00f3t tartalmaz \u00e9s tr\u00e1gyak\u00e9nt van haszn\u00e1lva, helyettes\u00edtve a vegyszer alap\u00fa m\u0171tr\u00e1gy\u00e1t. Seg\u00edts\u00e9g\u00e9vel, a vir\u00e1goknak er\u0151s lesz a gy\u00f6kere, eg\u00e9szs\u00e9ges level\u0171k \u00e9s sz\u00e1ruk lesz, \u00e9s az \u00e1ltal\u00e1nos aspektus biztosan \u00e9s l\u00e1that\u00f3 m\u00f3don jobb lesz a b\u0151s\u00e9ges vir\u00e1gz\u00e1snak k\u00f6sz\u00f6nhet\u0151en.<\/p>\n<p>A perlites \u00e9s a dolomitos univerz\u00e1lis vir\u00e1gf\u00f6ld k\u00fcl\u00f6nb\u00f6z\u0151 magas t\u00e1panyagsz\u00fcks\u00e9glet\u0171\u00a0 t\u00edpus\u00fa vir\u00e1goknak az ide\u00e1lis opci\u00f3t jelenti. Ez az univerz\u00e1lis t\u00e1ptalaj az \u00f6sszes olyan \u00f6sszetev\u0151t tartalmazza, amelyek sz\u00fcks\u00e9gesek a vir\u00e1gok optim\u00e1lis \u00e9s term\u00e9szetes fejl\u0151d\u00e9s\u00e9hez, biztos\u00edtva a b\u0151s\u00e9ges \u00e9s tart\u00f3s vir\u00e1gz\u00e1st, term\u00e9szetes \u00e9s gazdas\u00e1gos m\u00f3don.[\/vc_column_text][\/vc_column][\/vc_row][vc_row][vc_column][vc_cta h2=&#8221;K\u00e9rjen f\u00f6ldaj\u00e1nlatot a perlitvir\u00e1gokhoz&#8221; add_button=&#8221;right&#8221; btn_title=&#8221;K\u00e9rjen aj\u00e1nlatot&#8221; btn_color=&#8221;green&#8221; btn_link=&#8221;url:https%3A%2F%2Fwww.mulch.ro%2Fhu%2Fkerj-szines-mulcs-ajanlatot%2F|||&#8221;][\/vc_cta][\/vc_column][\/vc_row]<\/p>\n","protected":false},"excerpt":{"rendered":"<p>[vc_row el_class=&#8221;desktop&#8221;][vc_column][vc_column_text] Perlites \u00e9s dolomitos univerz\u00e1lis vir\u00e1gf\u00f6ld J\u00f3 tudni azt a t\u00e9nyt, hogy a vir\u00e1gok term\u00e9szetes fejl\u0151d\u00e9s\u00e9hez, ak\u00e1r az erk\u00e9lyen, ak\u00e1r a kertben, a f\u00f6ld \u00e9s ennek t\u00e1ptalaja kulcst\u00e9nyez\u0151 a n\u00f6veked\u00e9si folyamatban. A kifejezetten a magas t\u00e1panyag sz\u00fcks\u00e9glet\u0171 vir\u00e1goknak \u00e9s n\u00f6v\u00e9nyeknek gy\u00e1rtott perlites \u00e9s dolomitos univerz\u00e1lis vir\u00e1gf\u00f6ld a leggagzdas\u00e1gosabb \u00e9s leg optim\u00e1lisabb megold\u00e1s a k\u00f6nny\u0171 [&hellip;]<\/p>\n","protected":false},"author":1,"featured_media":0,"parent":7438,"menu_order":0,"comment_status":"closed","ping_status":"closed","template":"","meta":[],"aioseo_notices":[],"_links":{"self":[{"href":"https:\/\/www.mulch.ro\/hu\/wp-json\/wp\/v2\/pages\/7455"}],"collection":[{"href":"https:\/\/www.mulch.ro\/hu\/wp-json\/wp\/v2\/pages"}],"about":[{"href":"https:\/\/www.mulch.ro\/hu\/wp-json\/wp\/v2\/types\/page"}],"author":[{"embeddable":true,"href":"https:\/\/www.mulch.ro\/hu\/wp-json\/wp\/v2\/users\/1"}],"replies":[{"embeddable":true,"href":"https:\/\/www.mulch.ro\/hu\/wp-json\/wp\/v2\/comments?post=7455"}],"version-history":[{"count":3,"href":"https:\/\/www.mulch.ro\/hu\/wp-json\/wp\/v2\/pages\/7455\/revisions"}],"predecessor-version":[{"id":7662,"href":"https:\/\/www.mulch.ro\/hu\/wp-json\/wp\/v2\/pages\/7455\/revisions\/7662"}],"up":[{"embeddable":true,"href":"https:\/\/www.mulch.ro\/hu\/wp-json\/wp\/v2\/pages\/7438"}],"wp:attachment":[{"href":"https:\/\/www.mulch.ro\/hu\/wp-json\/wp\/v2\/media?parent=7455"}],"curies":[{"name":"wp","href":"https:\/\/api.w.org\/{rel}","templated":true}]}}