{"id":7471,"date":"2016-05-14T10:01:23","date_gmt":"2016-05-14T10:01:23","guid":{"rendered":"https:\/\/www.mulch.ro\/szolgaltatasok\/scoarta-natur\/"},"modified":"2021-02-24T11:18:52","modified_gmt":"2021-02-24T11:18:52","slug":"natur-kereg","status":"publish","type":"page","link":"https:\/\/www.mulch.ro\/hu\/szolgaltatasok\/natur-kereg\/","title":{"rendered":"Nat\u00far k\u00e9reg"},"content":{"rendered":"<p>[vc_row el_class=&#8221;desktop&#8221;][vc_column][vc_column_text]<\/p>\n<h2><strong>Nat\u00far k\u00e9reg <\/strong><\/h2>\n<p><a href=\"https:\/\/www.mulch.ro\/wp-content\/uploads\/2016\/05\/7033865-mulci-colorat-scoarta.jpg\"><img loading=\"lazy\" class=\"size-medium wp-image-6653 alignleft\" src=\"https:\/\/www.mulch.ro\/wp-content\/uploads\/2016\/05\/7033865-mulci-colorat-scoarta-300x300.jpg\" alt=\"\" width=\"300\" height=\"300\" \/><\/a><\/p>\n<p>A t\u0171level\u0171 fak\u00e9regb\u0151l k\u00e9sz\u00fclt komposzt egy term\u00e9szetes term\u00e9k, amelyet az \u00d6n kertje vagy a z\u00f6ld k\u00f6zter\u00fcletek k\u00fcl\u00f6nleges ki\u00e9p\u00edt\u00e9s\u00e9re aj\u00e1nlunk, amelynek ugyanakkor a talaj min\u0151s\u00e9g\u00e9re n\u00e9zve is re\u00e1lis el\u0151nyei vannak. A term\u00e9szetes sz\u00edn\u00e9vel, ez a mulcs \u00e1ltal\u00e1ban t\u0171level\u0171 fak\u00e9regb\u0151l k\u00e9sz\u00fcl, \u00a0amely fel van apr\u00f3zva \u00e9s k\u00fcl\u00f6nb\u00f6z\u0151 m\u00e9retekben \u00e1ll a rendelkez\u00e9s\u00fckre.<\/p>\n<p>A nat\u00far k\u00e9reg legink\u00e1bb a savas vagy enyh\u00e9n savas talajt kedvel\u0151 n\u00f6v\u00e9nyeknek ide\u00e1lis, egy kb. 4, 5-6 pH \u00e9rt\u00e9kkel. Nagy takar\u00f3k\u00e9pess\u00e9ggel, a nat\u00far k\u00e9reg visszafogja tartani a talajban a vizet, \u00e9s a savas talajt kedvel\u0151 n\u00f6v\u00e9nyeknek, de nem csak, egy ide\u00e1lis nedvess\u00e9get fog biztos\u00edtani. Elvileg ez a t\u0171level\u0171 fak\u00e9regb\u0151l k\u00e9sz\u00fclt komposzt, egy mulcs aspektussal \u00e9s tulajdons\u00e1gokkal rendelkez\u0151 tr\u00e1gya, amelyet mindk\u00e9t c\u00e9lb\u00f3l lehet haszn\u00e1lni.<\/p>\n<p>A nat\u00far k\u00e9reg egy k\u00fcl\u00f6nleges t\u00e1jrendez\u00e9si tervnek a lehet\u0151s\u00e9g\u00e9t ny\u00fajtja, att\u00f3l f\u00fcggetlen\u00fcl, hogy saj\u00e1t vagy k\u00f6z\u00f6ss\u00e9gi projektr\u0151l lenne sz\u00f3. A term\u00e9szetes sz\u00edne \u00e9s a darabok m\u00e9ret\u00e9nek soksz\u00edn\u0171s\u00e9ge kontrasztot fog ny\u00fajtani a n\u00f6v\u00e9nyek frissess\u00e9g\u00e9vel \u00e9s aspektus\u00e1val, kiemelve ezek sz\u00edneit. A term\u00e9szetes k\u00e9regb\u0151l sz\u00e1rmaz\u00f3 mulcsot dekorat\u00edv t\u00e1rgyakkal d\u00edsz\u00edtett k\u00fcls\u0151 helyis\u00e9gek t\u00e9relrendez\u00e9s\u00e9hez is felhaszn\u00e1lhatjuk. K\u00f6vetkez\u00e9sk\u00e9ppen, a z\u00f6ld \u00f6vezetek t\u00e9relrendez\u00e9s\u00e9t csak az \u00d6n k\u00e9pzel\u0151ereje korl\u00e1tozza, mi pedig rendelkez\u00e9sre \u00e1ll\u00edtjuk a sz\u00fcks\u00e9ges elemeket. Figyelem el\u0151tt tartva a funkcion\u00e1lis \u00e9s a nat\u00far k\u00e9reg dekorat\u00edv el\u0151nyeit, b\u00e1rmely z\u00f6ld \u00f6vezet ki\u00e9p\u00edt\u00e9s\u00e9hez \u00e1llunk rende\u00e9lkez\u00e9s\u00fckre a term\u00e9szetbar\u00e1t term\u00e9keinkkel.<\/p>\n<p><a href=\"https:\/\/www.mulch.ro\/wp-content\/uploads\/2016\/05\/7033865-mulci-colorat-scoarta.jpg\">\u00a0<\/a>[\/vc_column_text][\/vc_column][\/vc_row][vc_row el_class=&#8221;mobile&#8221;][vc_column width=&#8221;1\/2&#8243;][vc_single_image image=&#8221;6653&#8243; img_size=&#8221;full&#8221;][\/vc_column][vc_column width=&#8221;1\/2&#8243;][vc_column_text]A t\u0171level\u0171 fak\u00e9regb\u0151l k\u00e9sz\u00fclt komposzt egy term\u00e9szetes term\u00e9k, amelyet az \u00d6n kertje vagy a z\u00f6ld k\u00f6zter\u00fcletek k\u00fcl\u00f6nleges ki\u00e9p\u00edt\u00e9s\u00e9re aj\u00e1nlunk, amelynek ugyanakkor a talaj min\u0151s\u00e9g\u00e9re n\u00e9zve is re\u00e1lis el\u0151nyei vannak. A term\u00e9szetes sz\u00edn\u00e9vel, ez a mulcs \u00e1ltal\u00e1ban t\u0171level\u0171 fak\u00e9regb\u0151l k\u00e9sz\u00fcl, \u00a0amely fel van apr\u00f3zva \u00e9s k\u00fcl\u00f6nb\u00f6z\u0151 m\u00e9retekben \u00e1ll a rendelkez\u00e9s\u00fckre.<\/p>\n<p>A nat\u00far k\u00e9reg legink\u00e1bb a savas vagy enyh\u00e9n savas talajt kedvel\u0151 n\u00f6v\u00e9nyeknek ide\u00e1lis, egy kb. 4, 5-6 pH \u00e9rt\u00e9kkel. Nagy takar\u00f3k\u00e9pess\u00e9ggel, a nat\u00far k\u00e9reg visszafogja tartani a talajban a vizet, \u00e9s a savas talajt kedvel\u0151 n\u00f6v\u00e9nyeknek, de nem csak, egy ide\u00e1lis nedvess\u00e9get fog biztos\u00edtani. Elvileg ez a t\u0171level\u0171 fak\u00e9regb\u0151l k\u00e9sz\u00fclt komposzt, egy mulcs aspektussal \u00e9s tulajdons\u00e1gokkal rendelkez\u0151 tr\u00e1gya, amelyet mindk\u00e9t c\u00e9lb\u00f3l lehet haszn\u00e1lni.<\/p>\n<p>A nat\u00far k\u00e9reg egy k\u00fcl\u00f6nleges t\u00e1jrendez\u00e9si tervnek a lehet\u0151s\u00e9g\u00e9t ny\u00fajtja, att\u00f3l f\u00fcggetlen\u00fcl, hogy saj\u00e1t vagy k\u00f6z\u00f6ss\u00e9gi projektr\u0151l lenne sz\u00f3. A term\u00e9szetes sz\u00edne \u00e9s a darabok m\u00e9ret\u00e9nek soksz\u00edn\u0171s\u00e9ge kontrasztot fog ny\u00fajtani a n\u00f6v\u00e9nyek frissess\u00e9g\u00e9vel \u00e9s aspektus\u00e1val, kiemelve ezek sz\u00edneit. A term\u00e9szetes k\u00e9regb\u0151l sz\u00e1rmaz\u00f3 mulcsot dekorat\u00edv t\u00e1rgyakkal d\u00edsz\u00edtett k\u00fcls\u0151 helyis\u00e9gek t\u00e9relrendez\u00e9s\u00e9hez is felhaszn\u00e1lhatjuk. K\u00f6vetkez\u00e9sk\u00e9ppen, a z\u00f6ld \u00f6vezetek t\u00e9relrendez\u00e9s\u00e9t csak az \u00d6n k\u00e9pzel\u0151ereje korl\u00e1tozza, mi pedig rendelkez\u00e9sre \u00e1ll\u00edtjuk a sz\u00fcks\u00e9ges elemeket. Figyelem el\u0151tt tartva a funkcion\u00e1lis \u00e9s a nat\u00far k\u00e9reg dekorat\u00edv el\u0151nyeit, b\u00e1rmely z\u00f6ld \u00f6vezet ki\u00e9p\u00edt\u00e9s\u00e9hez \u00e1llunk rende\u00e9lkez\u00e9s\u00fckre a term\u00e9szetbar\u00e1t term\u00e9keinkkel.[\/vc_column_text][\/vc_column][\/vc_row][vc_row][vc_column][vc_cta h2=&#8221;K\u00e9rje a term\u00e9szetes k\u00e9reg aj\u00e1nlat\u00e1t&#8221; color=&#8221;green&#8221; add_button=&#8221;right&#8221; btn_title=&#8221;K\u00e9rjen aj\u00e1nlatot&#8221; btn_color=&#8221;green&#8221; btn_link=&#8221;url:https%3A%2F%2Fwww.mulch.ro%2Fhu%2Fkerj-szines-mulcs-ajanlatot%2F|||&#8221;][\/vc_cta][\/vc_column][\/vc_row]<\/p>\n","protected":false},"excerpt":{"rendered":"<p>[vc_row el_class=&#8221;desktop&#8221;][vc_column][vc_column_text] Nat\u00far k\u00e9reg A t\u0171level\u0171 fak\u00e9regb\u0151l k\u00e9sz\u00fclt komposzt egy term\u00e9szetes term\u00e9k, amelyet az \u00d6n kertje vagy a z\u00f6ld k\u00f6zter\u00fcletek k\u00fcl\u00f6nleges ki\u00e9p\u00edt\u00e9s\u00e9re aj\u00e1nlunk, amelynek ugyanakkor a talaj min\u0151s\u00e9g\u00e9re n\u00e9zve is re\u00e1lis el\u0151nyei vannak. A term\u00e9szetes sz\u00edn\u00e9vel, ez a mulcs \u00e1ltal\u00e1ban t\u0171level\u0171 fak\u00e9regb\u0151l k\u00e9sz\u00fcl, \u00a0amely fel van apr\u00f3zva \u00e9s k\u00fcl\u00f6nb\u00f6z\u0151 m\u00e9retekben \u00e1ll a rendelkez\u00e9s\u00fckre. A nat\u00far [&hellip;]<\/p>\n","protected":false},"author":1,"featured_media":0,"parent":7438,"menu_order":0,"comment_status":"closed","ping_status":"closed","template":"","meta":[],"aioseo_notices":[],"_links":{"self":[{"href":"https:\/\/www.mulch.ro\/hu\/wp-json\/wp\/v2\/pages\/7471"}],"collection":[{"href":"https:\/\/www.mulch.ro\/hu\/wp-json\/wp\/v2\/pages"}],"about":[{"href":"https:\/\/www.mulch.ro\/hu\/wp-json\/wp\/v2\/types\/page"}],"author":[{"embeddable":true,"href":"https:\/\/www.mulch.ro\/hu\/wp-json\/wp\/v2\/users\/1"}],"replies":[{"embeddable":true,"href":"https:\/\/www.mulch.ro\/hu\/wp-json\/wp\/v2\/comments?post=7471"}],"version-history":[{"count":2,"href":"https:\/\/www.mulch.ro\/hu\/wp-json\/wp\/v2\/pages\/7471\/revisions"}],"predecessor-version":[{"id":7665,"href":"https:\/\/www.mulch.ro\/hu\/wp-json\/wp\/v2\/pages\/7471\/revisions\/7665"}],"up":[{"embeddable":true,"href":"https:\/\/www.mulch.ro\/hu\/wp-json\/wp\/v2\/pages\/7438"}],"wp:attachment":[{"href":"https:\/\/www.mulch.ro\/hu\/wp-json\/wp\/v2\/media?parent=7471"}],"curies":[{"name":"wp","href":"https:\/\/api.w.org\/{rel}","templated":true}]}}