{"id":7478,"date":"2021-02-23T11:12:35","date_gmt":"2021-02-23T11:12:35","guid":{"rendered":"https:\/\/www.mulch.ro\/kerj-szines-mulcs-ajanlatot\/"},"modified":"2021-02-23T11:12:46","modified_gmt":"2021-02-23T11:12:46","slug":"kerj-szines-mulcs-ajanlatot","status":"publish","type":"page","link":"https:\/\/www.mulch.ro\/hu\/kerj-szines-mulcs-ajanlatot\/","title":{"rendered":"K\u00e9rj sz\u00ednes mulcs aj\u00e1nlatot"},"content":{"rendered":"<p>[vc_row][vc_column width=&#8221;1\/2&#8243;][vc_column_text]<\/p>\n<h3>Aj\u00e1nlatk\u00e9r\u00e9si \u00e1r sz\u00ednes mulcs<\/h3>\n<p><strong>Term\u00e9keinkre n\u00e9z\u0151 b\u0151vebb inform\u00e1ci\u00f3k\u00e9rt \u00e9s kert\u00e9p\u00edt\u00e9szethez haszn\u00e1lt mulcs \u00e1raj\u00e1nlat\u00e9rt k\u00e9rj\u00fck t\u00f6ltse ki az al\u00e1bbi \u0171rlapot vagy l\u00e9pjen vel\u00fcnk telefonon kapcsolatba.<\/strong><\/p>\n<p>K\u00e9rj\u00fck k\u00e9relm\u00e9t min\u00e9l r\u00e9szletesebben mutassa be, hogy egy pontos aj\u00e1nlatot tudjunk \u00d6nnek ny\u00fajtani.[\/vc_column_text][vc_column_text]<iframe loading=\"lazy\" style=\"border: 0;\" tabindex=\"0\" src=\"https:\/\/www.google.com\/maps\/embed?pb=!1m18!1m12!1m3!1d10865.195130227195!2d24.3594574927898!3d47.093213075054145!2m3!1f0!2f0!3f0!3m2!1i1024!2i768!4f13.1!3m3!1m2!1s0x4749f47860dcd8f1%3A0x62b3e64efa0a90f9!2zyJhpZXUtTcSDZ2hlcnXImSA0MjcyOTU!5e0!3m2!1sen!2sro!4v1611835709298!5m2!1sen!2sro\" width=\"600\" height=\"250\" frameborder=\"0\" allowfullscreen=\"allowfullscreen\" aria-hidden=\"false\"><\/iframe>[\/vc_column_text][\/vc_column][vc_column width=&#8221;1\/2&#8243;]<div role=\"form\" class=\"wpcf7\" id=\"wpcf7-f7187-o1\" lang=\"ro-RO\" dir=\"ltr\">\n<div class=\"screen-reader-response\"><p role=\"status\" aria-live=\"polite\" aria-atomic=\"true\"><\/p> <ul><\/ul><\/div>\n<form action=\"\/hu\/wp-json\/wp\/v2\/pages\/7478#wpcf7-f7187-o1\" method=\"post\" class=\"wpcf7-form init\" novalidate=\"novalidate\" data-status=\"init\">\n<div style=\"display: none;\">\n<input type=\"hidden\" name=\"_wpcf7\" value=\"7187\" \/>\n<input type=\"hidden\" name=\"_wpcf7_version\" value=\"5.6.4\" \/>\n<input type=\"hidden\" name=\"_wpcf7_locale\" value=\"ro_RO\" \/>\n<input type=\"hidden\" name=\"_wpcf7_unit_tag\" value=\"wpcf7-f7187-o1\" \/>\n<input type=\"hidden\" name=\"_wpcf7_container_post\" value=\"0\" \/>\n<input type=\"hidden\" name=\"_wpcf7_posted_data_hash\" value=\"\" \/>\n<input type=\"hidden\" name=\"_wpcf7_recaptcha_response\" value=\"\" \/>\n<\/div>\n<p><label> Numele t\u0103u<br \/>\n    <span class=\"wpcf7-form-control-wrap\" data-name=\"your-name\"><input type=\"text\" name=\"your-name\" value=\"\" size=\"40\" class=\"wpcf7-form-control wpcf7-text wpcf7-validates-as-required\" aria-required=\"true\" aria-invalid=\"false\" \/><\/span> <\/label><\/p>\n<p><label> Emailul t\u0103u<br \/>\n    <span class=\"wpcf7-form-control-wrap\" data-name=\"your-email\"><input type=\"email\" name=\"your-email\" value=\"\" size=\"40\" class=\"wpcf7-form-control wpcf7-text wpcf7-email wpcf7-validates-as-required wpcf7-validates-as-email\" aria-required=\"true\" aria-invalid=\"false\" \/><\/span> <\/label><\/p>\n<p><label> Subiect<br \/>\n    <span class=\"wpcf7-form-control-wrap\" data-name=\"your-subject\"><input type=\"text\" name=\"your-subject\" value=\"\" size=\"40\" class=\"wpcf7-form-control wpcf7-text wpcf7-validates-as-required\" aria-required=\"true\" aria-invalid=\"false\" \/><\/span> <\/label><\/p>\n<p><label> Mesajul t\u0103u (op\u021bional)<br \/>\n    <span class=\"wpcf7-form-control-wrap\" data-name=\"your-message\"><textarea name=\"your-message\" cols=\"40\" rows=\"10\" class=\"wpcf7-form-control wpcf7-textarea\" aria-invalid=\"false\"><\/textarea><\/span> <\/label><\/p>\n<p><input type=\"submit\" value=\"Trimite\" class=\"wpcf7-form-control has-spinner wpcf7-submit\" \/><\/p>\n<p style=\"display: none !important;\"><label>&#916;<textarea name=\"_wpcf7_ak_hp_textarea\" cols=\"45\" rows=\"8\" maxlength=\"100\"><\/textarea><\/label><input type=\"hidden\" id=\"ak_js_1\" name=\"_wpcf7_ak_js\" value=\"10\"\/><script>document.getElementById( \"ak_js_1\" ).setAttribute( \"value\", ( new Date() ).getTime() );<\/script><\/p><div class=\"wpcf7-response-output\" aria-hidden=\"true\"><\/div><\/form><\/div>[\/vc_column][\/vc_row]<\/p>\n","protected":false},"excerpt":{"rendered":"<p>[vc_row][vc_column width=&#8221;1\/2&#8243;][vc_column_text] Aj\u00e1nlatk\u00e9r\u00e9si \u00e1r sz\u00ednes mulcs Term\u00e9keinkre n\u00e9z\u0151 b\u0151vebb inform\u00e1ci\u00f3k\u00e9rt \u00e9s kert\u00e9p\u00edt\u00e9szethez haszn\u00e1lt mulcs \u00e1raj\u00e1nlat\u00e9rt k\u00e9rj\u00fck t\u00f6ltse ki az al\u00e1bbi \u0171rlapot vagy l\u00e9pjen vel\u00fcnk telefonon kapcsolatba. K\u00e9rj\u00fck k\u00e9relm\u00e9t min\u00e9l r\u00e9szletesebben mutassa be, hogy egy pontos aj\u00e1nlatot tudjunk \u00d6nnek ny\u00fajtani.[\/vc_column_text][vc_column_text][\/vc_column_text][\/vc_column][vc_column width=&#8221;1\/2&#8243;][\/vc_column][\/vc_row]<\/p>\n","protected":false},"author":1,"featured_media":0,"parent":0,"menu_order":0,"comment_status":"open","ping_status":"open","template":"","meta":[],"aioseo_notices":[],"_links":{"self":[{"href":"https:\/\/www.mulch.ro\/hu\/wp-json\/wp\/v2\/pages\/7478"}],"collection":[{"href":"https:\/\/www.mulch.ro\/hu\/wp-json\/wp\/v2\/pages"}],"about":[{"href":"https:\/\/www.mulch.ro\/hu\/wp-json\/wp\/v2\/types\/page"}],"author":[{"embeddable":true,"href":"https:\/\/www.mulch.ro\/hu\/wp-json\/wp\/v2\/users\/1"}],"replies":[{"embeddable":true,"href":"https:\/\/www.mulch.ro\/hu\/wp-json\/wp\/v2\/comments?post=7478"}],"version-history":[{"count":5,"href":"https:\/\/www.mulch.ro\/hu\/wp-json\/wp\/v2\/pages\/7478\/revisions"}],"predecessor-version":[{"id":7483,"href":"https:\/\/www.mulch.ro\/hu\/wp-json\/wp\/v2\/pages\/7478\/revisions\/7483"}],"wp:attachment":[{"href":"https:\/\/www.mulch.ro\/hu\/wp-json\/wp\/v2\/media?parent=7478"}],"curies":[{"name":"wp","href":"https:\/\/api.w.org\/{rel}","templated":true}]}}