{"id":7486,"date":"2020-04-03T10:52:12","date_gmt":"2020-04-03T10:52:12","guid":{"rendered":"https:\/\/www.mulch.ro\/termeni-si-conditii\/"},"modified":"2021-02-23T11:15:31","modified_gmt":"2021-02-23T11:15:31","slug":"felhasznalasi-feltetelek","status":"publish","type":"page","link":"https:\/\/www.mulch.ro\/hu\/felhasznalasi-feltetelek\/","title":{"rendered":"Felhaszn\u00e1l\u00e1si felt\u00e9telek"},"content":{"rendered":"<h1>Aktualiz\u00e1l\u00e1si folyamat alatt \u00e1ll\u00f3 oldal<\/h1>\n","protected":false},"excerpt":{"rendered":"<p>Aktualiz\u00e1l\u00e1si folyamat alatt \u00e1ll\u00f3 oldal<\/p>\n","protected":false},"author":1,"featured_media":0,"parent":0,"menu_order":0,"comment_status":"closed","ping_status":"closed","template":"","meta":[],"aioseo_notices":[],"_links":{"self":[{"href":"https:\/\/www.mulch.ro\/hu\/wp-json\/wp\/v2\/pages\/7486"}],"collection":[{"href":"https:\/\/www.mulch.ro\/hu\/wp-json\/wp\/v2\/pages"}],"about":[{"href":"https:\/\/www.mulch.ro\/hu\/wp-json\/wp\/v2\/types\/page"}],"author":[{"embeddable":true,"href":"https:\/\/www.mulch.ro\/hu\/wp-json\/wp\/v2\/users\/1"}],"replies":[{"embeddable":true,"href":"https:\/\/www.mulch.ro\/hu\/wp-json\/wp\/v2\/comments?post=7486"}],"version-history":[{"count":1,"href":"https:\/\/www.mulch.ro\/hu\/wp-json\/wp\/v2\/pages\/7486\/revisions"}],"predecessor-version":[{"id":7488,"href":"https:\/\/www.mulch.ro\/hu\/wp-json\/wp\/v2\/pages\/7486\/revisions\/7488"}],"wp:attachment":[{"href":"https:\/\/www.mulch.ro\/hu\/wp-json\/wp\/v2\/media?parent=7486"}],"curies":[{"name":"wp","href":"https:\/\/api.w.org\/{rel}","templated":true}]}}