{"id":7489,"date":"2020-04-03T10:44:26","date_gmt":"2020-04-03T10:44:26","guid":{"rendered":"https:\/\/www.mulch.ro\/politica-de-confidentialitate\/"},"modified":"2021-02-23T11:17:25","modified_gmt":"2021-02-23T11:17:25","slug":"adatvedelmi-iranyelvek","status":"publish","type":"page","link":"https:\/\/www.mulch.ro\/hu\/adatvedelmi-iranyelvek\/","title":{"rendered":"Adatv\u00e9delmi ir\u00e1nyelvek"},"content":{"rendered":"<p>[vc_row][vc_column][vc_column_text]<\/p>\n<ol>\n<li><strong>\u00c1ltal\u00e1nos inform\u00e1ci\u00f3k<\/strong><\/li>\n<\/ol>\n<p>A mulch.ro, sz\u00e9khelye: Comuna \u0218ieu-M\u0103gheru\u0219 <em>\/Saj\u00f3magyar\u00f3s\/<\/em>, judetul Bistri\u021ba-N\u0103s\u0103ud <em>\/Beszterce-Nasz\u00f3d megye<\/em>\/, Rom\u00e1nia, adatkezel\u0151 min\u0151s\u00e9gben, egyik legfontosabb elfoglalts\u00e1ga az \u00d6n szem\u00e9lyes jelleg\u0171 adatainak v\u00e9delme.<\/p>\n<p>Ennek a dokumentumnak az a szerepe, hogy t\u00e1j\u00e9koztassa \u00d6nt a szem\u00e9lyes jelleg\u0171 adatainak a feldolgoz\u00e1s\u00e1ra n\u00e9zve, a mulch.ro (\u201eSite\u201d) internetes oldal haszn\u00e1lat\u00e1nak kontextus\u00e1ban.<\/p>\n<ol>\n<li><strong>A feldolgozott szem\u00e9lyes jelleg\u0171 adatok kateg\u00f3ri\u00e1i<\/strong><\/li>\n<\/ol>\n<p><strong>II.2.<\/strong> Ha \u00d6n a Site l\u00e1togat\u00f3ja, a mulch.ro \u00fcgyint\u00e9z\u0151je k\u00f6zvetlen\u00fcl fel fogja dolgozni az \u00d6n \u00e1ltal szolg\u00e1ltatatott szem\u00e9lyes jelleg\u0171 adatait a Site haszn\u00e1lata kontextusban, mint p\u00e9ld\u00e1ul a kapcsolat \/ k\u00e9rd\u00e9sek \/ panaszok szakaszokban megadott adatok, amennyiben \u00edgy l\u00e9p vel\u00fcnk kapcsolatba.<\/p>\n<p><strong>III. <\/strong><strong>A feldolgoz\u00e1s c\u00e9ljai \u00e9s alapjai<\/strong><\/p>\n<p><strong>Az \u00d6n datainak erre a c\u00e9lra val\u00f3 szolg\u00e1ltat\u00e1sa \u00f6nk\u00e9ntes.<\/strong> Az \u00d6n adatainak feldolgoz\u00e1s\u00e1ra n\u00e9z\u0151 beleegyez\u00e9s elutas\u00edt\u00e1sa, erre a c\u00e9lra vonatkoz\u00f3an, nem lesznek \u00d6nre n\u00e9zve negat\u00edv k\u00f6vetkezm\u00e9nyei.<\/p>\n<ul>\n<li>K\u00fcl\u00f6nb\u00f6z\u0151 elemz\u00e9sek elv\u00e9gz\u00e9se, a Site m\u0171k\u00f6d\u00e9si m\u00f3dj\u00e1ra val\u00f3 jelent\u00e9sek c\u00e9lj\u00e1b\u00f3l, a fogyaszt\u00e1si preferenci\u00e1k profilj\u00e1nak a l\u00e9trehoz\u00e1sa, legf\u0151k\u00e9ppen, a Site \u00e1ltal aj\u00e1nlott tapasztalat jav\u00edt\u00e1sa \u00e9rdek\u00e9ben t\u00f6rt\u00e9nik.<\/li>\n<\/ul>\n<p><em>Alap<\/em><em>: <\/em><em>Az \u00d6n adatainak erre a c\u00e9lra val\u00f3 feldolgoz\u00e1sa alapja a mulch.ro \u00fcgyint\u00e9z\u0151je azon jogos \u00e9rdeke, hogy folyamatosan jav\u00edtsa a l\u00e1togatok tapasztalat\u00e1t az oldalon.<\/em> <em>\u00d6n \u00f6nk\u00e9ntesen d\u00f6nthet arra n\u00e9zve, ha ebb\u0151l a c\u00e9lb\u00f3l szeretn\u00e9 az adatait megadni.<\/em> <em>Amennyiben elutas\u00edtja az adatai szolg\u00e1ltat\u00e1s\u00e1t, erre a c\u00e9lra n\u00e9zve, \u00d6nre n\u00e9zve nem lesznek negat\u00edv k\u00f6vetkezm\u00e9nyek.<\/em><\/p>\n<p><strong>III.2.<\/strong> Ha \u00d6n a Site l\u00e1togat\u00f3ja, a [website tulajdonosa] k\u00f6vetkez\u0151k\u00e9ppen dolgozza fel az \u00d6n szem\u00e9lyes jelleg\u0171 adatait:<\/p>\n<ul>\n<li>marketing tev\u00e9kenys\u00e9gre, valamint t\u00e1vk\u00f6zl\u00e9si eszk\u00f6z\u00f6k \u00e1ltal (e-mail, sms) \u00e1ltal kereskedelmi t\u00e1j\u00e9koztat\u00e1sra a [website tulajdonosa] \u00e1ltal aj\u00e1nlott term\u00e9kekre \u00e9s szolg\u00e1ltat\u00e1sokra, a Site-on kereszt\u00fcl.<\/li>\n<\/ul>\n<p><em>Alap: Az \u00d6n erre a c\u00e9lra val\u00f3 adatainak a feldolgoz\u00e1s\u00e1nak alapja az \u00d6n \u00e1ltal kinyilv\u00e1n\u00edtott beleegyez\u00e9se, ha \u00fagy d\u00f6nt, hogy ezeket meg akarja adni.<\/em><\/p>\n<p>Ebb\u0151l a c\u00e9lb\u00f3l kifejezheti beleegyez\u00e9s\u00e9t az adatok feldolgoz\u00e1s\u00e1ra a megfelel\u0151 \u0171rlap kit\u00f6lt\u00e9se \u00e9s a megfelel\u0151 rovat kijel\u00f6l\u00e9se \u00e1ltal a Site-on el\u00e9rhet\u0151 Newsleter-re val\u00f3 feliratkoz\u00e1ssal. Ilyen t\u00edpus\u00fa kereskedelmi k\u00f6zlem\u00e9nyek k\u00fcld\u00e9s\u00e9r\u0151l val\u00f3 leiratkoz\u00e1s\u00e9rt felhaszn\u00e1lhatja mindegyik e-mailben\/ sms-ben a v\u00e9g\u00e9n k\u00f6z\u00f6lt opci\u00f3t.<\/p>\n<p>Az \u00d6n datainak erre a c\u00e9lra val\u00f3 szolg\u00e1ltat\u00e1sa \u00f6nk\u00e9ntes. Az \u00d6n adatainak feldolgoz\u00e1s\u00e1ra n\u00e9z\u0151 beleegyez\u00e9s elutas\u00edt\u00e1sa, erre a c\u00e9lra vonatkoz\u00f3an, nem lesznek \u00d6nre n\u00e9zve negat\u00edv k\u00f6vetkezm\u00e9nyei.<\/p>\n<ul>\n<li>a panaszok, k\u00e9relmek rendez\u00e9se \u00e9s az adatforgalom figyel\u00e9se \u00e9rdek\u00e9ben \u00e9s az\u00e9rt, hogy a Site-on jav\u00edtsuk az \u00d6n tapasztalat\u00e1t.<\/li>\n<\/ul>\n<p><em>Alap<\/em><em>: <\/em><em>Az \u00d6n erre a c\u00e9lra val\u00f3 adatainak a feldolgoz\u00e1s\u00e1nak alapja a [website tulajdonosa] azon jogos \u00e9rdeke, hogy biztos\u00edtsa a Site helyes m\u0171k\u00f6d\u00e9s\u00e9t valamint az, hogy folyamatosan jav\u00edtsa a l\u00e1togatok tapasztalat\u00e1t az oldalon<\/em><em>, <\/em><em>bele\u00e9rtve a k\u00fcl\u00f6nb\u00f6z\u0151 hozz\u00e1sz\u00f3l\u00e1sok, k\u00e9rd\u00e9sek \u00e9s panaszok rendez\u00e9s\u00e9t.<\/em><\/p>\n<p>Az \u00d6n datainak erre a c\u00e9lra val\u00f3 szolg\u00e1ltat\u00e1sa \u00f6nk\u00e9ntes. Az \u00d6n adatainak feldolgoz\u00e1s\u00e1ra n\u00e9z\u0151 beleegyez\u00e9s elutas\u00edt\u00e1sa, erre a c\u00e9lra vonatkoz\u00f3an, nem lesznek \u00d6nre n\u00e9zve negat\u00edv k\u00f6vetkezm\u00e9nyei.<\/p>\n<ol>\n<li><strong>Az \u00d6n adatainak feldolgoz\u00e1si tartama<\/strong><\/li>\n<\/ol>\n<p>Elvk\u00e9nt, a mulch.ro \u00fcgyint\u00e9z\u0151je a fent eml\u00edtett feldolgoz\u00e1si c\u00e9l kivitelez\u00e9s\u00e9ig fogja az \u00d6n szem\u00e9lyes jelleg\u0171 adatait feldolgozni.<\/p>\n<ol>\n<li><strong>A szem\u00e9lyes jelleg\u0171 adatok nyilv\u00e1noss\u00e1gra hozatala<\/strong><\/li>\n<\/ol>\n<p>A feldolgoz\u00e1si c\u00e9lok teljes\u00edt\u00e9se \u00e9rdek\u00e9ben, a mulch.ro \u00fcgyint\u00e9z\u0151je a mulch.ro t\u00e1mogat\u00f3 partnereinek, harmadik szem\u00e9lynek vagy k\u00f6zrem\u0171k\u00f6d\u0151inek k\u00f6zz\u00e9 teheti az \u00d6n adatait az oldal \u00e1ltal v\u00e9gzett tev\u00e9kenys\u00e9gr\u0151l (p\u00e9ld\u00e1ul fut\u00e1rszolg\u00e1lat, IT szolg\u00e1ltat\u00f3k, vagy a helyi\/k\u00f6zponti hat\u00f3s\u00e1goknak, a lentebb szeml\u00e9ltetett esetekben:<\/p>\n<ul>\n<li>a Site kezel\u00e9s\u00e9se \u00e9rdek\u00e9ben;<\/li>\n<li>azokban az esetekben, amikor ez a k\u00f6zl\u00e9s sz\u00fcks\u00e9ges lenne az \u00e9rintett szem\u00e9lyekre n\u00e9zve, d\u00edjak oda\u00edt\u00e9l\u00e9s\u00e9hez vagy egy\u00e9b el\u0151ny\u00f6k \u00e1tenged\u00e9lyez\u00e9s\u00e9hez, k\u00fcl\u00f6nb\u00f6z\u0151 a [website tulajdonosa]\u00a0 \u00e1ltal a Site-on kereszt\u00fcl szervezett kamp\u00e1nyokban val\u00f3 r\u00e9szv\u00e9tel k\u00f6vetkezt\u00e9ben;<\/li>\n<li>a Site \u00e9s a Site-on kereszt\u00fcl lebonyol\u00edtott szolg\u00e1ltat\u00e1sok fenntart\u00e1sa, testre szab\u00e1sa \u00e9s jav\u00edt\u00e1sa \u00e9rdek\u00e9ben;<\/li>\n<li>az adatok elemz\u00e9s\u00e9nek elv\u00e9gz\u00e9se \u00e9rdek\u00e9ben, tesztel\u00e9sre \u00e9s kutat\u00e1sra, a felhaszn\u00e1l\u00e1si \u00e9s tev\u00e9kenys\u00e9gi tendenci\u00e1kra, a biztons\u00e1gi jellemz\u0151k fejleszt\u00e9s\u00e9re \u00e9s a felhaszn\u00e1lok azonos\u00edt\u00e1s\u00e1ra;<\/li>\n<li>marketing kereskedelmi k\u00f6zlem\u00e9nyek k\u00fcld\u00e9s\u00e9re, a t\u00f6rv\u00e9ny \u00e1ltal el\u0151\u00edrt keretek k\u00f6z\u00f6tt;<\/li>\n<li>amikor az adatok nyilv\u00e1noss\u00e1gra hozatal\u00e1t a t\u00f6rv\u00e9ny el\u0151\u00edrja stb .<\/li>\n<\/ul>\n<ol>\n<li><strong>Szem\u00e9lyes jelleg\u0171 adatok tov\u00e1bb\u00edt\u00e1sa<\/strong><\/li>\n<\/ol>\n<p>A\u00a0 [website tulajdonosa]\u00a0 fel\u00e9 k\u00f6z\u00f6lt szem\u00e9lyes jelleg\u0171 adatokat Rom\u00e1ni\u00e1n k\u00edv\u00fclre is tov\u00e1bb\u00edtni lehet, de csak az Eur\u00f3pai Uni\u00f3 \u00e1llamainak.<\/p>\n<p><strong>VII. <\/strong><strong>Az \u00d6n jogai<\/strong><\/p>\n<p>A szem\u00e9lyes jelleg\u0171 adatok feldolgoz\u00e1s\u00e1ra n\u00e9z\u0151 t\u00f6rv\u00e9nykez\u00e9sben el\u0151\u00edrt felt\u00e9teleknek megfelel\u0151en, mint \u00e9rintett szem\u00e9lyeknek, a k\u00f6vetkez\u0151 jogaik vannak:<\/p>\n<ul>\n<li>t\u00e1j\u00e9koztat\u00e1si jog, illetve a [website tulajdonosa]\u00a0 \u00e1ltal elv\u00e9gzett feldolgoz\u00e1si tev\u00e9kenys\u00e9g r\u00e9szleteire n\u00e9z\u0151 jog, jelen dokumentumban el\u0151\u00edrtaknak megfelel\u0151en;<\/li>\n<li>adatokhoz val\u00f3 hozz\u00e1f\u00e9r\u00e9si jog, illetve a [website tulajdonosa]\u00a0 \u00e1ltal igazol\u00e1s megszerz\u00e9se, a szem\u00e9lyes adatok feldolgoz\u00e1s\u00e1ra n\u00e9zve, valamint a feldolgoz\u00e1si tev\u00e9kenys\u00e9g r\u00e9szleteire n\u00e9zve, illetve az adatok feldolgoz\u00e1si m\u00f3dj\u00e1r\u00f3l, a feldolgoz\u00e1s c\u00e9ljair\u00f3l, az adatok c\u00edmzettjeir\u0151l vagy c\u00edmzettek kateg\u00f3ri\u00e1j\u00e1ra n\u00e9zve, stb.;<\/li>\n<li>helyesb\u00edt\u00e9shez val\u00f3 jog, illetve a nem pontos\/ indokolatlan szem\u00e9lyes jelleg\u0171 adatok a [website tulajdonosa] \u00e1ltal indokolt k\u00e9sedelem n\u00e9lk\u00fcli helyesb\u00edt\u00e9st, valamint a nem teljes adatok kieg\u00e9sz\u00edt\u00e9s\u00e9t; A helyesb\u00edt\u00e9s\/ kieg\u00e9sz\u00edt\u00e9s az \u00f6sszes azon c\u00edmzettnek tov\u00e1bb\u00edtva lesz akik el\u0151z\u0151leg az adatok tulajdon\u00e1ba jutottak, kiv\u00e9telt k\u00e9pezv\u00e9n, amikor ez bizony\u00edtott m\u00f3don nem lehets\u00e9ges vagy pedig ar\u00e1nytalan er\u0151fesz\u00edt\u00e9shez vezetne.<\/li>\n<li>Az adatok t\u00f6rl\u00e9s\u00e9hez val\u00f3 jog, indokolatlan k\u00e9sedelmek n\u00e9lk\u00fcl (\u201eaz elfeledtet\u00e9shez val\u00f3 jog\u201d), abban az esetben ha alkalmazand\u00f3kk\u00e1 v\u00e1lnak a k\u00f6vetkez\u0151 okok egyike:\n<ul>\n<li>ezekre m\u00e1r nincs sz\u00fcks\u00e9g azokra a c\u00e9lokra n\u00e9zve, amelyek miatt \u00f6ssze lettek gy\u0171jtve vagy fel voltak dolgozva;<\/li>\n<li>abban az esetben ha a beleegyez\u00e9s vissza lett vonva \u00e9s nincs m\u00e1s t\u00f6rv\u00e9nyes alap a feldolgoz\u00e1sra;<\/li>\n<li>abban az esetben, amikor az \u00e9rintett szem\u00e9ly ellen\u00e1ll a feldolgoz\u00e1snak \u00e9s nincsenek els\u0151bbs\u00e9get \u00e9lvez\u0151 legitim okok;<\/li>\n<li>abban az esetben, ha a szem\u00e9lyes jelleg\u0171 adatok nem t\u00f6rv\u00e9nyesen voltak feldolgozva;<\/li>\n<li>abban az esetben, ha a szem\u00e9lyes jelleg\u0171 adatokat t\u00f6r\u00f6lni kell egy t\u00f6rv\u00e9nyes k\u00f6telezetts\u00e9g nem teljes\u00edt\u00e9se miatt;<\/li>\n<li>a szem\u00e9lyes jelleg\u0171 adatok \u00f6sszegy\u0171jt\u00e9s\u00e9re az Uni\u00f3s jognak vagy az orsz\u00e1gos jognak megfelel\u0151en inform\u00e1ci\u00f3s t\u00e1rsadalmi szolg\u00e1ltat\u00e1sok aj\u00e1nl\u00e1sa miatt ker\u00fclt sor, amelynek hat\u00e1sa alatt \u00e1ll a kezel\u0151.<\/li>\n<\/ul>\n<\/li>\n<\/ul>\n<p>Lehets\u00e9ges, hogy az adatok t\u00f6rl\u00e9s\u00e9nek k\u00e9relme k\u00f6vetkezt\u00e9ben, a\u00a0 [website tulajdonosa] n\u00e9vtelenn\u00e9 teszi az adatokat (\u00edgy hi\u00e1nyozni fog a szem\u00e9lyes jelleg\u0171k) \u00e9s folytatni fogja ezek feldolgoz\u00e1s\u00e1t statisztikai c\u00e9lokra;<\/p>\n<ul>\n<li>a feldolgoz\u00e1s korl\u00e1toz\u00e1s\u00e1hoz val\u00f3 jog, amennyiben:\n<ul>\n<li>a szem\u00e9ly vitatja az adatok pontoss\u00e1g\u00e1t, egy olyan peri\u00f3dusig, amely megengedi az adatok helyess\u00e9g\u00e9nek a meg\u00e1llap\u00edt\u00e1s\u00e1t;<\/li>\n<li>a feldolgoz\u00e1s t\u00f6rv\u00e9nytelen, az \u00e9rintett szem\u00e9ly pedig ellen\u00e1ll a szem\u00e9lyes jelleg\u0171 adatok t\u00f6rl\u00e9s\u00e9nek, helyette k\u00e9relmezi haszn\u00e1latuknak a korl\u00e1toz\u00e1s\u00e1t;<\/li>\n<li>a kezel\u0151nek m\u00e1r nincs sz\u00fcks\u00e9ge feldolgozni a szem\u00e9lyes jelleg\u0171 adatokat, de az \u00e9rintett szem\u00e9ly k\u00e9relmezi ezeket a b\u00edr\u00f3s\u00e1gon val\u00f3 fellebbez\u00e9si jog, egy jog gyakorl\u00e1s\u00e1ra vagy egy jog\u00e1nak a megv\u00e9d\u00e9s\u00e9re n\u00e9zve; vagy<\/li>\n<li>az \u00e9rintett szem\u00e9ly ellenezte a feldolgoz\u00e1st (egyebek, mint a k\u00f6zvetlen marketing), arra a peri\u00f3dusra, amelyben megvizsg\u00e1lj\u00e1k azt, ha a kezel\u0151 jogai nem \u00e9lveznek els\u0151bbs\u00e9get az \u00e9rintett szem\u00e9ly jogaival szemben.<\/li>\n<\/ul>\n<\/li>\n<li>Az adatok hordozhat\u00f3s\u00e1g\u00e1hoz val\u00f3 jog, illetve (i) egy struktur\u00e1lt m\u00f3don val\u00f3 szem\u00e9lyes jelleg\u0171 adatok \u00e1tad\u00e1s\u00e1ra val\u00f3 jog, \u00e1ltal\u00e1nos \u00e9s k\u00f6nnyen olvashat\u00f3 m\u00f3don felhaszn\u00e1lva, valamint (ii) az a jog, hogy ezeket az adatokat a [website tulajdonosa] \u00e1tadja egy m\u00e1sik adatkezel\u0151nek, amennyiben teljes\u00edtve vannak a t\u00f6rv\u00e9ny \u00e1ltal el\u0151\u00edrt k\u00f6vetelm\u00e9nyek;<\/li>\n<li>a tiltakoz\u00e1shoz val\u00f3 jog \u2013 a feldolgoz\u00e1si tev\u00e9kenys\u00e9gre n\u00e9zve gyakorolni lehet egy k\u00e9relem elk\u00fcld\u00e9se \u00e1ltal, az al\u00e1bbiak szerint;\n<ul>\n<li>b\u00e1rmelyik id\u0151pontban, az \u00e9rintett szem\u00e9ly szem\u00e9lyes helyzet\u00e9hez k\u00f6t\u00f6tt okb\u00f3l, hogy az \u00e9rintett adatok a [website tulajdonosa] legitim \u00e9rdek\u00e9ben legyenek feldolgozva, vagy a k\u00f6z\u00e9rdek alapj\u00e1n, kiv\u00e9tel, amikor a [website tulajdonosa] bizony\u00edtani tudja, hogy legitim \u00e9s k\u00e9nyszer\u00edt\u0151 okai vannak, amelyek igazolj\u00e1k a feldolgoz\u00e1st, \u00e9s amelyek els\u0151bbs\u00e9get \u00e9lveznek az \u00e9rintett szem\u00e9lyek \u00e9rdekei, jogai \u00e9s szabads\u00e1gjogaival szemben vagy ha a c\u00e9l egy a b\u00edr\u00f3s\u00e1gon megfellebbezend\u0151, gyakorland\u00f3 vagy megv\u00e9dend\u0151 jog;<\/li>\n<li>b\u00e1rmely id\u0151pontban, ingyenes m\u00f3don \u00e9s minden indokl\u00e1s n\u00e9lk\u00fcl, hogy az \u0151t \u00e9rintett adatok k\u00f6zvetlen marketing c\u00e9lra legyenek felhaszn\u00e1lva.<\/li>\n<\/ul>\n<\/li>\n<li>az a jog, hogy ne legyen al\u00e1vetve egy automatikus egy\u00e9ni d\u00f6nt\u00e9snek, valamint az a jog, hogy ne legyen alanya egy olyan d\u00f6nt\u00e9snek, amelyet egy automatikus feldolgoz\u00e1s folyt\u00e1n hoztak, bele\u00e9rtve olyan profilok l\u00e9trehoz\u00e1s\u00e1t, amelyek az \u00e9rintett szem\u00e9lyre n\u00e9zve jogi k\u00f6vetkezm\u00e9nyeket hozn\u00e1nak l\u00e9tre vagy hasonl\u00f3 m\u00f3don hat\u00e1st gyakorolhatn\u00e1nak r\u00e1;<\/li>\n<li>az a jog, hogy, amennyiben sz\u00fcks\u00e9g\u00e9t \u00e9rzi kapcsolatba l\u00e9pjen az Autoritatea Na\u0163ional\u0103 de Supraveghere a Prelucr\u0103rii Datelor cu Caracter Personal <em>\/<\/em><em>Szem\u00e9lyes Adatok Feldolgoz\u00e1s\u00e1nak Fel\u00fcgyel\u00e9s\u00e9\u00e9rt Felel\u0151s Orsz\u00e1gos Hat\u00f3s\u00e1g\/<\/em> int\u00e9zm\u00e9nnyel vagy az illet\u00e9kes b\u00edr\u00f3s\u00e1gokkal.<\/li>\n<\/ul>\n<p>Az ism\u00e9telt t\u00f6rl\u00e9si k\u00e9relmek, az alaptalan vagy a t\u00falzott k\u00e9relmek 10 eur\u00f3 per k\u00e9rv\u00e9ny d\u00edjjal lesznek s\u00fajtva. Az erre l\u00e9trehozott oldalon mindegyik kijel\u00f6l\u00e9s k\u00e9rv\u00e9nyt jelent, ahol k\u00f6vetni tudja a site-on tett bejegyz\u00e9seit.<\/p>\n<p>A szem\u00e9lyes jelleg\u0171 adatok feldolgoz\u00e1si m\u00f3dj\u00e1ra n\u00e9z\u0151 egy\u00e9b k\u00e9rd\u00e9sekkel \u00e9s, hogy gyakorolja a fent eml\u00edtett jogait, k\u00e9rj\u00fck l\u00e9pjen vel\u00fcnk kapcsolatba a k\u00f6vetkez\u0151 e-mail c\u00edmen: office@mulch.ro<\/p>\n<p>Ez az internetes oldal s\u00fcti t\u00edpus\u00fa f\u00e1jlokat haszn\u00e1l. Ezeknek a f\u00e1jloknak a felhaszn\u00e1l\u00e1si m\u00f3dj\u00e1ra n\u00e9z\u0151 b\u0151vebb inform\u00e1ci\u00f3k\u00e9rt, k\u00e9rj\u00fck nyissa meg a <u>k\u00f6vetkez\u0151 linket.<\/u><\/p>\n<p>[\/vc_column_text][\/vc_column][\/vc_row]<\/p>\n","protected":false},"excerpt":{"rendered":"<p>[vc_row][vc_column][vc_column_text] \u00c1ltal\u00e1nos inform\u00e1ci\u00f3k A mulch.ro, sz\u00e9khelye: Comuna \u0218ieu-M\u0103gheru\u0219 \/Saj\u00f3magyar\u00f3s\/, judetul Bistri\u021ba-N\u0103s\u0103ud \/Beszterce-Nasz\u00f3d megye\/, Rom\u00e1nia, adatkezel\u0151 min\u0151s\u00e9gben, egyik legfontosabb elfoglalts\u00e1ga az \u00d6n szem\u00e9lyes jelleg\u0171 adatainak v\u00e9delme. Ennek a dokumentumnak az a szerepe, hogy t\u00e1j\u00e9koztassa \u00d6nt a szem\u00e9lyes jelleg\u0171 adatainak a feldolgoz\u00e1s\u00e1ra n\u00e9zve, a mulch.ro (\u201eSite\u201d) internetes oldal haszn\u00e1lat\u00e1nak kontextus\u00e1ban. A feldolgozott szem\u00e9lyes jelleg\u0171 adatok kateg\u00f3ri\u00e1i II.2. [&hellip;]<\/p>\n","protected":false},"author":1,"featured_media":0,"parent":0,"menu_order":0,"comment_status":"closed","ping_status":"closed","template":"","meta":[],"aioseo_notices":[],"_links":{"self":[{"href":"https:\/\/www.mulch.ro\/hu\/wp-json\/wp\/v2\/pages\/7489"}],"collection":[{"href":"https:\/\/www.mulch.ro\/hu\/wp-json\/wp\/v2\/pages"}],"about":[{"href":"https:\/\/www.mulch.ro\/hu\/wp-json\/wp\/v2\/types\/page"}],"author":[{"embeddable":true,"href":"https:\/\/www.mulch.ro\/hu\/wp-json\/wp\/v2\/users\/1"}],"replies":[{"embeddable":true,"href":"https:\/\/www.mulch.ro\/hu\/wp-json\/wp\/v2\/comments?post=7489"}],"version-history":[{"count":1,"href":"https:\/\/www.mulch.ro\/hu\/wp-json\/wp\/v2\/pages\/7489\/revisions"}],"predecessor-version":[{"id":7490,"href":"https:\/\/www.mulch.ro\/hu\/wp-json\/wp\/v2\/pages\/7489\/revisions\/7490"}],"wp:attachment":[{"href":"https:\/\/www.mulch.ro\/hu\/wp-json\/wp\/v2\/media?parent=7489"}],"curies":[{"name":"wp","href":"https:\/\/api.w.org\/{rel}","templated":true}]}}