{"id":7510,"date":"2016-05-14T12:07:45","date_gmt":"2016-05-14T12:07:45","guid":{"rendered":"https:\/\/www.mulch.ro\/shop\/mulch-galben\/"},"modified":"2021-02-24T10:05:34","modified_gmt":"2021-02-24T10:05:34","slug":"sarga-mulcs","status":"publish","type":"product","link":"https:\/\/www.mulch.ro\/hu\/shop\/sarga-mulcs\/","title":{"rendered":"S\u00e1rga Mulcs"},"content":{"rendered":"<p>A kiv\u00e1l\u00f3 min\u0151s\u00e9g\u0171 s\u00e1rga mulcs term\u00e9k Rom\u00e1ni\u00e1ban gy\u00e1rtott \u00e9s azt az eszt\u00e9tikus kontrasztot jelenti, amelyre az \u00d6n kertj\u00e9nek sz\u00fcks\u00e9ge van. Az \u00f6sszet\u00e9tel\u00e9ben tal\u00e1lhat\u00f3 t\u00e1panyagoknak k\u00f6sz\u00f6nhet\u0151en, a n\u00f6v\u00e9nyeket eg\u00e9szs\u00e9gben fogja tartani, az excentrikus sz\u00edn\u00e9vel \u00e9s a fak\u00e9reg design \u00e1ltal pedig megsz\u00e9p\u00edti a ki\u00e9p\u00edtett ter\u00fcletet. 100%-ig term\u00e9szetes m\u00f3don, a ki\u00e9p\u00edtett kert vagy z\u00f6ld \u00f6vezet egy rusztikus k\u00e9pet kap \u00e9s az \u00f6sszes tekintetet mag\u00e1ra fogja vonni.<br \/>\nNagyon k\u00f6nnyen alkalmazhat\u00f3 \u00e9s a talaj takar\u00e1s\u00e1ra n\u00e9zve egy fokozott szintet jelent, a s\u00e1rga mulcs meg fogja akad\u00e1lyozni a gyomok n\u00f6veked\u00e9s\u00e9t, fel fogja tartani a talaj nedvess\u00e9g\u00e9t \u00e9s cs\u00f6kkenti fogja a talaj er\u00f3zi\u00f3j\u00e1t, a n\u00f6v\u00e9nyeknek egy ide\u00e1lis n\u00f6veked\u00e9si \u00e9s fejl\u0151d\u00e9si k\u00f6r\u00fclm\u00e9nyt biztos\u00edtva.<br \/>\nEgy k\u00fcl\u00f6nleges dekorat\u00edv elem \u00e9s t\u00e1panyag tartalm\u00e1nak k\u00f6sz\u00f6nhet\u0151en egy term\u00e9szetes tr\u00e1gya, a s\u00e1rga mulcs egy kiv\u00e1l\u00f3 min\u0151s\u00e9g\u0171 term\u00e9ket jelent \u00e9s a kertek, valamint a z\u00f6ld \u00f6vezetek ki\u00e9p\u00edt\u00e9s\u00e9ben \u00e9s dekor\u00e1ci\u00f3j\u00e1ban egy nagyon \u00e9rt\u00e9kelt anyag.<\/p>\n","protected":false},"excerpt":{"rendered":"<p>A kert vagy egy z\u00f6ld \u00f6vezet ki\u00e9p\u00edt\u00e9s\u00e9hez egy gazdas\u00e1gos m\u00f3dszer, a mulcsoz\u00e1s egy term\u00e9szetes dekor\u00e1ci\u00f3s technika \u00e9s \u00f3vja a n\u00f6v\u00e9nyeket, a f\u00e1kat \u00e9s a vir\u00e1gokat, stb. F\u00e1b\u00f3l gy\u00e1rtott \u00e9s 100% term\u00e9szetes sz\u00ednez\u00e9kkel festve, egy vid\u00e1m \u00e9s pozit\u00edv \u00e1rnyalattal a mulcs fel fogja friss\u00edteni b\u00e1rmelyik t\u00e1jrendez\u00e9si ki\u00e9p\u00edt\u00e9st, ugyanakkor megel\u0151zi a gyomok megjelen\u00e9s\u00e9t, megtartva a talaj megfelel\u0151 nedvess\u00e9g\u00e9t \u00e9s a ki\u00e9p\u00edtett helynek egy rusztikus aspektust \u00e9s kiemel\u0151 sz\u00ednezetet k\u00f6lcs\u00f6n\u00f6z, amely, biztosan ki fogja emelni a n\u00f6v\u00e9nyeit \u00e9s az elhelyezett dekor\u00e1ci\u00f3s t\u00e1rgyakat.<\/p>\n","protected":false},"featured_media":7511,"template":"","meta":[],"aioseo_notices":[],"_links":{"self":[{"href":"https:\/\/www.mulch.ro\/hu\/wp-json\/wp\/v2\/product\/7510"}],"collection":[{"href":"https:\/\/www.mulch.ro\/hu\/wp-json\/wp\/v2\/product"}],"about":[{"href":"https:\/\/www.mulch.ro\/hu\/wp-json\/wp\/v2\/types\/product"}],"wp:featuredmedia":[{"embeddable":true,"href":"https:\/\/www.mulch.ro\/hu\/wp-json\/wp\/v2\/media\/7511"}],"wp:attachment":[{"href":"https:\/\/www.mulch.ro\/hu\/wp-json\/wp\/v2\/media?parent=7510"}],"curies":[{"name":"wp","href":"https:\/\/api.w.org\/{rel}","templated":true}]}}